{"id":494,"date":"2023-08-07T14:37:59","date_gmt":"2023-08-07T11:37:59","guid":{"rendered":"https:\/\/familienberatung-mg.de\/?page_id=494"},"modified":"2023-08-07T14:40:22","modified_gmt":"2023-08-07T11:40:22","slug":"online-danismanlik","status":"publish","type":"page","link":"https:\/\/familienberatung-mg.de\/tr\/calisma-alanlari\/online-danismanlik\/","title":{"rendered":"Online Dan\u0131\u015fmanl\u0131k"},"content":{"rendered":"<section  class='av_textblock_section av-ll0stfgk-398470ec654d15e1c066c55cb3a7d4b5 '   itemscope=\"itemscope\" itemtype=\"https:\/\/schema.org\/CreativeWork\" ><div class='avia_textblock'  itemprop=\"text\" ><p style=\"text-align: justify;\">Hayat\u0131n\u0131zdaki zorluklarla ba\u015fa \u00e7\u0131kmak ve daha mutlu bir gelecek i\u00e7in profesyonel destek mi ar\u0131yorsunuz? Art\u0131k terapiye ula\u015fmak \u00e7ok daha kolay! Online terapilerle, istedi\u011finiz her yerden ve istedi\u011finiz zaman psikolojik destek alabilirsiniz. Eri\u015filebilirlikte yeni bir boyut: Co\u011frafi engeller art\u0131k sorun de\u011fil! Online terapiler sayesinde terapi hizmetlerine daha kolay eri\u015fim sa\u011flayabilirsiniz.<\/p>\n<p style=\"text-align: justify;\">Gizlilik ve Rahatl\u0131k: Kendi evinizin konforunda terapi seanslar\u0131na kat\u0131larak daha rahat ve g\u00fcvende hissedebilirsiniz. Gizlilik en \u00f6nemli \u00f6nceli\u011fimizdir. Esnek Program: Yo\u011fun bir program\u0131n\u0131z m\u0131 var? Online terapilerle seans saatlerini sizin ihtiya\u00e7lar\u0131n\u0131za g\u00f6re ayarlayabiliriz.<\/p>\n<p style=\"text-align: justify;\">Teknoloji Deste\u011fiyle Kalite: Geli\u015fen teknoloji sayesinde daha etkili bir terapi deneyimi ya\u015fay\u0131n. Video g\u00f6r\u00fc\u015fmeler ve mesajla\u015fma uygulamalar\u0131 ile dan\u0131\u015fman\u0131n\u0131zla ba\u011flant\u0131n\u0131z\u0131 g\u00fc\u00e7lendirin. Uzman Kadromuzla Yan\u0131n\u0131zday\u0131z: Alan\u0131nda uzman psikologlar\u0131m\u0131z ve psikolojik dan\u0131\u015fmanlar\u0131m\u0131zla size destek ve \u00e7\u00f6z\u00fcm sunuyoruz.<\/p>\n<p style=\"text-align: justify;\">\u00d6zg\u00fcrce \u0130fade Edin: S\u0131n\u0131rl\u0131 beden dili endi\u015fesi yok! Metin, ses veya video yoluyla tercih etti\u011finiz ileti\u015fim \u015feklini kullanarak duygular\u0131n\u0131z\u0131 \u00f6zg\u00fcrce ifade edebilirsiniz. Online terapilerle hayat\u0131n\u0131zdaki dengeyi yakalay\u0131n ve daha mutlu bir gelece\u011fe ad\u0131m at\u0131n. Size \u00f6zel terapi planlar\u0131yla sorunlar\u0131n\u0131z\u0131 \u00e7\u00f6zmek i\u00e7in buraday\u0131z. Siz de bug\u00fcn ba\u015flamak i\u00e7in bize ula\u015f\u0131n.<\/p>\n<\/div><\/section>\n","protected":false},"excerpt":{"rendered":"","protected":false},"author":1,"featured_media":0,"parent":296,"menu_order":0,"comment_status":"closed","ping_status":"closed","template":"","meta":{"_joinchat":[],"footnotes":""},"class_list":["post-494","page","type-page","status-publish","hentry"],"_links":{"self":[{"href":"https:\/\/familienberatung-mg.de\/tr\/wp-json\/wp\/v2\/pages\/494","targetHints":{"allow":["GET"]}}],"collection":[{"href":"https:\/\/familienberatung-mg.de\/tr\/wp-json\/wp\/v2\/pages"}],"about":[{"href":"https:\/\/familienberatung-mg.de\/tr\/wp-json\/wp\/v2\/types\/page"}],"author":[{"embeddable":true,"href":"https:\/\/familienberatung-mg.de\/tr\/wp-json\/wp\/v2\/users\/1"}],"replies":[{"embeddable":true,"href":"https:\/\/familienberatung-mg.de\/tr\/wp-json\/wp\/v2\/comments?post=494"}],"version-history":[{"count":0,"href":"https:\/\/familienberatung-mg.de\/tr\/wp-json\/wp\/v2\/pages\/494\/revisions"}],"up":[{"embeddable":true,"href":"https:\/\/familienberatung-mg.de\/tr\/wp-json\/wp\/v2\/pages\/296"}],"wp:attachment":[{"href":"https:\/\/familienberatung-mg.de\/tr\/wp-json\/wp\/v2\/media?parent=494"}],"curies":[{"name":"wp","href":"https:\/\/api.w.org\/{rel}","templated":true}]}}