{"id":423,"date":"2023-08-05T01:10:06","date_gmt":"2023-08-04T22:10:06","guid":{"rendered":"https:\/\/familienberatung-mg.de\/?page_id=423"},"modified":"2023-08-05T01:10:06","modified_gmt":"2023-08-04T22:10:06","slug":"cift-ve-aile-danismanligi","status":"publish","type":"page","link":"https:\/\/familienberatung-mg.de\/tr\/calisma-alanlari\/cift-ve-aile-danismanligi\/","title":{"rendered":"\u00c7ift ve Aile Dan\u0131\u015fmanl\u0131\u011f\u0131"},"content":{"rendered":"<section  class='av_textblock_section av-lkx52qks-f03448dafd8813f1be9f1379bc21f4fb '   itemscope=\"itemscope\" itemtype=\"https:\/\/schema.org\/CreativeWork\" ><div class='avia_textblock'  itemprop=\"text\" ><p style=\"text-align: justify;\">\u00c7ift ve aile dan\u0131\u015fmanl\u0131\u011f\u0131 hizmetimizde, sizin i\u00e7in g\u00fc\u00e7l\u00fc ve sa\u011fl\u0131kl\u0131 ili\u015fkilerin temellerini atmaya odaklan\u0131yoruz. Amac\u0131m\u0131z, sizi birbirinizi daha iyi anlamaya ve aran\u0131zdaki ba\u011flar\u0131 g\u00fc\u00e7lendirmeye yard\u0131mc\u0131 olmakt\u0131r. Tutku ve azimle y\u00fcr\u00fctt\u00fc\u011f\u00fcm\u00fcz bu s\u00fcre\u00e7te, empati kurman\u0131za ve ileti\u015fime verdi\u011fimiz \u00f6nem, sizin i\u00e7in en \u00f6nemli \u00f6nceliklerimizden biridir.<\/p>\n<p style=\"text-align: justify;\">Bir ili\u015fki i\u00e7inde, anlay\u0131\u015f, duygusal ba\u011f ve etkili ileti\u015fim b\u00fcy\u00fck \u00f6nem ta\u015f\u0131r. \u0130li\u015fkinizde kar\u015f\u0131l\u0131kl\u0131 olarak empati kurmak, birbirinizin duygusal d\u00fcnyas\u0131n\u0131 anlamak ve kar\u015f\u0131 taraf\u0131n bak\u0131\u015f a\u00e7\u0131s\u0131n\u0131 anlamaya \u00e7al\u0131\u015fmak, sa\u011fl\u0131kl\u0131 bir ili\u015fkinin temel ta\u015flar\u0131ndan biridir. Bu nedenle, dan\u0131\u015fmanl\u0131k s\u00fcrecimizde empatiyi g\u00fc\u00e7lendirmeye ve anlay\u0131\u015f\u0131 art\u0131rmaya y\u00f6nelik \u00e7al\u0131\u015fmalara \u00f6zel \u00f6nem veriyoruz.<\/p>\n<p style=\"text-align: justify;\">\u0130leti\u015fim, \u00e7iftler ve aileler aras\u0131ndaki ba\u011f\u0131 kuvvetlendiren hayati bir unsurdur. Ancak, \u00e7at\u0131\u015fmalar, yanl\u0131\u015f anlamalar veya ileti\u015fim kopukluklar\u0131 ili\u015fkilerde zorluklara neden olabilir. Dan\u0131\u015fmanl\u0131k s\u00fcrecimizde, etkili ileti\u015fim becerilerini geli\u015ftirmek i\u00e7in size \u00f6zel teknikler ve stratejiler sunarak, a\u00e7\u0131k, d\u00fcr\u00fcst ve sayg\u0131l\u0131 bir ileti\u015fim ortam\u0131 olu\u015fturmaya yard\u0131mc\u0131 oluyoruz.<\/p>\n<p style=\"text-align: justify;\">Birlikte \u00e7al\u0131\u015farak, sizin i\u00e7in en uygun \u00e7\u00f6z\u00fcmleri bulmak ve ili\u015fkinizdeki olumlu de\u011fi\u015fimleri desteklemek amac\u0131nday\u0131z. Aile i\u00e7i dinamikleri anlamak ve aile \u00fcyelerinin ihtiya\u00e7lar\u0131n\u0131 dengelemek, toplumsal uyumunuzu ve mutlulu\u011funuzu art\u0131rmak i\u00e7in \u00f6nemli ad\u0131mlard\u0131r.<\/p>\n<p style=\"text-align: justify;\">\u00c7ift ve aile dan\u0131\u015fmanl\u0131\u011f\u0131nda, her bireyi de\u011ferli ve \u00f6nemli olarak kabul ediyoruz. Sizinle g\u00fc\u00e7l\u00fc bir i\u015fbirli\u011fi i\u00e7inde \u00e7al\u0131\u015farak, ili\u015fkinizdeki g\u00fc\u00e7l\u00fc y\u00f6nleri ke\u015ffetmenizi ve zorluklarla ba\u015fa \u00e7\u0131kman\u0131z\u0131 destekliyoruz.<\/p>\n<p style=\"text-align: justify;\">Unutmay\u0131n ki, her ili\u015fki benzersizdir ve sizin i\u00e7in en uygun \u00e7\u00f6z\u00fcmleri birlikte bulabiliriz. Sizin i\u00e7in sa\u011fl\u0131kl\u0131 ve mutlu bir ili\u015fki in\u015fa etmek, dan\u0131\u015fmanl\u0131k s\u00fcrecimizin temel amac\u0131d\u0131r.<\/p>\n<p style=\"text-align: justify;\">Sevgi dolu bir ili\u015fki ve sa\u011fl\u0131kl\u0131 bir aile birli\u011fi i\u00e7in \u00e7ift ve aile dan\u0131\u015fmanl\u0131\u011f\u0131 hizmetimizde sizleri bekliyoruz.<\/p>\n<\/div><\/section>\n","protected":false},"excerpt":{"rendered":"","protected":false},"author":1,"featured_media":0,"parent":296,"menu_order":0,"comment_status":"closed","ping_status":"closed","template":"","meta":{"_joinchat":[],"footnotes":""},"class_list":["post-423","page","type-page","status-publish","hentry"],"_links":{"self":[{"href":"https:\/\/familienberatung-mg.de\/tr\/wp-json\/wp\/v2\/pages\/423","targetHints":{"allow":["GET"]}}],"collection":[{"href":"https:\/\/familienberatung-mg.de\/tr\/wp-json\/wp\/v2\/pages"}],"about":[{"href":"https:\/\/familienberatung-mg.de\/tr\/wp-json\/wp\/v2\/types\/page"}],"author":[{"embeddable":true,"href":"https:\/\/familienberatung-mg.de\/tr\/wp-json\/wp\/v2\/users\/1"}],"replies":[{"embeddable":true,"href":"https:\/\/familienberatung-mg.de\/tr\/wp-json\/wp\/v2\/comments?post=423"}],"version-history":[{"count":0,"href":"https:\/\/familienberatung-mg.de\/tr\/wp-json\/wp\/v2\/pages\/423\/revisions"}],"up":[{"embeddable":true,"href":"https:\/\/familienberatung-mg.de\/tr\/wp-json\/wp\/v2\/pages\/296"}],"wp:attachment":[{"href":"https:\/\/familienberatung-mg.de\/tr\/wp-json\/wp\/v2\/media?parent=423"}],"curies":[{"name":"wp","href":"https:\/\/api.w.org\/{rel}","templated":true}]}}