{"id":421,"date":"2023-08-05T01:08:55","date_gmt":"2023-08-04T22:08:55","guid":{"rendered":"https:\/\/familienberatung-mg.de\/?page_id=421"},"modified":"2023-08-05T01:08:55","modified_gmt":"2023-08-04T22:08:55","slug":"cocuk-danismanligi","status":"publish","type":"page","link":"https:\/\/familienberatung-mg.de\/tr\/calisma-alanlari\/cocuk-danismanligi\/","title":{"rendered":"\u00c7ocuk Dan\u0131\u015fmanl\u0131\u011f\u0131"},"content":{"rendered":"<section  class='av_textblock_section av-lkx517jg-3d3d2aad9c8b8c6b72f8c3289ae61e7f '   itemscope=\"itemscope\" itemtype=\"https:\/\/schema.org\/CreativeWork\" ><div class='avia_textblock'  itemprop=\"text\" ><p style=\"text-align: justify;\"><strong>Sevgili ebeveynler,<\/strong><\/p>\n<p style=\"text-align: justify;\">\u00c7ocuklar\u0131m\u0131z\u0131n sa\u011fl\u0131kl\u0131 bir geli\u015fim s\u00fcreci ya\u015famalar\u0131 ve mutlu bir \u00e7ocukluk ge\u00e7irmeleri hepimizin en b\u00fcy\u00fck arzusudur. \u00c7ocuk dan\u0131\u015fmanl\u0131\u011f\u0131 hizmetimizde, \u00e7ocuklar\u0131n ve ailelerin ihtiya\u00e7lar\u0131na \u00f6zenle odaklan\u0131yoruz. Tutku ve azimle y\u00fcr\u00fctt\u00fc\u011f\u00fcm\u00fcz bu s\u00fcre\u00e7te, \u00e7ocuklar\u0131n duygusal, sosyal ve akademik a\u00e7\u0131dan desteklenmeleri i\u00e7in \u00e7abal\u0131yoruz.<\/p>\n<p style=\"text-align: justify;\">Her \u00e7ocuk benzersizdir ve farkl\u0131 ihtiya\u00e7lara sahip olabilir. Dan\u0131\u015fmanl\u0131k s\u00fcrecimizde, \u00e7ocuklar\u0131n bireysel \u00f6zelliklerini g\u00f6z \u00f6n\u00fcnde bulundurarak, onlar\u0131n g\u00fc\u00e7l\u00fc y\u00f6nlerini ke\u015ffetmeye ve zorluklarla ba\u015fa \u00e7\u0131kmalar\u0131na yard\u0131mc\u0131 olmaya \u00e7al\u0131\u015f\u0131yoruz. \u00c7ocuklar\u0131m\u0131z\u0131n i\u00e7 d\u00fcnyas\u0131n\u0131 anlamak ve onlar\u0131n hissettiklerini anlay\u0131\u015fla kar\u015f\u0131lamak, duygusal olarak g\u00fcvende hissetmelerine katk\u0131 sa\u011flar.<\/p>\n<p style=\"text-align: justify;\">Empati ve duyarl\u0131l\u0131kla yakla\u015ft\u0131\u011f\u0131m\u0131z \u00e7ocuk dan\u0131\u015fmanl\u0131\u011f\u0131 s\u00fcrecimizde, \u00e7ocuklar\u0131n duygusal ve sosyal becerilerini geli\u015ftirmeye ve \u00f6zg\u00fcvenlerini art\u0131rmaya \u00f6nem veriyoruz. Onlar\u0131n i\u00e7sel g\u00fcc\u00fcn\u00fc ke\u015ffetmelerine destek olarak, olumlu bir benlik alg\u0131s\u0131 ve sa\u011fl\u0131kl\u0131 bir kimlik geli\u015ftirmelerine yard\u0131mc\u0131 oluyoruz.<\/p>\n<p style=\"text-align: justify;\">\u00c7ocuklar\u0131n ya\u015fad\u0131\u011f\u0131 zorluklarla ba\u015f etmelerine yard\u0131mc\u0131 olmak ve ihtiya\u00e7lar\u0131na uygun stratejiler geli\u015ftirmek i\u00e7in bilimsel temellere dayal\u0131 y\u00f6ntemler kullan\u0131yoruz. Ayn\u0131 zamanda, ebeveynlerle i\u015fbirli\u011fi yaparak, \u00e7ocuklar\u0131n geli\u015fimini desteklemek ve aile i\u00e7i ileti\u015fimi g\u00fc\u00e7lendirmek amac\u0131nday\u0131z.<\/p>\n<p style=\"text-align: justify;\">Ebeveynlerin \u00e7ocuklar\u0131n\u0131 daha iyi anlamalar\u0131na ve onlara destek olmalar\u0131na yard\u0131mc\u0131 olmak da misyonumuzun \u00f6nemli bir par\u00e7as\u0131d\u0131r. Ebeveyn rehberli\u011fi ve destek programlar\u0131m\u0131zla, ebeveynlerin \u00e7ocuklar\u0131yla sa\u011fl\u0131kl\u0131 bir ili\u015fki kurmalar\u0131n\u0131 ve \u00e7ocuklar\u0131n ihtiya\u00e7lar\u0131na duyarl\u0131 bir \u015fekilde yan\u0131t vermelerini sa\u011fl\u0131yoruz.<\/p>\n<p style=\"text-align: justify;\">Unutmay\u0131n ki, \u00e7ocuklar\u0131n sa\u011fl\u0131kl\u0131 bir geli\u015fim s\u00fcreci i\u00e7in ebeveyn deste\u011fi b\u00fcy\u00fck \u00f6nem ta\u015f\u0131r. Dan\u0131\u015fmanl\u0131k s\u00fcrecimizde, \u00e7ocuklar\u0131n\u0131z\u0131n potansiyellerini ke\u015ffetmenize ve onlar\u0131n mutlu, sa\u011fl\u0131kl\u0131 ve ba\u015far\u0131l\u0131 bireyler olmalar\u0131na katk\u0131da bulunmaya kararl\u0131y\u0131z.<\/p>\n<p style=\"text-align: justify;\">Sevgi ve anlay\u0131\u015fla dolu bir \u00e7ocukluk ve sa\u011fl\u0131kl\u0131 bir gelecek i\u00e7in \u00e7ocuk dan\u0131\u015fmanl\u0131\u011f\u0131 hizmetimizde sizleri bekliyoruz.<\/p>\n<\/div><\/section>\n","protected":false},"excerpt":{"rendered":"","protected":false},"author":1,"featured_media":0,"parent":296,"menu_order":0,"comment_status":"closed","ping_status":"closed","template":"","meta":{"_joinchat":[],"footnotes":""},"class_list":["post-421","page","type-page","status-publish","hentry"],"_links":{"self":[{"href":"https:\/\/familienberatung-mg.de\/tr\/wp-json\/wp\/v2\/pages\/421","targetHints":{"allow":["GET"]}}],"collection":[{"href":"https:\/\/familienberatung-mg.de\/tr\/wp-json\/wp\/v2\/pages"}],"about":[{"href":"https:\/\/familienberatung-mg.de\/tr\/wp-json\/wp\/v2\/types\/page"}],"author":[{"embeddable":true,"href":"https:\/\/familienberatung-mg.de\/tr\/wp-json\/wp\/v2\/users\/1"}],"replies":[{"embeddable":true,"href":"https:\/\/familienberatung-mg.de\/tr\/wp-json\/wp\/v2\/comments?post=421"}],"version-history":[{"count":0,"href":"https:\/\/familienberatung-mg.de\/tr\/wp-json\/wp\/v2\/pages\/421\/revisions"}],"up":[{"embeddable":true,"href":"https:\/\/familienberatung-mg.de\/tr\/wp-json\/wp\/v2\/pages\/296"}],"wp:attachment":[{"href":"https:\/\/familienberatung-mg.de\/tr\/wp-json\/wp\/v2\/media?parent=421"}],"curies":[{"name":"wp","href":"https:\/\/api.w.org\/{rel}","templated":true}]}}