{"id":418,"date":"2023-08-05T01:07:23","date_gmt":"2023-08-04T22:07:23","guid":{"rendered":"https:\/\/familienberatung-mg.de\/?page_id=418"},"modified":"2023-08-05T01:08:05","modified_gmt":"2023-08-04T22:08:05","slug":"ergen-danismanligi","status":"publish","type":"page","link":"https:\/\/familienberatung-mg.de\/tr\/calisma-alanlari\/ergen-danismanligi\/","title":{"rendered":"Ergen Dan\u0131\u015fmanl\u0131\u011f\u0131"},"content":{"rendered":"<section  class='av_textblock_section av-lkx503be-88cb1ffe5762956c613e28d6c59ba5d2 '   itemscope=\"itemscope\" itemtype=\"https:\/\/schema.org\/CreativeWork\" ><div class='avia_textblock'  itemprop=\"text\" ><p style=\"text-align: justify;\"><strong>Sevgili ergenler,<\/strong><\/p>\n<p style=\"text-align: justify;\">Hayat\u0131n bu \u00f6nemli d\u00f6neminde sizinle birlikte olmaktan heyecan duyuyoruz! Ergenlik, hem b\u00fcy\u00fcme hem de ke\u015fif dolu bir s\u00fcre\u00e7tir ve sizin i\u00e7in bir\u00e7ok f\u0131rsat ve meydan okuma sunar. Ergen dan\u0131\u015fmanl\u0131\u011f\u0131 hizmetimizde, size destek olmak ve bu s\u00fcre\u00e7te size rehberlik etmek i\u00e7in buraday\u0131z.<\/p>\n<p style=\"text-align: justify;\">Ergenlik, fiziksel, duygusal ve sosyal a\u00e7\u0131dan b\u00fcy\u00fck de\u011fi\u015fikliklerin ya\u015fand\u0131\u011f\u0131 bir d\u00f6nemdir. Sizinle birlikte, bu de\u011fi\u015fimlerle ba\u015fa \u00e7\u0131kmak ve g\u00fc\u00e7l\u00fc bir \u015fekilde b\u00fcy\u00fcmek i\u00e7in \u00e7al\u0131\u015f\u0131yoruz. Tutku ve azimle y\u00fcr\u00fctt\u00fc\u011f\u00fcm\u00fcz bu s\u00fcre\u00e7te, sizinle empati kurarak, hissettiklerinizi anlamaya ve sizi desteklemeye \u00f6zen g\u00f6steriyoruz.<\/p>\n<p style=\"text-align: justify;\">Kendinizi daha iyi anlaman\u0131za ve g\u00fc\u00e7l\u00fc yanlar\u0131n\u0131z\u0131 ke\u015ffetmenize yard\u0131mc\u0131 oluyoruz. Bu d\u00f6nemdeki i\u00e7sel de\u011fi\u015fimlerle ba\u015fa \u00e7\u0131kman\u0131za ve kendinizi ifade etmenize destek sa\u011flamak, bizim i\u00e7in b\u00fcy\u00fck \u00f6nem ta\u015f\u0131yor.<\/p>\n<p style=\"text-align: justify;\">Ergenlik, ebeveynlerle ve \u00e7evreyle olan ili\u015fkilerde baz\u0131 zorluklar\u0131 da beraberinde getirebilir. Dan\u0131\u015fmanl\u0131k s\u00fcrecimizde, ileti\u015fim becerilerinizi geli\u015ftirmeye ve \u00e7at\u0131\u015fmalarla ba\u015fa \u00e7\u0131kman\u0131za yard\u0131mc\u0131 oluyoruz. Sizin ve ebeveynlerinizin birbirinizi anlamas\u0131 ve birlikte sa\u011fl\u0131kl\u0131 bir ileti\u015fim kurman\u0131z, olumlu bir aile ili\u015fkisi i\u00e7in \u00f6nemli bir ad\u0131md\u0131r.<\/p>\n<p style=\"text-align: justify;\">Hayat\u0131n\u0131zda \u00f6nemli kararlar vermeniz gereken bir d\u00f6nemdeyken, gelece\u011fe y\u00f6nelik hedeflerinizi ke\u015ffetmenize ve ilgi alanlar\u0131n\u0131za odaklanman\u0131za destek sa\u011fl\u0131yoruz. Akademik ba\u015far\u0131lar\u0131n\u0131z\u0131 art\u0131rmak ve kariyer hedeflerinize ula\u015fmak i\u00e7in size rehberlik ediyoruz.<\/p>\n<p style=\"text-align: justify;\">Unutmay\u0131n ki, her bireyin benzersiz oldu\u011fu gibi sizin de hayat\u0131n\u0131zda \u00f6nemli bir rol oynuyorsunuz. Sizin i\u00e7in en uygun \u00e7\u00f6z\u00fcmleri birlikte bulaca\u011f\u0131z ve potansiyelinizi ke\u015ffetmeniz i\u00e7in size yol g\u00f6sterece\u011fiz.<\/p>\n<p style=\"text-align: justify;\">Hayat\u0131n\u0131z\u0131n bu \u00f6nemli d\u00f6neminde sizinle birlikte olmak ve g\u00fc\u00e7l\u00fc bir destek sa\u011flamak i\u00e7in ergen dan\u0131\u015fmanl\u0131\u011f\u0131 hizmetimizde sizleri bekliyoruz.<\/p>\n<p style=\"text-align: justify;\">Sevgi ve anlay\u0131\u015fla dolu bir ergenlik d\u00f6nemi diliyoruz.<\/p>\n<\/div><\/section>\n","protected":false},"excerpt":{"rendered":"","protected":false},"author":1,"featured_media":0,"parent":296,"menu_order":0,"comment_status":"closed","ping_status":"closed","template":"","meta":{"_joinchat":[],"footnotes":""},"class_list":["post-418","page","type-page","status-publish","hentry"],"_links":{"self":[{"href":"https:\/\/familienberatung-mg.de\/tr\/wp-json\/wp\/v2\/pages\/418","targetHints":{"allow":["GET"]}}],"collection":[{"href":"https:\/\/familienberatung-mg.de\/tr\/wp-json\/wp\/v2\/pages"}],"about":[{"href":"https:\/\/familienberatung-mg.de\/tr\/wp-json\/wp\/v2\/types\/page"}],"author":[{"embeddable":true,"href":"https:\/\/familienberatung-mg.de\/tr\/wp-json\/wp\/v2\/users\/1"}],"replies":[{"embeddable":true,"href":"https:\/\/familienberatung-mg.de\/tr\/wp-json\/wp\/v2\/comments?post=418"}],"version-history":[{"count":0,"href":"https:\/\/familienberatung-mg.de\/tr\/wp-json\/wp\/v2\/pages\/418\/revisions"}],"up":[{"embeddable":true,"href":"https:\/\/familienberatung-mg.de\/tr\/wp-json\/wp\/v2\/pages\/296"}],"wp:attachment":[{"href":"https:\/\/familienberatung-mg.de\/tr\/wp-json\/wp\/v2\/media?parent=418"}],"curies":[{"name":"wp","href":"https:\/\/api.w.org\/{rel}","templated":true}]}}