{"id":329,"date":"2023-08-02T08:26:53","date_gmt":"2023-08-02T05:26:53","guid":{"rendered":"https:\/\/familienberatung-mg.de\/?page_id=329"},"modified":"2023-08-16T19:35:52","modified_gmt":"2023-08-16T16:35:52","slug":"randevu-olustur","status":"publish","type":"page","link":"https:\/\/familienberatung-mg.de\/tr\/randevu-olustur\/","title":{"rendered":"Randevu Olu\u015ftur"},"content":{"rendered":"\n<style type=\"text\/css\" data-created_by=\"avia_inline_auto\" id=\"style-css-av-1vgydt-dfde374409e023941a2378711077cd08\">\n.flex_column.av-1vgydt-dfde374409e023941a2378711077cd08{\nborder-radius:0px 0px 0px 0px;\npadding:0px 0px 0px 0px;\n}\n<\/style>\n<div  class='flex_column av-1vgydt-dfde374409e023941a2378711077cd08 av_two_third  avia-builder-el-0  el_before_av_one_third  avia-builder-el-first  first flex_column_div av-animated-generic bottom-to-top av-zero-column-padding  '     ><p>\n<style type=\"text\/css\" data-created_by=\"avia_inline_auto\" id=\"style-css-av-lkykgvxi-9cba64b130ebb0568ad3e24d3ef41b0b\">\n#top .av-special-heading.av-lkykgvxi-9cba64b130ebb0568ad3e24d3ef41b0b{\npadding-bottom:0;\n}\nbody .av-special-heading.av-lkykgvxi-9cba64b130ebb0568ad3e24d3ef41b0b .av-special-heading-tag .heading-char{\nfont-size:25px;\n}\n.av-special-heading.av-lkykgvxi-9cba64b130ebb0568ad3e24d3ef41b0b .av-subheading{\nfont-size:15px;\n}\n<\/style>\n<div  class='av-special-heading av-lkykgvxi-9cba64b130ebb0568ad3e24d3ef41b0b av-special-heading-h3 blockquote modern-quote  avia-builder-el-1  el_before_av_hr  avia-builder-el-first '><h3 class='av-special-heading-tag'  itemprop=\"headline\"  >Randevu Talebi<\/h3><div class='av-subheading av-subheading_below'><p>Bilgileri doldurup taraf\u0131m\u0131za ula\u015ft\u0131rd\u0131\u011f\u0131n\u0131zda en k\u0131sa s\u00fcrede size d\u00f6n\u00fc\u015f yap\u0131lacakt\u0131r.<br \/>\n(Klini\u011fimiz sigorta kabul etmemektedir. Klini\u011fimiz \u00f6zel olarak hizmet vermektedir.<br \/>\nKlini\u011fimiz \u00fccretli destek vermektedir.)<\/p>\n<\/div><div class=\"special-heading-border\"><div class=\"special-heading-inner-border\"><\/div><\/div><\/div><br \/>\n\n<style type=\"text\/css\" data-created_by=\"avia_inline_auto\" id=\"style-css-av-1rubg9-9209d2279d568c2fd4c403eab9b864bf\">\n#top .hr.av-1rubg9-9209d2279d568c2fd4c403eab9b864bf{\nmargin-top:10px;\nmargin-bottom:10px;\n}\n.hr.av-1rubg9-9209d2279d568c2fd4c403eab9b864bf .hr-inner{\nwidth:50px;\nborder-color:#efbb20;\n}\n<\/style>\n<div  class='hr av-1rubg9-9209d2279d568c2fd4c403eab9b864bf hr-custom  avia-builder-el-2  el_after_av_heading  el_before_av_contact  hr-left hr-icon-no'><span class='hr-inner inner-border-av-border-fat'><span class=\"hr-inner-style\"><\/span><\/span><\/div><br \/>\n<form action=\"https:\/\/familienberatung-mg.de\/tr\/randevu-olustur\/\" method=\"post\" data-fields-with-error=\"Found errors in the following field(s):\" class=\"avia_ajax_form av-form-labels-hidden   avia-builder-el-3  el_after_av_hr  avia-builder-el-last  av-custom-form-color av-dark-form \" data-avia-form-id=\"1\" data-avia-redirect='' ><fieldset><p class='  first_form  form_element form_element_half' id='element_avia_1_1'><label for=\"avia_1_1\">Ad\u0131n\u0131z <abbr class=\"required\" title=\"Zorunlu\">*<\/abbr><\/label> <input name=\"avia_1_1\" class=\"text_input is_empty\" type=\"text\" id=\"avia_1_1\" value=\"\"  placeholder='Ad\u0131n\u0131z*'\/><\/p><p class='  form_element form_element_half' id='element_avia_2_1'><label for=\"avia_2_1\">Telefon Numaras\u0131 <abbr class=\"required\" title=\"Zorunlu\">*<\/abbr><\/label> <input name=\"avia_2_1\" class=\"text_input is_empty\" type=\"text\" id=\"avia_2_1\" value=\"\"  placeholder='Telefon Numaras\u0131*'\/><\/p><p class='  first_form  form_element form_element_half' id='element_avia_3_1'><label for=\"avia_3_1\">Mail Adresi <abbr class=\"required\" title=\"Zorunlu\">*<\/abbr><\/label> <input name=\"avia_3_1\" class=\"text_input is_empty\" type=\"text\" id=\"avia_3_1\" value=\"\"  placeholder='Mail Adresi*'\/><\/p><p class='  form_element form_element_half' id='element_avia_4_1'><label for=\"avia_4_1\">Almay\u0131 D\u00fc\u015f\u00fcnd\u00fc\u011f\u00fcn\u00fcz Hizmet <abbr class=\"required\" title=\"Zorunlu\">*<\/abbr><\/label><select  name=\"avia_4_1\" class=\"select is_empty\" id=\"avia_4_1\"><option class=\"av-placeholder\" disabled=\"disabled\" selected=\"selected\" value=''>Almay\u0131 D\u00fc\u015f\u00fcnd\u00fc\u011f\u00fcn\u00fcz Hizmet*<\/option><option   value='Bireysel Dan\u0131\u015fmanl\u0131k'>Bireysel Dan\u0131\u015fmanl\u0131k<\/option><option   value='\u00c7ift ve Aile Dan\u0131\u015fmanl\u0131\u011f\u0131'>\u00c7ift ve Aile Dan\u0131\u015fmanl\u0131\u011f\u0131<\/option><option   value='\u00c7ocuk Dan\u0131\u015fmanl\u0131\u011f\u0131'>\u00c7ocuk Dan\u0131\u015fmanl\u0131\u011f\u0131<\/option><option   value='Ergen Dan\u0131\u015fmanl\u0131\u011f\u0131'>Ergen Dan\u0131\u015fmanl\u0131\u011f\u0131<\/option><option   value='Miza\u00e7 ve Ki\u015filik Analizi'>Miza\u00e7 ve Ki\u015filik Analizi<\/option><option   value='Online Dan\u0131\u015fmanl\u0131k'>Online Dan\u0131\u015fmanl\u0131k<\/option><option   value='Gen\u00e7lik \u00c7al\u0131\u015fmalar\u0131'>Gen\u00e7lik \u00c7al\u0131\u015fmalar\u0131<\/option><option   value='\u0130\u015fveren Dan\u0131\u015fmanl\u0131k'>\u0130\u015fveren Dan\u0131\u015fmanl\u0131k<\/option><option   value='\u0130\u015f\u00e7i Y\u00f6n. ve Gel. Dan\u0131\u015fmanl\u0131\u011f\u0131'>\u0130\u015f\u00e7i Y\u00f6n. ve Gel. Dan\u0131\u015fmanl\u0131\u011f\u0131<\/option><option   value='Di\u011fer'>Di\u011fer<\/option><\/select><\/p><p class='  first_form  form_element form_element_half' id='element_avia_5_1'><label for=\"avia_5_1\">G\u00f6r\u00fc\u015fme Se\u00e7ene\u011fi <abbr class=\"required\" title=\"Zorunlu\">*<\/abbr><\/label><select  name=\"avia_5_1\" class=\"select is_empty\" id=\"avia_5_1\"><option class=\"av-placeholder\" disabled=\"disabled\" selected=\"selected\" value=''>G\u00f6r\u00fc\u015fme Se\u00e7ene\u011fi*<\/option><option   value='Online'>Online<\/option><option   value='Y\u00fcz y\u00fcze'>Y\u00fcz y\u00fcze<\/option><\/select><\/p><p class='  form_element form_element_half' id='element_avia_6_1'><label for=\"avia_6_1\">Destek Konusu <abbr class=\"required\" title=\"Zorunlu\">*<\/abbr><\/label> <input name=\"avia_6_1\" class=\"text_input is_empty\" type=\"text\" id=\"avia_6_1\" value=\"\"  placeholder='Destek Konusu*'\/><\/p><p class='  first_form  form_element form_fullwidth' id='element_avia_7_1'><label for=\"avia_7_1\" class=\"textare_label hidden textare_label_avia_7_1\">K\u0131sa Mesaj\u0131n\u0131z <abbr class=\"required\" title=\"Zorunlu\">*<\/abbr><\/label><textarea  placeholder='K\u0131sa Mesaj\u0131n\u0131z*' name=\"avia_7_1\" class=\"text_area is_empty\" cols=\"40\" rows=\"7\" id=\"avia_7_1\" ><\/textarea><\/p><p class=\"hidden\"><input type=\"text\" name=\"avia_8_1\" class=\"hidden \" id=\"avia_8_1\" value=\"\" \/><\/p><p class='   form_element form_fullwidth' id='element_avia_9_1'><span class='value_verifier_label'>1 + 1 = ?<\/span><input name=\"avia_9_1_verifier\" type=\"hidden\" id=\"avia_9_1_verifier\" value=\"377663276\"\/><label for=\"avia_9_1\">L\u00fctfen denklemi \u00e7\u00f6zerek insan oldu\u011funuzu kan\u0131tlay\u0131n\u0131z <abbr class=\"required\" title=\"Zorunlu\">*<\/abbr><\/label><input name=\"avia_9_1\" class=\"text_input captcha\" type=\"text\" id=\"avia_9_1\" value=\"\"\/><\/p><p class=\"form_element \"><input type=\"hidden\" value=\"1\" name=\"avia_generated_form1\" \/><input type=\"submit\" value=\"Formu G\u00f6nder\" class=\"button\"  data-sending-label=\"G\u00f6nderiliyor\"\/><\/p><\/fieldset><\/form><div id=\"ajaxresponse_1\" class=\"ajaxresponse ajaxresponse_1 hidden\"><\/div><\/p><\/div>\n<style type=\"text\/css\" data-created_by=\"avia_inline_auto\" id=\"style-css-av-jnz4x-6d0770016843c13e87ed477799eac59b\">\n.flex_column.av-jnz4x-6d0770016843c13e87ed477799eac59b{\nborder-radius:0px 0px 0px 0px;\npadding:0px 0px 0px 0px;\n}\n<\/style>\n<div  class='flex_column av-jnz4x-6d0770016843c13e87ed477799eac59b av_one_third  avia-builder-el-4  el_after_av_two_third  avia-builder-el-last  flex_column_div av-animated-generic bottom-to-top av-zero-column-padding  '     ><p>\n<style type=\"text\/css\" data-created_by=\"avia_inline_auto\" id=\"style-css-av-1s8r5-566023f734c2b59b7acd516b6fe1e92f\">\n#top .av-special-heading.av-1s8r5-566023f734c2b59b7acd516b6fe1e92f{\npadding-bottom:10px;\n}\nbody .av-special-heading.av-1s8r5-566023f734c2b59b7acd516b6fe1e92f .av-special-heading-tag .heading-char{\nfont-size:25px;\n}\n.av-special-heading.av-1s8r5-566023f734c2b59b7acd516b6fe1e92f .av-subheading{\nfont-size:15px;\n}\n<\/style>\n<div  class='av-special-heading av-1s8r5-566023f734c2b59b7acd516b6fe1e92f av-special-heading-h3  avia-builder-el-5  el_before_av_textblock  avia-builder-el-first '><h3 class='av-special-heading-tag'  itemprop=\"headline\"  >Adres<\/h3><div class=\"special-heading-border\"><div class=\"special-heading-inner-border\"><\/div><\/div><\/div><br \/>\n\n<style type=\"text\/css\" data-created_by=\"avia_inline_auto\" id=\"style-css-av-ll29i8uz-6ec370b290c906c9f6aa8d1a1612467e\">\n#top .av_textblock_section.av-ll29i8uz-6ec370b290c906c9f6aa8d1a1612467e .avia_textblock{\ncolor:#444444;\n}\n<\/style>\n<section  class='av_textblock_section av-ll29i8uz-6ec370b290c906c9f6aa8d1a1612467e '   itemscope=\"itemscope\" itemtype=\"https:\/\/schema.org\/CreativeWork\" ><div class='avia_textblock av_inherit_color'  itemprop=\"text\" ><ul>\n<li>Hauptstra\u00dfe Nr: 15<\/li>\n<li>41236, M\u00f6nchengladbach<\/li>\n<li>info@familienberatung-mg.de<\/li>\n<li>+49 162 200 83 72<\/li>\n<\/ul>\n<h3>Otopark mevcuttur<br \/>\n<strong>Adres:<\/strong><br \/>\n<a href=\"https:\/\/g.co\/kgs\/Ta3XTT\">https:\/\/g.co\/kgs\/Ta3XTT<\/a><\/h3>\n<\/div><\/section><br \/>\n\n<style type=\"text\/css\" data-created_by=\"avia_inline_auto\" id=\"style-css-av-ll6lt034-68f6280f7b8f9a143926307c6fd10375\">\n.avia-image-container.av-ll6lt034-68f6280f7b8f9a143926307c6fd10375 img.avia_image{\nbox-shadow:none;\n}\n.avia-image-container.av-ll6lt034-68f6280f7b8f9a143926307c6fd10375 .av-image-caption-overlay-center{\ncolor:#ffffff;\n}\n<\/style>\n<div  class='avia-image-container av-ll6lt034-68f6280f7b8f9a143926307c6fd10375 av-styling- avia-align-center  avia-builder-el-7  el_after_av_textblock  avia-builder-el-last '   itemprop=\"image\" itemscope=\"itemscope\" itemtype=\"https:\/\/schema.org\/ImageObject\" ><div class=\"avia-image-container-inner\"><div class=\"avia-image-overlay-wrap\"><img decoding=\"async\" class='wp-image-577 avia-img-lazy-loading-not-577 avia_image ' src=\"https:\/\/familienberatung-mg.de\/tr\/wp-content\/uploads\/2023\/08\/otopark.jpg\" alt='' title='otopark'  height=\"1920\" width=\"1440\"  itemprop=\"thumbnailUrl\" srcset=\"https:\/\/familienberatung-mg.de\/tr\/wp-content\/uploads\/2023\/08\/otopark.jpg 1440w, https:\/\/familienberatung-mg.de\/tr\/wp-content\/uploads\/2023\/08\/otopark-225x300.jpg 225w, https:\/\/familienberatung-mg.de\/tr\/wp-content\/uploads\/2023\/08\/otopark-773x1030.jpg 773w, https:\/\/familienberatung-mg.de\/tr\/wp-content\/uploads\/2023\/08\/otopark-768x1024.jpg 768w, https:\/\/familienberatung-mg.de\/tr\/wp-content\/uploads\/2023\/08\/otopark-1152x1536.jpg 1152w, https:\/\/familienberatung-mg.de\/tr\/wp-content\/uploads\/2023\/08\/otopark-1125x1500.jpg 1125w, https:\/\/familienberatung-mg.de\/tr\/wp-content\/uploads\/2023\/08\/otopark-529x705.jpg 529w\" sizes=\"(max-width: 1440px) 100vw, 1440px\" \/><\/div><\/div><\/div><\/p><\/div><\/p>\n","protected":false},"excerpt":{"rendered":"","protected":false},"author":1,"featured_media":0,"parent":0,"menu_order":0,"comment_status":"closed","ping_status":"closed","template":"","meta":{"_joinchat":[],"footnotes":""},"class_list":["post-329","page","type-page","status-publish","hentry"],"_links":{"self":[{"href":"https:\/\/familienberatung-mg.de\/tr\/wp-json\/wp\/v2\/pages\/329","targetHints":{"allow":["GET"]}}],"collection":[{"href":"https:\/\/familienberatung-mg.de\/tr\/wp-json\/wp\/v2\/pages"}],"about":[{"href":"https:\/\/familienberatung-mg.de\/tr\/wp-json\/wp\/v2\/types\/page"}],"author":[{"embeddable":true,"href":"https:\/\/familienberatung-mg.de\/tr\/wp-json\/wp\/v2\/users\/1"}],"replies":[{"embeddable":true,"href":"https:\/\/familienberatung-mg.de\/tr\/wp-json\/wp\/v2\/comments?post=329"}],"version-history":[{"count":5,"href":"https:\/\/familienberatung-mg.de\/tr\/wp-json\/wp\/v2\/pages\/329\/revisions"}],"predecessor-version":[{"id":702,"href":"https:\/\/familienberatung-mg.de\/tr\/wp-json\/wp\/v2\/pages\/329\/revisions\/702"}],"wp:attachment":[{"href":"https:\/\/familienberatung-mg.de\/tr\/wp-json\/wp\/v2\/media?parent=329"}],"curies":[{"name":"wp","href":"https:\/\/api.w.org\/{rel}","templated":true}]}}