{"id":325,"date":"2023-08-02T08:25:59","date_gmt":"2023-08-02T05:25:59","guid":{"rendered":"https:\/\/familienberatung-mg.de\/?page_id=325"},"modified":"2023-08-28T14:06:34","modified_gmt":"2023-08-28T11:06:34","slug":"blog-gonderileri","status":"publish","type":"page","link":"https:\/\/familienberatung-mg.de\/tr\/blog-gonderileri\/","title":{"rendered":"Blog"},"content":{"rendered":"<div  id=\"avia-magazine-1\"  class='av-magazine av-llds5zgw-ea1acc266d48e3e30b1e39cde8ea825a av-magazine-top-bar-active av-magazine-tabs-active  avia-builder-el-0  avia-builder-el-no-sibling   avia-builder-el-0  avia-builder-el-no-sibling ' ><div class='av-magazine-top-bar '><\/div><div class='av-magazine-group sort_all'><article class='av-magazine-entry av-magazine-entry-id-681 av-magazine-format-standard av-magazine-type-post av-magazine-entry-1 av-magazine-entry-small '  itemscope=\"itemscope\" itemtype=\"https:\/\/schema.org\/CreativeWork\" ><div class=\"av-magazine-thumbnail\"><a href='https:\/\/familienberatung-mg.de\/tr\/esler-arasinda-saglikli-iletisim\/' title='\u015euraya linkle:  E\u015fler Aras\u0131nda Sa\u011fl\u0131kl\u0131 \u0130leti\u015fim' class='av-magazine-thumbnail-link'><img decoding=\"async\" width=\"80\" height=\"80\" src=\"https:\/\/familienberatung-mg.de\/tr\/wp-content\/uploads\/2023\/08\/aile-icinde-blog-1-80x80.jpg\" class=\"wp-image-684 avia-img-lazy-loading-not-684 attachment-thumbnail size-thumbnail wp-post-image\" alt=\"\" srcset=\"https:\/\/familienberatung-mg.de\/tr\/wp-content\/uploads\/2023\/08\/aile-icinde-blog-1-80x80.jpg 80w, https:\/\/familienberatung-mg.de\/tr\/wp-content\/uploads\/2023\/08\/aile-icinde-blog-1-36x36.jpg 36w, https:\/\/familienberatung-mg.de\/tr\/wp-content\/uploads\/2023\/08\/aile-icinde-blog-1-180x180.jpg 180w\" sizes=\"(max-width: 80px) 100vw, 80px\" \/><\/a><\/div><div class=\"av-magazine-content-wrap\"><header class=\"entry-content-header\"><time class='av-magazine-time updated'  itemprop=\"datePublished\" datetime=\"2023-08-28T14:07:47+03:00\" >28 A\u011fustos 2023<\/time><h3 class='av-magazine-title entry-title '  itemprop=\"headline\" ><a href='https:\/\/familienberatung-mg.de\/tr\/esler-arasinda-saglikli-iletisim\/' title='\u015euraya linkle:  E\u015fler Aras\u0131nda Sa\u011fl\u0131kl\u0131 \u0130leti\u015fim'>E\u015fler Aras\u0131nda Sa\u011fl\u0131kl\u0131 \u0130leti\u015fim<\/a><\/h3><\/header><\/div><footer class=\"entry-footer\"><\/footer><\/article><article class='av-magazine-entry av-magazine-entry-id-687 av-magazine-format-standard av-magazine-type-post av-magazine-entry-2 av-magazine-entry-small '  itemscope=\"itemscope\" itemtype=\"https:\/\/schema.org\/CreativeWork\" ><div class=\"av-magazine-thumbnail\"><a href='https:\/\/familienberatung-mg.de\/tr\/ikinci-evliliklerde-karsilasilan-zorluklar\/' title='\u015euraya linkle:  \u0130kinci Evliliklerde Kar\u015f\u0131la\u015f\u0131lan Zorluklar' class='av-magazine-thumbnail-link'><img decoding=\"async\" width=\"80\" height=\"80\" src=\"https:\/\/familienberatung-mg.de\/tr\/wp-content\/uploads\/2023\/08\/ikinci-evlilik-3-80x80.jpg\" class=\"wp-image-689 avia-img-lazy-loading-not-689 attachment-thumbnail size-thumbnail wp-post-image\" alt=\"\" srcset=\"https:\/\/familienberatung-mg.de\/tr\/wp-content\/uploads\/2023\/08\/ikinci-evlilik-3-80x80.jpg 80w, https:\/\/familienberatung-mg.de\/tr\/wp-content\/uploads\/2023\/08\/ikinci-evlilik-3-36x36.jpg 36w, https:\/\/familienberatung-mg.de\/tr\/wp-content\/uploads\/2023\/08\/ikinci-evlilik-3-180x180.jpg 180w\" sizes=\"(max-width: 80px) 100vw, 80px\" \/><\/a><\/div><div class=\"av-magazine-content-wrap\"><header class=\"entry-content-header\"><time class='av-magazine-time updated'  itemprop=\"datePublished\" datetime=\"2023-08-28T14:07:47+03:00\" >28 A\u011fustos 2023<\/time><h3 class='av-magazine-title entry-title '  itemprop=\"headline\" ><a href='https:\/\/familienberatung-mg.de\/tr\/ikinci-evliliklerde-karsilasilan-zorluklar\/' title='\u015euraya linkle:  \u0130kinci Evliliklerde Kar\u015f\u0131la\u015f\u0131lan Zorluklar'>\u0130kinci Evliliklerde Kar\u015f\u0131la\u015f\u0131lan Zorluklar<\/a><\/h3><\/header><\/div><footer class=\"entry-footer\"><\/footer><\/article><article class='av-magazine-entry av-magazine-entry-id-692 av-magazine-format-standard av-magazine-type-post av-magazine-entry-3 av-magazine-entry-small '  itemscope=\"itemscope\" itemtype=\"https:\/\/schema.org\/CreativeWork\" ><div class=\"av-magazine-thumbnail\"><a href='https:\/\/familienberatung-mg.de\/tr\/bosanma-sonrasi-zorluklar\/' title='\u015euraya linkle:  Bo\u015fanma Sonras\u0131 Zorluklar' class='av-magazine-thumbnail-link'><img decoding=\"async\" width=\"80\" height=\"80\" src=\"https:\/\/familienberatung-mg.de\/tr\/wp-content\/uploads\/2023\/08\/bosanma-sonrasi-zorluklar-80x80.jpg\" class=\"wp-image-693 avia-img-lazy-loading-not-693 attachment-thumbnail size-thumbnail wp-post-image\" alt=\"\" srcset=\"https:\/\/familienberatung-mg.de\/tr\/wp-content\/uploads\/2023\/08\/bosanma-sonrasi-zorluklar-80x80.jpg 80w, https:\/\/familienberatung-mg.de\/tr\/wp-content\/uploads\/2023\/08\/bosanma-sonrasi-zorluklar-36x36.jpg 36w, https:\/\/familienberatung-mg.de\/tr\/wp-content\/uploads\/2023\/08\/bosanma-sonrasi-zorluklar-180x180.jpg 180w\" sizes=\"(max-width: 80px) 100vw, 80px\" \/><\/a><\/div><div class=\"av-magazine-content-wrap\"><header class=\"entry-content-header\"><time class='av-magazine-time updated'  itemprop=\"datePublished\" datetime=\"2023-08-28T14:07:47+03:00\" >28 A\u011fustos 2023<\/time><h3 class='av-magazine-title entry-title '  itemprop=\"headline\" ><a href='https:\/\/familienberatung-mg.de\/tr\/bosanma-sonrasi-zorluklar\/' title='\u015euraya linkle:  Bo\u015fanma Sonras\u0131 Zorluklar'>Bo\u015fanma Sonras\u0131 Zorluklar<\/a><\/h3><\/header><\/div><footer class=\"entry-footer\"><\/footer><\/article><\/div><\/div>\n","protected":false},"excerpt":{"rendered":"","protected":false},"author":1,"featured_media":0,"parent":0,"menu_order":0,"comment_status":"closed","ping_status":"closed","template":"","meta":{"_joinchat":[],"footnotes":""},"class_list":["post-325","page","type-page","status-publish","hentry"],"_links":{"self":[{"href":"https:\/\/familienberatung-mg.de\/tr\/wp-json\/wp\/v2\/pages\/325","targetHints":{"allow":["GET"]}}],"collection":[{"href":"https:\/\/familienberatung-mg.de\/tr\/wp-json\/wp\/v2\/pages"}],"about":[{"href":"https:\/\/familienberatung-mg.de\/tr\/wp-json\/wp\/v2\/types\/page"}],"author":[{"embeddable":true,"href":"https:\/\/familienberatung-mg.de\/tr\/wp-json\/wp\/v2\/users\/1"}],"replies":[{"embeddable":true,"href":"https:\/\/familienberatung-mg.de\/tr\/wp-json\/wp\/v2\/comments?post=325"}],"version-history":[{"count":4,"href":"https:\/\/familienberatung-mg.de\/tr\/wp-json\/wp\/v2\/pages\/325\/revisions"}],"predecessor-version":[{"id":690,"href":"https:\/\/familienberatung-mg.de\/tr\/wp-json\/wp\/v2\/pages\/325\/revisions\/690"}],"wp:attachment":[{"href":"https:\/\/familienberatung-mg.de\/tr\/wp-json\/wp\/v2\/media?parent=325"}],"curies":[{"name":"wp","href":"https:\/\/api.w.org\/{rel}","templated":true}]}}