{"id":323,"date":"2023-08-02T08:25:42","date_gmt":"2023-08-02T05:25:42","guid":{"rendered":"https:\/\/familienberatung-mg.de\/?page_id=323"},"modified":"2026-02-23T12:29:59","modified_gmt":"2026-02-23T09:29:59","slug":"iletisim","status":"publish","type":"page","link":"https:\/\/familienberatung-mg.de\/tr\/iletisim\/","title":{"rendered":"\u0130leti\u015fim"},"content":{"rendered":"<div  class='av_gmaps_sc_main_wrap av_gmaps_main_wrap '><div id='av_gmap_0' class='avia-google-map-container avia-google-map-sc av_gmaps_show_unconditionally av-no-fallback-img ' data-mapid='av_gmap_0'  style='height: 400px;'><a class=\"av_gmaps_browser_disabled av_text_confirm_link av_text_confirm_link_visible\" href=\"https:\/\/www.google.com\/maps\/search\/?api=1&#038;query=Hauptstra\u00dfe%20Nr:%2015%2041236,%20M\u00f6nchengladbach%20%20%20%20Almanya\" target=\"_blank\" rel=\"noopener\">Maps were disabled by the visitor on this site. Click to open the map in a new window.<\/a><\/div><\/div>\n\n<style type=\"text\/css\" data-created_by=\"avia_inline_auto\" id=\"style-css-av-2lqxxn-7ad77416a63ce87d3aca96b3144dac4d\">\n.flex_column.av-2lqxxn-7ad77416a63ce87d3aca96b3144dac4d{\nborder-radius:0px 0px 0px 0px;\npadding:0px 0px 0px 0px;\n}\n<\/style>\n<div  class='flex_column av-2lqxxn-7ad77416a63ce87d3aca96b3144dac4d av_two_third  avia-builder-el-1  el_after_av_google_map  el_before_av_one_third  avia-builder-el-first  first flex_column_div av-animated-generic bottom-to-top av-zero-column-padding  '     ><p>\n<style type=\"text\/css\" data-created_by=\"avia_inline_auto\" id=\"style-css-av-2cyk9v-a254003efb4b9210fb29f83a09b917ec\">\n#top .av-special-heading.av-2cyk9v-a254003efb4b9210fb29f83a09b917ec{\npadding-bottom:0;\n}\nbody .av-special-heading.av-2cyk9v-a254003efb4b9210fb29f83a09b917ec .av-special-heading-tag .heading-char{\nfont-size:25px;\n}\n.av-special-heading.av-2cyk9v-a254003efb4b9210fb29f83a09b917ec .av-subheading{\nfont-size:15px;\n}\n<\/style>\n<div  class='av-special-heading av-2cyk9v-a254003efb4b9210fb29f83a09b917ec av-special-heading-h3 blockquote modern-quote  avia-builder-el-2  el_before_av_hr  avia-builder-el-first '><h3 class='av-special-heading-tag'  itemprop=\"headline\"  >\u0130leti\u015fime Ge\u00e7in<\/h3><div class=\"special-heading-border\"><div class=\"special-heading-inner-border\"><\/div><\/div><\/div><br \/>\n\n<style type=\"text\/css\" data-created_by=\"avia_inline_auto\" id=\"style-css-av-2b2hnn-0021b35f506c5c0a6265514d0096e5ac\">\n#top .hr.av-2b2hnn-0021b35f506c5c0a6265514d0096e5ac{\nmargin-top:10px;\nmargin-bottom:10px;\n}\n.hr.av-2b2hnn-0021b35f506c5c0a6265514d0096e5ac .hr-inner{\nwidth:50px;\nborder-color:#efbb20;\n}\n<\/style>\n<div  class='hr av-2b2hnn-0021b35f506c5c0a6265514d0096e5ac hr-custom  avia-builder-el-3  el_after_av_heading  el_before_av_contact  hr-left hr-icon-no'><span class='hr-inner inner-border-av-border-fat'><span class=\"hr-inner-style\"><\/span><\/span><\/div><br \/>\n<form action=\"https:\/\/familienberatung-mg.de\/tr\/iletisim\/\" method=\"post\" data-fields-with-error=\"Found errors in the following field(s):\" class=\"avia_ajax_form av-form-labels-hidden   avia-builder-el-4  el_after_av_hr  avia-builder-el-last  av-custom-form-color av-dark-form \" data-avia-form-id=\"1\" data-avia-redirect='' ><fieldset><p class='  first_form  form_element form_element_half' id='element_avia_1_1'><label for=\"avia_1_1\">Ad\u0131n\u0131z <abbr class=\"required\" title=\"Zorunlu\">*<\/abbr><\/label> <input name=\"avia_1_1\" class=\"text_input is_empty\" type=\"text\" id=\"avia_1_1\" value=\"\"  placeholder='Ad\u0131n\u0131z*'\/><\/p><p class='  form_element form_element_half' id='element_avia_2_1'><label for=\"avia_2_1\">E-Posta <abbr class=\"required\" title=\"Zorunlu\">*<\/abbr><\/label> <input name=\"avia_2_1\" class=\"text_input is_email\" type=\"text\" id=\"avia_2_1\" value=\"\"  placeholder='E-Posta*'\/><\/p><p class='  first_form  form_element form_element_half' id='element_avia_3_1'><label for=\"avia_3_1\">Telefon <abbr class=\"required\" title=\"Zorunlu\">*<\/abbr><\/label> <input name=\"avia_3_1\" class=\"text_input is_empty\" type=\"text\" id=\"avia_3_1\" value=\"\"  placeholder='Telefon*'\/><\/p><p class='  form_element form_element_half' id='element_avia_4_1'><label for=\"avia_4_1\">Konu <abbr class=\"required\" title=\"Zorunlu\">*<\/abbr><\/label> <input name=\"avia_4_1\" class=\"text_input is_empty\" type=\"text\" id=\"avia_4_1\" value=\"\"  placeholder='Konu*'\/><\/p><p class='  first_form  form_element form_fullwidth av-last-visible-form-element' id='element_avia_5_1'><label for=\"avia_5_1\" class=\"textare_label hidden textare_label_avia_5_1\">Mesaj\u0131n\u0131z <abbr class=\"required\" title=\"Zorunlu\">*<\/abbr><\/label><textarea  placeholder='Mesaj\u0131n\u0131z*' name=\"avia_5_1\" class=\"text_area is_empty\" cols=\"40\" rows=\"7\" id=\"avia_5_1\" ><\/textarea><\/p><p class=\"hidden\"><input type=\"text\" name=\"avia_6_1\" class=\"hidden \" id=\"avia_6_1\" value=\"\" \/><\/p><p class=\"form_element \"><input type=\"hidden\" value=\"1\" name=\"avia_generated_form1\" \/><input type=\"submit\" value=\"Formu G\u00f6nder\" class=\"button\"  data-sending-label=\"G\u00f6nderiliyor\"\/><\/p><\/fieldset><\/form><div id=\"ajaxresponse_1\" class=\"ajaxresponse ajaxresponse_1 hidden\"><\/div><\/p><\/div>\n\n<style type=\"text\/css\" data-created_by=\"avia_inline_auto\" id=\"style-css-av-3p68b-5593200a8be5fbc5245b68462d27784c\">\n.flex_column.av-3p68b-5593200a8be5fbc5245b68462d27784c{\nborder-radius:0px 0px 0px 0px;\npadding:0px 0px 0px 0px;\n}\n<\/style>\n<div  class='flex_column av-3p68b-5593200a8be5fbc5245b68462d27784c av_one_third  avia-builder-el-5  el_after_av_two_third  avia-builder-el-last  flex_column_div av-animated-generic bottom-to-top av-zero-column-padding  '     ><p>\n<style type=\"text\/css\" data-created_by=\"avia_inline_auto\" id=\"style-css-av-uix7f-5986276e1a691bc47738c03bf761531f\">\n#top .av-special-heading.av-uix7f-5986276e1a691bc47738c03bf761531f{\npadding-bottom:0;\n}\nbody .av-special-heading.av-uix7f-5986276e1a691bc47738c03bf761531f .av-special-heading-tag .heading-char{\nfont-size:25px;\n}\n.av-special-heading.av-uix7f-5986276e1a691bc47738c03bf761531f .av-subheading{\nfont-size:15px;\n}\n<\/style>\n<div  class='av-special-heading av-uix7f-5986276e1a691bc47738c03bf761531f av-special-heading-h3 blockquote modern-quote  avia-builder-el-6  el_before_av_hr  avia-builder-el-first '><h3 class='av-special-heading-tag'  itemprop=\"headline\"  >Adres ve \u0130\u015fletme Bilgileri<\/h3><div class=\"special-heading-border\"><div class=\"special-heading-inner-border\"><\/div><\/div><\/div><br \/>\n\n<style type=\"text\/css\" data-created_by=\"avia_inline_auto\" id=\"style-css-av-e7qbf-23bc06aa3948fb0c3c9d4b59ec877a8e\">\n#top .hr.av-e7qbf-23bc06aa3948fb0c3c9d4b59ec877a8e{\nmargin-top:10px;\nmargin-bottom:10px;\n}\n.hr.av-e7qbf-23bc06aa3948fb0c3c9d4b59ec877a8e .hr-inner{\nwidth:50px;\nborder-color:#5f5ea2;\n}\n<\/style>\n<div  class='hr av-e7qbf-23bc06aa3948fb0c3c9d4b59ec877a8e hr-custom  avia-builder-el-7  el_after_av_heading  el_before_av_textblock  hr-left hr-icon-no'><span class='hr-inner inner-border-av-border-fat'><span class=\"hr-inner-style\"><\/span><\/span><\/div><br \/>\n<section  class='av_textblock_section av-6sfmr-21f452de2074a6eb54a58e924df00904 '   itemscope=\"itemscope\" itemtype=\"https:\/\/schema.org\/CreativeWork\" ><div class='avia_textblock'  itemprop=\"text\" ><h3>Hakan \u00dcnsal<\/h3>\n<h4><a href=\"tel:\/\/+491622008372\">+49 162 200 83 72<\/a><br \/>\n(Erkekler i\u00e7in)<\/h4>\n<div class=\"row\">\n<div class=\"col-md-6\">\n<hr \/>\n<h3>\u00a0H\u00fclya \u00dcnsal<\/h3>\n<h4><a href=\"tel:\/\/+4915774500745\">+49 157 745 00 745<\/a><br \/>\n(Han\u0131mlar i\u00e7in)<\/h4>\n<hr \/>\n<\/div>\n<\/div>\n<p><strong>Adres<\/strong><\/p>\n<p>Hauptstra\u00dfe Nr: 15 41236, M\u00f6nchengladbach<\/p>\n<hr \/>\n<p><strong>\u0130leti\u015fim<br \/>\n<\/strong>uensal@ok.de<\/p>\n<hr \/>\n<p><strong>\u00c7al\u0131\u015fma Saatleri:<br \/>\n<\/strong>Pazartesi &#8211; Cuma 09:00 &#8211; 17:00<br \/>\nCumartesi\u00a0 &#8211; Pazar: Kapal\u0131<\/p>\n<\/div><\/section><\/p><\/div>\n","protected":false},"excerpt":{"rendered":"","protected":false},"author":1,"featured_media":0,"parent":0,"menu_order":0,"comment_status":"closed","ping_status":"closed","template":"","meta":{"_joinchat":[],"footnotes":""},"class_list":["post-323","page","type-page","status-publish","hentry"],"_links":{"self":[{"href":"https:\/\/familienberatung-mg.de\/tr\/wp-json\/wp\/v2\/pages\/323","targetHints":{"allow":["GET"]}}],"collection":[{"href":"https:\/\/familienberatung-mg.de\/tr\/wp-json\/wp\/v2\/pages"}],"about":[{"href":"https:\/\/familienberatung-mg.de\/tr\/wp-json\/wp\/v2\/types\/page"}],"author":[{"embeddable":true,"href":"https:\/\/familienberatung-mg.de\/tr\/wp-json\/wp\/v2\/users\/1"}],"replies":[{"embeddable":true,"href":"https:\/\/familienberatung-mg.de\/tr\/wp-json\/wp\/v2\/comments?post=323"}],"version-history":[{"count":4,"href":"https:\/\/familienberatung-mg.de\/tr\/wp-json\/wp\/v2\/pages\/323\/revisions"}],"predecessor-version":[{"id":769,"href":"https:\/\/familienberatung-mg.de\/tr\/wp-json\/wp\/v2\/pages\/323\/revisions\/769"}],"wp:attachment":[{"href":"https:\/\/familienberatung-mg.de\/tr\/wp-json\/wp\/v2\/media?parent=323"}],"curies":[{"name":"wp","href":"https:\/\/api.w.org\/{rel}","templated":true}]}}