{"id":321,"date":"2023-08-02T08:25:34","date_gmt":"2023-08-02T05:25:34","guid":{"rendered":"https:\/\/familienberatung-mg.de\/?page_id=321"},"modified":"2023-08-05T00:49:36","modified_gmt":"2023-08-04T21:49:36","slug":"degerlerimiz","status":"publish","type":"page","link":"https:\/\/familienberatung-mg.de\/tr\/degerlerimiz\/","title":{"rendered":"De\u011ferlerimiz"},"content":{"rendered":"<section  class='av_textblock_section av-lkx46rxk-123909ec0664b1afff0d57cb503eaf89 '   itemscope=\"itemscope\" itemtype=\"https:\/\/schema.org\/CreativeWork\" ><div class='avia_textblock'  itemprop=\"text\" ><p style=\"text-align: justify;\">Tutku ve azimle y\u00fcr\u00fctt\u00fc\u011f\u00fcm\u00fcz b\u00fct\u00fcnc\u00fcl tedavi yakla\u015f\u0131m\u0131m\u0131zda, akademik bilgilerin yan\u0131 s\u0131ra \u0130bni Sina&#8217;dan derledi\u011fimiz b\u00fct\u00fcnc\u00fcl \u015fifay\u0131 \u00f6rf adet ve dini \u00e7er\u00e7eveler i\u00e7erisinde de g\u00f6z \u00f6n\u00fcnde bulunduruyoruz. Bu benzersiz yakla\u015f\u0131m\u0131m\u0131zla, insanlara sadece fiziksel de\u011fil, ayn\u0131 zamanda ruhsal ve manevi boyutlarda da \u015fifa sa\u011flamay\u0131 ama\u00e7l\u0131yoruz.<\/p>\n<p style=\"text-align: justify;\">Misyonumuzun bir par\u00e7as\u0131 olarak, g\u00fcn\u00fcm\u00fczde y\u0131pranan aile de\u011ferlerini tekrar in\u015fa etmeye odaklan\u0131yoruz. Geleneksel de\u011ferlerimizin temel ald\u0131\u011f\u0131 bu y\u00f6ntemde, dan\u0131\u015fmanl\u0131k s\u00fcrecimizde \u00f6rf ve adetlerimizi ve dini de\u011ferlerimizi \u00f6zenle vurguluyoruz. \u0130nsanlar\u0131n k\u00fclt\u00fcrel kimliklerini ve inan\u00e7lar\u0131n\u0131 korumak ve onlara sayg\u0131 g\u00f6stermek, dan\u0131\u015fmanl\u0131k s\u00fcrecimizin temel ta\u015flar\u0131ndan biridir.<\/p>\n<p style=\"text-align: justify;\">\u0130bni Sina&#8217;n\u0131n felsefesinden ilham alarak, bireylerin i\u00e7sel huzura kavu\u015fmalar\u0131na ve manevi a\u00e7\u0131dan g\u00fc\u00e7lenmelerine destek oluyoruz. Tedavi s\u00fcrecimizde, sadece ge\u00e7ici \u00e7\u00f6z\u00fcmler de\u011fil, kal\u0131c\u0131 de\u011fi\u015fimler hedefliyoruz. Bu nedenle, \u00f6rf, adet ve dini \u00e7er\u00e7eveleri dan\u0131\u015fmanl\u0131k s\u00fcrecimizin merkezine yerle\u015ftiriyoruz.<\/p>\n<p style=\"text-align: justify;\">T\u00fcm dan\u0131\u015fanlar\u0131m\u0131z\u0131n k\u00fclt\u00fcrel ve dini kimliklerine duyarl\u0131l\u0131kla yakla\u015farak, onlar\u0131n i\u00e7sel g\u00fcc\u00fcn\u00fc ke\u015ffetmelerine ve toplumlar\u0131ndaki de\u011ferleriyle uyumlu bir \u015fekilde geli\u015fmelerine yard\u0131mc\u0131 oluyoruz. B\u00f6ylece, b\u00fct\u00fcnsel bir iyile\u015fme s\u00fcrecine katk\u0131da bulunuyor ve hayatlar\u0131na anlam ve ama\u00e7 kat\u0131yoruz.<\/p>\n<p style=\"text-align: justify;\">B\u00fct\u00fcnc\u00fcl tedavi yakla\u015f\u0131m\u0131m\u0131zla, insanlar\u0131n fiziksel, ruhsal ve manevi boyutlarda \u015fifalanmalar\u0131n\u0131 desteklemeye devam edece\u011fiz. \u00d6rf, adet ve dini de\u011ferlerin insanlar\u0131n ruhsal sa\u011fl\u0131\u011f\u0131na olan etkisini \u00f6nemsiyor ve bu de\u011ferleri g\u00f6zeterek, toplumumuzda daha sa\u011fl\u0131kl\u0131 ve mutlu bireylerin olu\u015fmas\u0131na katk\u0131 sa\u011flamay\u0131 s\u00fcrd\u00fcrece\u011fiz. Azmimizle, aile de\u011ferlerinin tekrar in\u015fa edilmesi misyonumuzun \u00f6nemli bir par\u00e7as\u0131 olacak ve toplumumuzdaki aile ba\u011flar\u0131n\u0131n g\u00fc\u00e7lenmesine katk\u0131da bulunaca\u011f\u0131z. Geleneksel de\u011ferler, \u00f6rf adetler ve dini de\u011ferler \u00e7er\u00e7evesinde insanlara psikolojik dan\u0131\u015fmanl\u0131k hizmeti sa\u011flamak, misyonumuzun temelini olu\u015fturuyor. Bu de\u011ferlerin, dan\u0131\u015fanlar\u0131n g\u00fcvenini kazanma ve onlar\u0131n hayatlar\u0131na olumlu bir etki b\u0131rakma yolunda \u00f6nemli bir rol\u00fc oldu\u011funa inan\u0131yorum.<\/p>\n<p style=\"text-align: justify;\">K\u00fclt\u00fcrel ve dini ba\u011flam\u0131 dikkate alan bir yakla\u015f\u0131mla dan\u0131\u015fmanl\u0131k yapmak, insanlar\u0131 daha iyi anlayabilmemize ve onlar\u0131n ya\u015fad\u0131\u011f\u0131 zorluklarla daha etkili bir \u015fekilde ba\u015fa \u00e7\u0131kmalar\u0131na destek olmam\u0131za yard\u0131mc\u0131 oluyor. Toplumumuzda zamanla y\u0131pranan aile k\u00fclt\u00fcr\u00fcn\u00fc onarmak ve g\u00fc\u00e7lendirmek, \u00f6zellikle bug\u00fcn\u00fcn h\u0131zla de\u011fi\u015fen d\u00fcnyas\u0131nda \u00f6nemli bir g\u00f6revdir.<\/p>\n<p style=\"text-align: justify;\">Aileler, toplumun temel yap\u0131 ta\u015flar\u0131d\u0131r ve geleneksel de\u011ferlerin \u00f6z\u00fcnde yer al\u0131r. Ancak modern ya\u015fam\u0131n getirdi\u011fi zorluklar ve d\u0131\u015f etkiler, aile birli\u011fini zay\u0131flatabilir ve de\u011ferlerin y\u0131pranmas\u0131na neden olabilir. Bu nedenle, dan\u0131\u015fmanl\u0131k s\u00fcrecimizde ailelerin geleneksel de\u011ferlerini koruyarak, onlar\u0131n daha sa\u011fl\u0131kl\u0131 ve uyumlu bir \u015fekilde i\u015flev g\u00f6rmelerine katk\u0131da bulunmak hedefimizdir.<\/p>\n<\/div><\/section>\n","protected":false},"excerpt":{"rendered":"","protected":false},"author":1,"featured_media":0,"parent":0,"menu_order":0,"comment_status":"closed","ping_status":"closed","template":"","meta":{"_joinchat":[],"footnotes":""},"class_list":["post-321","page","type-page","status-publish","hentry"],"_links":{"self":[{"href":"https:\/\/familienberatung-mg.de\/tr\/wp-json\/wp\/v2\/pages\/321","targetHints":{"allow":["GET"]}}],"collection":[{"href":"https:\/\/familienberatung-mg.de\/tr\/wp-json\/wp\/v2\/pages"}],"about":[{"href":"https:\/\/familienberatung-mg.de\/tr\/wp-json\/wp\/v2\/types\/page"}],"author":[{"embeddable":true,"href":"https:\/\/familienberatung-mg.de\/tr\/wp-json\/wp\/v2\/users\/1"}],"replies":[{"embeddable":true,"href":"https:\/\/familienberatung-mg.de\/tr\/wp-json\/wp\/v2\/comments?post=321"}],"version-history":[{"count":0,"href":"https:\/\/familienberatung-mg.de\/tr\/wp-json\/wp\/v2\/pages\/321\/revisions"}],"wp:attachment":[{"href":"https:\/\/familienberatung-mg.de\/tr\/wp-json\/wp\/v2\/media?parent=321"}],"curies":[{"name":"wp","href":"https:\/\/api.w.org\/{rel}","templated":true}]}}