{"id":315,"date":"2023-08-02T08:25:10","date_gmt":"2023-08-02T05:25:10","guid":{"rendered":"https:\/\/familienberatung-mg.de\/?page_id=315"},"modified":"2023-08-05T01:06:02","modified_gmt":"2023-08-04T22:06:02","slug":"isveren-danismanlik","status":"publish","type":"page","link":"https:\/\/familienberatung-mg.de\/tr\/calisma-alanlari\/isveren-danismanlik\/","title":{"rendered":"\u0130\u015fveren Dan\u0131\u015fmanl\u0131k"},"content":{"rendered":"<section  class='av_textblock_section av-lkx4xjzx-68d461666212ca770173219e12d5df74 '   itemscope=\"itemscope\" itemtype=\"https:\/\/schema.org\/CreativeWork\" ><div class='avia_textblock'  itemprop=\"text\" ><p style=\"text-align: justify;\"><strong>De\u011ferli \u0130\u015fverenler,<\/strong><\/p>\n<p style=\"text-align: justify;\">\u0130\u015f d\u00fcnyas\u0131nda kar\u015f\u0131la\u015f\u0131lan zorluklar ve de\u011fi\u015fen i\u015f ortam\u0131, i\u015fverenler i\u00e7in \u00f6nemli meydan okumalara neden olabilir. \u0130\u015fveren Dan\u0131\u015fmanl\u0131\u011f\u0131 hizmetimizle, sizin i\u00e7in i\u015finizin b\u00fcy\u00fcmesini ve ba\u015far\u0131l\u0131 bir gelecek in\u015fa etmenizi desteklemek i\u00e7in buraday\u0131z. Tutku ve azimle y\u00fcr\u00fctt\u00fc\u011f\u00fcm\u00fcz bu s\u00fcre\u00e7te, i\u015fletmenizin g\u00fcc\u00fcne g\u00fc\u00e7 katmak i\u00e7in \u00e7abal\u0131yoruz.<\/p>\n<p style=\"text-align: justify;\">\u0130\u015fveren Dan\u0131\u015fmanl\u0131\u011f\u0131, i\u015finizin performans\u0131n\u0131 art\u0131rmak, verimlili\u011fi y\u00fckseltmek ve stratejik planlamayla gelece\u011fe odaklanmak i\u00e7in kritik bir unsurdur. \u0130\u015fletmenizin hedeflerine ula\u015fmas\u0131 ve rekabet avantaj\u0131 elde etmesi i\u00e7in size rehberlik ediyoruz.<\/p>\n<p style=\"text-align: justify;\">\u0130\u015fletmenizdeki s\u00fcre\u00e7leri g\u00f6zden ge\u00e7irerek, operasyonel verimlili\u011fi art\u0131rmak ve i\u015f g\u00fcc\u00fcn\u00fcz\u00fcn potansiyelini en \u00fcst d\u00fczeye \u00e7\u0131karmak i\u00e7in size \u00f6zelle\u015ftirilmi\u015f \u00e7\u00f6z\u00fcmler sunuyoruz. \u0130nsan kaynaklar\u0131 y\u00f6netimi, e\u011fitim ve geli\u015ftirme, i\u015f s\u00fcre\u00e7leri iyile\u015ftirmesi gibi alanlarda uzmanl\u0131\u011f\u0131m\u0131zla, i\u015fletmenizin g\u00fc\u00e7l\u00fc y\u00f6nlerini daha da geli\u015ftiriyoruz.<\/p>\n<p style=\"text-align: justify;\">\u0130\u015fveren Dan\u0131\u015fmanl\u0131\u011f\u0131 s\u00fcrecimizde, i\u015fletmenizin ihtiya\u00e7lar\u0131na uygun stratejiler belirlemek i\u00e7in verilerden yararlan\u0131yoruz. Ayn\u0131 zamanda, piyasa trendlerini takip ederek i\u015f d\u00fcnyas\u0131ndaki de\u011fi\u015fikliklere adapte olman\u0131za yard\u0131mc\u0131 oluyoruz.<\/p>\n<p style=\"text-align: justify;\">\u0130\u015fletmenizdeki insan kaynaklar\u0131 y\u00f6netimi, liderlik geli\u015fimi ve tak\u0131m performans\u0131n\u0131z\u0131 art\u0131rmak i\u00e7in sizinle i\u015fbirli\u011fi i\u00e7inde \u00e7al\u0131\u015f\u0131yoruz. \u0130\u015fveren Dan\u0131\u015fmanl\u0131\u011f\u0131 s\u00fcrecimizde, i\u015fletmenizin k\u0131sa ve uzun vadeli hedeflerini belirlemek ve bunlar\u0131 ba\u015farmak i\u00e7in stratejiler olu\u015fturmak, en b\u00fcy\u00fck \u00f6nceli\u011fimizdir.<\/p>\n<p style=\"text-align: justify;\">Sizin i\u00e7in en uygun \u00e7\u00f6z\u00fcmleri sunarak, i\u015fletmenizin b\u00fcy\u00fcmesine ve ba\u015far\u0131ya ula\u015fmas\u0131na katk\u0131 sa\u011flamak, i\u015fveren dan\u0131\u015fmanl\u0131\u011f\u0131m\u0131z\u0131n temel amac\u0131d\u0131r.<\/p>\n<p style=\"text-align: justify;\">\u0130\u015fletmenizin g\u00fcc\u00fcne g\u00fc\u00e7 katmak ve rekabette \u00f6ne \u00e7\u0131kmak i\u00e7in i\u015fveren dan\u0131\u015fmanl\u0131\u011f\u0131 hizmetimizde sizleri bekliyoruz.<\/p>\n<\/div><\/section>\n","protected":false},"excerpt":{"rendered":"","protected":false},"author":1,"featured_media":0,"parent":296,"menu_order":0,"comment_status":"closed","ping_status":"closed","template":"","meta":{"_joinchat":[],"footnotes":""},"class_list":["post-315","page","type-page","status-publish","hentry"],"_links":{"self":[{"href":"https:\/\/familienberatung-mg.de\/tr\/wp-json\/wp\/v2\/pages\/315","targetHints":{"allow":["GET"]}}],"collection":[{"href":"https:\/\/familienberatung-mg.de\/tr\/wp-json\/wp\/v2\/pages"}],"about":[{"href":"https:\/\/familienberatung-mg.de\/tr\/wp-json\/wp\/v2\/types\/page"}],"author":[{"embeddable":true,"href":"https:\/\/familienberatung-mg.de\/tr\/wp-json\/wp\/v2\/users\/1"}],"replies":[{"embeddable":true,"href":"https:\/\/familienberatung-mg.de\/tr\/wp-json\/wp\/v2\/comments?post=315"}],"version-history":[{"count":0,"href":"https:\/\/familienberatung-mg.de\/tr\/wp-json\/wp\/v2\/pages\/315\/revisions"}],"up":[{"embeddable":true,"href":"https:\/\/familienberatung-mg.de\/tr\/wp-json\/wp\/v2\/pages\/296"}],"wp:attachment":[{"href":"https:\/\/familienberatung-mg.de\/tr\/wp-json\/wp\/v2\/media?parent=315"}],"curies":[{"name":"wp","href":"https:\/\/api.w.org\/{rel}","templated":true}]}}