{"id":313,"date":"2023-08-02T08:25:02","date_gmt":"2023-08-02T05:25:02","guid":{"rendered":"https:\/\/familienberatung-mg.de\/?page_id=313"},"modified":"2023-08-05T01:05:20","modified_gmt":"2023-08-04T22:05:20","slug":"isci-yonetme-ve-gelistirme-danismanligi","status":"publish","type":"page","link":"https:\/\/familienberatung-mg.de\/tr\/calisma-alanlari\/isci-yonetme-ve-gelistirme-danismanligi\/","title":{"rendered":"\u0130\u015f\u00e7i Y\u00f6netme ve Geli\u015ftirme Dan\u0131\u015fmanl\u0131\u011f\u0131"},"content":{"rendered":"<section  class='av_textblock_section av-lkx4wn8w-cdb03cff72c0ad03f8ebf00b0691a5ff '   itemscope=\"itemscope\" itemtype=\"https:\/\/schema.org\/CreativeWork\" ><div class='avia_textblock'  itemprop=\"text\" ><p style=\"text-align: justify;\"><strong>De\u011ferli \u0130\u015fverenler,<\/strong><\/p>\n<p style=\"text-align: justify;\">\u0130\u015f d\u00fcnyas\u0131nda, i\u015f\u00e7ilerin verimlili\u011fini art\u0131rmak, \u00e7al\u0131\u015fan memnuniyetini y\u00fckseltmek ve i\u015f\u00e7i y\u00f6netim s\u00fcre\u00e7lerini etkin bir \u015fekilde y\u00fcr\u00fctmek, ba\u015far\u0131l\u0131 bir i\u015fletme i\u00e7in kritik \u00f6neme sahiptir. \u0130\u015f\u00e7i Y\u00f6netim Dan\u0131\u015fmanl\u0131\u011f\u0131 hizmetimizle, i\u015fletmenizin insan kaynaklar\u0131 y\u00f6netimini g\u00fc\u00e7lendirmek ve i\u015f\u00e7i y\u00f6netimi s\u00fcre\u00e7lerini optimize etmek i\u00e7in buraday\u0131z.<\/p>\n<p style=\"text-align: justify;\">Tutku ve azimle y\u00fcr\u00fctt\u00fc\u011f\u00fcm\u00fcz bu s\u00fcre\u00e7te, i\u015fletmenizdeki i\u015f\u00e7i y\u00f6netimiyle ilgili ihtiya\u00e7lar\u0131n\u0131z\u0131 anlamak ve en uygun \u00e7\u00f6z\u00fcmleri sunmak i\u00e7in \u00e7aba sarf ediyoruz. \u0130\u015fletmenizin ba\u015far\u0131s\u0131 ve s\u00fcrd\u00fcr\u00fclebilir b\u00fcy\u00fcmesi i\u00e7in i\u015f\u00e7i y\u00f6netiminin verimli bir \u015fekilde i\u015flemesi b\u00fcy\u00fck \u00f6nem ta\u015f\u0131r.<\/p>\n<p style=\"text-align: justify;\">\u0130\u015f\u00e7i Y\u00f6netim Dan\u0131\u015fmanl\u0131\u011f\u0131 s\u00fcrecimizde, i\u015fletmenizin organizasyon yap\u0131s\u0131n\u0131 de\u011ferlendirerek, i\u015f\u00e7ilerinizi en etkili \u015fekilde y\u00f6netmeye y\u00f6nelik stratejiler olu\u015fturuyoruz. \u0130\u015fletmenizdeki e\u011fitim ve geli\u015ftirme ihtiya\u00e7lar\u0131n\u0131 belirlemek, i\u015f\u00e7ilerinizi motive etmek ve tak\u0131m \u00e7al\u0131\u015fmalar\u0131n\u0131 desteklemek i\u00e7in \u00f6zelle\u015ftirilmi\u015f yakla\u015f\u0131mlar sunuyoruz.<\/p>\n<p style=\"text-align: justify;\">\u0130\u015f\u00e7i memnuniyetini art\u0131rmak ve i\u015f\u00e7i ba\u011fl\u0131l\u0131\u011f\u0131n\u0131 y\u00fckseltmek i\u00e7in size rehberlik ediyoruz. \u0130\u015fletmenizdeki \u00e7al\u0131\u015fanlar\u0131n potansiyellerini ke\u015ffetmek ve onlar\u0131n yeteneklerini en iyi \u015fekilde kullanmak, i\u015f\u00e7i y\u00f6netimi ba\u015far\u0131s\u0131n\u0131n anahtar\u0131d\u0131r.<\/p>\n<p style=\"text-align: justify;\">Ekip \u00e7al\u0131\u015fmalar\u0131n\u0131 desteklemek, performans de\u011ferlendirme sistemleri olu\u015fturmak ve i\u015f\u00e7i y\u00f6netimi s\u00fcre\u00e7lerini verimli hale getirmek i\u00e7in bilimsel temellere dayal\u0131 y\u00f6ntemler kullan\u0131yoruz. Bu sayede, i\u015fletmenizdeki \u00e7al\u0131\u015fanlar\u0131n performans\u0131n\u0131 art\u0131rmak ve i\u015fletmenizin ba\u015far\u0131s\u0131na katk\u0131da bulunmak i\u00e7in etkili bir yol haritas\u0131 olu\u015fturuyoruz.<\/p>\n<p style=\"text-align: justify;\">Unutmay\u0131n ki, i\u015f\u00e7i y\u00f6netimi, i\u015fletmenizin ba\u015far\u0131s\u0131 i\u00e7in hayati \u00f6neme sahiptir. \u0130\u015f\u00e7i Y\u00f6netim Dan\u0131\u015fmanl\u0131\u011f\u0131 hizmetimizle, sizin i\u00e7in en uygun \u00e7\u00f6z\u00fcmleri sunarak, i\u015fletmenizin insan kaynaklar\u0131 y\u00f6netimini g\u00fc\u00e7lendirmek ve i\u015f\u00e7i y\u00f6netimi s\u00fcre\u00e7lerini optimize etmek amac\u0131nday\u0131z.<\/p>\n<p style=\"text-align: justify;\">\u0130\u015fletmenizin g\u00fcc\u00fcne g\u00fc\u00e7 katmak ve ba\u015far\u0131ya ula\u015fmak i\u00e7in i\u015f\u00e7i y\u00f6netim dan\u0131\u015fmanl\u0131\u011f\u0131 hizmetimizde sizleri bekliyoruz.<\/p>\n<\/div><\/section>\n","protected":false},"excerpt":{"rendered":"","protected":false},"author":1,"featured_media":0,"parent":296,"menu_order":0,"comment_status":"closed","ping_status":"closed","template":"","meta":{"_joinchat":[],"footnotes":""},"class_list":["post-313","page","type-page","status-publish","hentry"],"_links":{"self":[{"href":"https:\/\/familienberatung-mg.de\/tr\/wp-json\/wp\/v2\/pages\/313","targetHints":{"allow":["GET"]}}],"collection":[{"href":"https:\/\/familienberatung-mg.de\/tr\/wp-json\/wp\/v2\/pages"}],"about":[{"href":"https:\/\/familienberatung-mg.de\/tr\/wp-json\/wp\/v2\/types\/page"}],"author":[{"embeddable":true,"href":"https:\/\/familienberatung-mg.de\/tr\/wp-json\/wp\/v2\/users\/1"}],"replies":[{"embeddable":true,"href":"https:\/\/familienberatung-mg.de\/tr\/wp-json\/wp\/v2\/comments?post=313"}],"version-history":[{"count":0,"href":"https:\/\/familienberatung-mg.de\/tr\/wp-json\/wp\/v2\/pages\/313\/revisions"}],"up":[{"embeddable":true,"href":"https:\/\/familienberatung-mg.de\/tr\/wp-json\/wp\/v2\/pages\/296"}],"wp:attachment":[{"href":"https:\/\/familienberatung-mg.de\/tr\/wp-json\/wp\/v2\/media?parent=313"}],"curies":[{"name":"wp","href":"https:\/\/api.w.org\/{rel}","templated":true}]}}