{"id":310,"date":"2023-08-02T08:24:44","date_gmt":"2023-08-02T05:24:44","guid":{"rendered":"https:\/\/familienberatung-mg.de\/?page_id=310"},"modified":"2023-08-05T01:03:46","modified_gmt":"2023-08-04T22:03:46","slug":"mizac-ve-kisisel-analizi","status":"publish","type":"page","link":"https:\/\/familienberatung-mg.de\/tr\/calisma-alanlari\/mizac-ve-kisisel-analizi\/","title":{"rendered":"Miza\u00e7 ve Ki\u015fisel Analizi"},"content":{"rendered":"<section  class='av_textblock_section av-lkx4ugij-053335856f166b79f38df5b4ee1a9f39 '   itemscope=\"itemscope\" itemtype=\"https:\/\/schema.org\/CreativeWork\" ><div class='avia_textblock'  itemprop=\"text\" ><p style=\"text-align: justify;\"><strong>De\u011ferli Ziyaret\u00e7iler,<\/strong><\/p>\n<p style=\"text-align: justify;\">Mizac ve ki\u015fisel analiz, \u0130slam d\u00fcnyas\u0131n\u0131n b\u00fcy\u00fck filozoflar\u0131ndan \u0130bni Sina&#8217;n\u0131n felsefesine dayanan benzersiz bir yakla\u015f\u0131md\u0131r. Bu yakla\u015f\u0131m, insan\u0131n ruhsal ve fiziksel yap\u0131lar\u0131n\u0131n anla\u015f\u0131lmas\u0131na ve ki\u015fisel potansiyelinin ke\u015ffedilmesine odaklan\u0131r. Tutku ve azimle y\u00fcr\u00fctt\u00fc\u011f\u00fcm\u00fcz bu s\u00fcre\u00e7te, sizin i\u00e7in \u0130bni Sina&#8217;n\u0131n felsefesine dayanan mizac ve ki\u015fisel analiz dan\u0131\u015fmanl\u0131\u011f\u0131 hizmeti sunuyoruz.<\/p>\n<p style=\"text-align: justify;\">\u0130bni Sina, do\u011fal ilimler, t\u0131p ve felsefe alan\u0131nda b\u00fcy\u00fck katk\u0131larda bulunan bir bilgin ve filozoftu. Onun felsefesi, insan\u0131n mizac\u0131n\u0131n, karakterinin ve ki\u015filik \u00f6zelliklerinin anla\u015f\u0131lmas\u0131nda \u00f6nemli bir rol oynar. Mizac, insan\u0131n do\u011fu\u015ftan getirdi\u011fi e\u011filimler ve davran\u0131\u015f kal\u0131plar\u0131n\u0131 ifade eder. \u0130bni Sina&#8217;ya g\u00f6re, insanlar\u0131n farkl\u0131 mizac t\u00fcrleri vard\u0131r ve bu farkl\u0131l\u0131klar, onlar\u0131n d\u00fc\u015f\u00fcnce tarzlar\u0131, davran\u0131\u015flar\u0131 ve e\u011filimleri \u00fczerinde belirleyici bir etkiye sahiptir.<\/p>\n<p style=\"text-align: justify;\">Mizac ve ki\u015fisel analiz s\u00fcrecimizde, sizin i\u00e7in \u00f6zelle\u015ftirilmi\u015f bir yakla\u015f\u0131m sunarak, do\u011fu\u015ftan getirdi\u011finiz mizac\u0131n\u0131z\u0131 anlaman\u0131za ve bu bilgileri g\u00fcnl\u00fck hayat\u0131n\u0131za entegre etmenize yard\u0131mc\u0131 oluyoruz. \u0130bni Sina&#8217;n\u0131n felsefesine dayanan bu analizle, i\u00e7sel potansiyelinizi ke\u015ffetmenize ve kendinizi daha iyi anlaman\u0131za olanak tan\u0131yoruz.<\/p>\n<p style=\"text-align: justify;\">Mizac ve ki\u015fisel analiz, hem bireylerin kendi i\u00e7sel d\u00fcnyalar\u0131n\u0131 ke\u015ffetmelerine hem de di\u011fer insanlarla olan ili\u015fkilerini anlamalar\u0131na katk\u0131 sa\u011flar. Bu yakla\u015f\u0131m, i\u015f ili\u015fkilerinde, aile i\u00e7inde ve sosyal \u00e7evrede daha iyi anla\u015f\u0131lma ve uyum sa\u011flamaya yard\u0131mc\u0131 olur.<\/p>\n<p style=\"text-align: justify;\">\u0130bni Sina&#8217;n\u0131n felsefesiyle yolculuk, sizin i\u00e7in daha b\u00fct\u00fcnsel bir anlay\u0131\u015f ve ki\u015fisel geli\u015fim f\u0131rsat\u0131 sunar. Size rehberlik ederek, mizac\u0131n\u0131z\u0131n ve ki\u015filik \u00f6zelliklerinizin g\u00fc\u00e7l\u00fc y\u00f6nlerini ke\u015ffetmenize ve zay\u0131f y\u00f6nlerinizi d\u00f6n\u00fc\u015ft\u00fcrmenize yard\u0131mc\u0131 oluyoruz.<\/p>\n<p style=\"text-align: justify;\">Mizac ve ki\u015fisel analiz dan\u0131\u015fmanl\u0131\u011f\u0131m\u0131zla, sizin i\u00e7in en uygun \u00e7\u00f6z\u00fcmleri sunmak ve i\u00e7sel potansiyelinizi ke\u015ffetmenize destek olmak i\u00e7in buraday\u0131z.<\/p>\n<p style=\"text-align: justify;\">Sevgi ve anlay\u0131\u015fla dolu bir yolculuk i\u00e7in sizi bekliyoruz.<\/p>\n<\/div><\/section>\n","protected":false},"excerpt":{"rendered":"","protected":false},"author":1,"featured_media":0,"parent":296,"menu_order":0,"comment_status":"closed","ping_status":"closed","template":"","meta":{"_joinchat":[],"footnotes":""},"class_list":["post-310","page","type-page","status-publish","hentry"],"_links":{"self":[{"href":"https:\/\/familienberatung-mg.de\/tr\/wp-json\/wp\/v2\/pages\/310","targetHints":{"allow":["GET"]}}],"collection":[{"href":"https:\/\/familienberatung-mg.de\/tr\/wp-json\/wp\/v2\/pages"}],"about":[{"href":"https:\/\/familienberatung-mg.de\/tr\/wp-json\/wp\/v2\/types\/page"}],"author":[{"embeddable":true,"href":"https:\/\/familienberatung-mg.de\/tr\/wp-json\/wp\/v2\/users\/1"}],"replies":[{"embeddable":true,"href":"https:\/\/familienberatung-mg.de\/tr\/wp-json\/wp\/v2\/comments?post=310"}],"version-history":[{"count":0,"href":"https:\/\/familienberatung-mg.de\/tr\/wp-json\/wp\/v2\/pages\/310\/revisions"}],"up":[{"embeddable":true,"href":"https:\/\/familienberatung-mg.de\/tr\/wp-json\/wp\/v2\/pages\/296"}],"wp:attachment":[{"href":"https:\/\/familienberatung-mg.de\/tr\/wp-json\/wp\/v2\/media?parent=310"}],"curies":[{"name":"wp","href":"https:\/\/api.w.org\/{rel}","templated":true}]}}