{"id":308,"date":"2023-08-02T08:24:35","date_gmt":"2023-08-02T05:24:35","guid":{"rendered":"https:\/\/familienberatung-mg.de\/?page_id=308"},"modified":"2023-08-05T01:11:18","modified_gmt":"2023-08-04T22:11:18","slug":"bireysel-danismanlik","status":"publish","type":"page","link":"https:\/\/familienberatung-mg.de\/tr\/calisma-alanlari\/bireysel-danismanlik\/","title":{"rendered":"Bireysel Dan\u0131\u015fmanl\u0131k"},"content":{"rendered":"<section  class='av_textblock_section av-lkx54al3-df134998c6838a27387969261752f311 '   itemscope=\"itemscope\" itemtype=\"https:\/\/schema.org\/CreativeWork\" ><div class='avia_textblock'  itemprop=\"text\" ><p style=\"text-align: justify;\">Bireysel dan\u0131\u015fmanl\u0131kta size uygun terapi y\u00f6ntemlerini kullanarak, i\u00e7sel g\u00fcc\u00fcn\u00fcz\u00fc ke\u015ffetmenize ve ya\u015fam\u0131n\u0131zda dengeyi bulman\u0131za yard\u0131mc\u0131 oluyoruz. Ayn\u0131 zamanda, \u00f6\u011frendiklerinizi g\u00fcnl\u00fck hayat\u0131n\u0131za entegre ederek, kal\u0131c\u0131 ve olumlu de\u011fi\u015fiklikler elde etmeniz i\u00e7in rehberlik sa\u011fl\u0131yoruz.<\/p>\n<p style=\"text-align: justify;\">Sizin i\u00e7in en iyi sonu\u00e7lar\u0131 elde etmek ve hayat\u0131n\u0131za anlam katmak, en b\u00fcy\u00fck \u00f6nceli\u011fimizdir. Azmimizle, sizin i\u00e7in en uygun tedavi s\u00fcrecini olu\u015fturarak, potansiyelinizi ke\u015ffetmenizi ve ya\u015fam\u0131n\u0131zda \u00f6nemli ad\u0131mlar atman\u0131z\u0131 sa\u011flayaca\u011f\u0131z.<\/p>\n<p style=\"text-align: justify;\">Bireysel dan\u0131\u015fmanl\u0131k hizmetimizde, sizinle g\u00fc\u00e7l\u00fc bir i\u015fbirli\u011fi i\u00e7inde olaca\u011f\u0131m\u0131z\u0131 unutmay\u0131n. Sizin i\u00e7in en iyi sonu\u00e7lar\u0131 elde etmek ve hayat\u0131n\u0131za anlam katmak i\u00e7in buraday\u0131z. G\u00fc\u00e7l\u00fc ve destekleyici bir yolculu\u011fa \u00e7\u0131kmak i\u00e7in sizleri bekliyoruz.<\/p>\n<\/div><\/section>\n","protected":false},"excerpt":{"rendered":"","protected":false},"author":1,"featured_media":0,"parent":296,"menu_order":0,"comment_status":"closed","ping_status":"closed","template":"","meta":{"_joinchat":[],"footnotes":""},"class_list":["post-308","page","type-page","status-publish","hentry"],"_links":{"self":[{"href":"https:\/\/familienberatung-mg.de\/tr\/wp-json\/wp\/v2\/pages\/308","targetHints":{"allow":["GET"]}}],"collection":[{"href":"https:\/\/familienberatung-mg.de\/tr\/wp-json\/wp\/v2\/pages"}],"about":[{"href":"https:\/\/familienberatung-mg.de\/tr\/wp-json\/wp\/v2\/types\/page"}],"author":[{"embeddable":true,"href":"https:\/\/familienberatung-mg.de\/tr\/wp-json\/wp\/v2\/users\/1"}],"replies":[{"embeddable":true,"href":"https:\/\/familienberatung-mg.de\/tr\/wp-json\/wp\/v2\/comments?post=308"}],"version-history":[{"count":0,"href":"https:\/\/familienberatung-mg.de\/tr\/wp-json\/wp\/v2\/pages\/308\/revisions"}],"up":[{"embeddable":true,"href":"https:\/\/familienberatung-mg.de\/tr\/wp-json\/wp\/v2\/pages\/296"}],"wp:attachment":[{"href":"https:\/\/familienberatung-mg.de\/tr\/wp-json\/wp\/v2\/media?parent=308"}],"curies":[{"name":"wp","href":"https:\/\/api.w.org\/{rel}","templated":true}]}}