{"id":306,"date":"2023-08-02T08:24:23","date_gmt":"2023-08-02T05:24:23","guid":{"rendered":"https:\/\/familienberatung-mg.de\/?page_id=306"},"modified":"2023-08-10T17:54:13","modified_gmt":"2023-08-10T14:54:13","slug":"k-v-k-k-acik-riza-metni","status":"publish","type":"page","link":"https:\/\/familienberatung-mg.de\/tr\/k-v-k-k-acik-riza-metni\/","title":{"rendered":"K.V.K.K. A\u00e7\u0131k R\u0131za Metni"},"content":{"rendered":"<section  class='av_textblock_section av-ll59vku8-748b564659464499ac85eff320d84e56 '   itemscope=\"itemscope\" itemtype=\"https:\/\/schema.org\/CreativeWork\" ><div class='avia_textblock'  itemprop=\"text\" ><p style=\"text-align: justify;\">KVKK Kapsam\u0131nda Ki\u015fisel Verilerin Yur \u00e7ine ve Yurt D\u0131\u015f\u0131na Aktar\u0131lmas\u0131na\u00a0 \u0130li\u015fkin Dan\u0131\u015fan A\u00e7\u0131k R\u0131za Metni 6698 say\u0131l\u0131 Ki\u015fisel Verilerin Korunmas\u0131 Kanunu(KVKK) nezdinde Veri Sorumlusu s\u0131fan\u0131 haiz Hakan \u00dcnsal, familienberatung-mg.de tarandan payla\u015f\u0131lan \u201cKi\u015fisel Verilerin Korunmas\u0131na \u0130li\u015fkin Genel Ayd\u0131nlatma Metni\u201d ni okudum.<\/p>\n<p style=\"text-align: justify;\">familienberatung-mg.de tarandan i\u015flenen kimlik bilgisi, ileti\u015fim bilgisi, dan\u0131\u015fan randevu\/i\u015flem bilgileri, finansal bilgileri gibi\u00a0 t\u00fcm genel nitelikli ki\u015fisel verilerimin\/velayet hakk\u0131 sahibi oldu\u011fum \u00e7ocu\u011fuma ait ki\u015fisel verilerin yur\u00e7inde Ki\u015fisel Verilerin Korunmas\u0131 Kanunu(KVKK)nun 5 inci maddenin ikinci f\u0131kras\u0131nda, yeterli \u00f6nlemler al\u0131nmak kayd\u0131yla, 6 nc\u0131 maddenin \u00fc\u00e7\u00fcnc\u00fc f\u0131kras\u0131nda, belirlenen \u015fartlardan birinin bulunmas\u0131 h\u00e2linde, ilgili ki\u015finin a\u00e7\u0131k r\u0131zas\u0131 aranmaks\u0131z\u0131n aktar\u0131labilece\u011fi,\u00a0 ki\u015fisel verilerin aktar\u0131lmas\u0131na ili\u015fkin di\u011fer kanunlarda yer alan h\u00fck\u00fcmler sakl\u0131 kalmak \u00fczere, di\u011fer hallerde a\u00e7\u0131k r\u0131zam dahilinde yur\u00e7ine aktar\u0131labilece\u011fi bilgilendirildim.<\/p>\n<p style=\"text-align: justify;\">\u0130\u015flenen t\u00fcm ki\u015fisel verilerimin (sa\u011fl\u0131k verisi dahil), KVKK\u2019n\u0131n 9. maddesinde belir len a\u00e7\u0131k r\u0131za al\u0131nmas\u0131na yer olmayan durumlar hari\u00e7 olmak \u00fczere, a\u015fa\u011f\u0131da belir len \u015fekillerde yurt d\u0131\u015f\u0131na aktar\u0131lmas\u0131 i\u00e7in a\u00e7\u0131k r\u0131zam\u0131n bulunmas\u0131 gerek\u011fini anlad\u0131m.\u00a0 Bu kapsamda; kimlik bilgisi, ile\u015fim bilgisi, dan\u0131\u015fan randevu\/i\u015flem bilgileri, finansal bilgiler gibi genel niteklili ki\u015fisel verilerimin; psikolojik dan\u0131\u015fma ve aile dan\u0131\u015fmanl\u0131\u011f\u0131 hizme i\u00e7in gerekli olan\/ uygulanan psikolojik rapor ve test sonu\u00e7lar\u0131, seans esnas\u0131nda kaydedilen, kendime ya da velayet hakk\u0131 sahibi oldu\u011fum \u00e7ocu\u011fuma ait ses ve g\u00f6r\u00fcnt\u00fcleri gibi ki\u015fisel sa\u011fl\u0131k verilerimin\/velayet hakk\u0131 sahibi oldu\u011fum \u00e7ocu\u011fumun ki\u015fisel verilerinin ve sa\u011fl\u0131k verilerinin, familienberatung-mg.de \u2018nin teknik alt yap\u0131s\u0131nda kullan\u0131lan sunucular\u0131n yurt d\u0131\u015f\u0131nda olmas\u0131 sebebiyle; i\u015f ili\u015fkisinin s\u00fcrd\u00fcr\u00fclmesi ya da tarama dan\u0131\u015fmanl\u0131k hizmeti sunulmas\u0131 ve bu hizmen devam e rilmesi amac\u0131yla \u00e7a\u011f\u0131n teknolojik geli\u015fmelerine uygun olarak kullan\u0131lmas\u0131 zaruri olan sosyal medya hesaplar\u0131, dijital depolama alanlar\u0131, elektronik posta hesaplar\u0131 ve benzeri ara\u00e7lar\u0131n kullan\u0131m\u0131 i\u00e7in yurt d\u0131\u015f\u0131 payla\u015f\u0131m\u0131n gerekli oldu\u011fu hallerde bu plaormlar\u0131n sahibi olan ve yurt d\u0131\u015f\u0131nda bulunan hizmet sunucusu ki\u015fi ve kurulu\u015flara aktar\u0131lmas\u0131n\u0131n, ancak a\u00e7\u0131k r\u0131zam bulunmas\u0131 halinde m\u00fcmk\u00fcn oldu\u011fu; verdi\u011fim a\u00e7\u0131k r\u0131zay\u0131 her zaman serbest\u00e7e geri alabilece\u011fim, a\u00e7\u0131k r\u0131zam\u0131 geri almam halinde yurt d\u0131\u015f\u0131na aktar\u0131lan ki\u015fisel verilerimin ba\u015fkaca bir hukuka uygunluk sebebi bulumad\u0131\u011f\u0131 takdirde derhal imha edilece\u011fi konusunda ve ki\u015fisel verilerime ili\u015fkin KVKK madde 11\u2019de yer alan t\u00fcm haklar\u0131m ve bunlar\u0131 ileri s\u00fcrebilece\u011fim y\u00f6ntem ve ara\u00e7lar hakk\u0131nda detayl\u0131 bilgi sahibi oldum.<\/p>\n<p style=\"text-align: justify;\">Tarama yaz\u0131l\u0131 ve s\u00f6zl\u00fc olarak gerekli ayd\u0131nlat\u0131lman\u0131n yap\u0131ld\u0131\u011f\u0131n\u0131; \u201cKi\u015fisel Verilerin Korunmas\u0131na \u0130li\u015fkin Genel\u00a0 Ayd\u0131nlatma Metnini\u201dni okudu\u011fumu anlad\u0131\u011f\u0131m\u0131; familienberatung-mg.de tarandan bu mende belir len kategorilere dahil olan t\u00fcm ki\u015fisel verilerimin\/velayet hakk\u0131 sahibi oldu\u011fum \u00e7ocu\u011fumun ki\u015fisel verilerinin ve sa\u011fl\u0131k verilerinin, belir len ama\u00e7larla yurt d\u0131\u015f\u0131nda bulunan ve an\u0131lan hizmetleri sa\u011flayan al\u0131c\u0131 gruplar\u0131na aktar\u0131lmas\u0131na;\u00a0 t\u00fcm genel nitelikli ki\u015fisel verilerimin\/ velayet hakk\u0131 sahibi oldu\u011fum \u00e7ocu\u011fumun ki\u015fisel verilerinin familienberatung-mg.de\u2019in i\u015f birli\u011fi yap\u011f\u0131, hizmet ald\u0131\u011f\u0131 3.ki\u015filer, hukuken yetkili kamu kurumu ve kurulu\u015flar, ilgili mevzuat h\u00fck\u00fcmlerinin izin verdi\u011fi ki\u015fi ve kurulu\u015flara aktar\u0131lmas\u0131na\/payla\u015f\u0131lmas\u0131na serbest irademle onay verdi\u011fimi\u00a0 beyan ve kabul ederim.\u00a0 L\u00fcen a\u015fa\u011f\u0131daki kutucu\u011fu el yaz\u0131n\u0131z ile doldurunuz ve yine el yaz\u0131n\u0131zla <strong>\u201cfamilienberatung-mg.de tarandan i\u015flenen ki\u015fisel verileriminin\/ velayet hakk\u0131 sahibi oldu\u011fum \u00e7ocu\u011fumun ki\u015fisel verilerinin ve sa\u011fl\u0131k verilerinin, belir len ama\u00e7larla do\u011frultusunda yurt d\u0131\u015f\u0131nda bulunan ve an\u0131lan hizmetleri sa\u011flayan al\u0131c\u0131 gruplar\u0131na aktar\u0131lmas\u0131na ayr\u0131ca; t\u00fcm genel nitelikli ki\u015fisel verilerimin\/velayet hakk\u0131 sahibi oldu\u011fum \u00e7ocu\u011fumun ki\u015fisel verilerinin familienberatung-mg.de \u2018nin i\u015f birli\u011fi yap\u011f\u0131, hizmet ald\u0131\u011f\u0131 3.ki\u015filere, aktar\u0131lmas\u0131na\/payla\u015f\u0131lmas\u0131na serbest irademle onay verdi\u011fimi\u00a0 beyan ve kabul ederim<\/strong>\u201d yazarak imzalay\u0131n\u0131z.<\/p>\n<p><strong>\u0130ndir<\/strong><br \/>\n<a href=\"\/wp-content\/uploads\/2023\/08\/riza-metni-psikolog.docx\" target=\"_blank\" rel=\"noopener\"><img loading=\"lazy\" decoding=\"async\" class=\"alignnone wp-image-542\" src=\"https:\/\/familienberatung-mg.de\/wp-content\/uploads\/2023\/08\/word-300x300.png\" alt=\"\" width=\"99\" height=\"99\" srcset=\"https:\/\/familienberatung-mg.de\/tr\/wp-content\/uploads\/2023\/08\/word-300x300.png 300w, https:\/\/familienberatung-mg.de\/tr\/wp-content\/uploads\/2023\/08\/word-1030x1030.png 1030w, https:\/\/familienberatung-mg.de\/tr\/wp-content\/uploads\/2023\/08\/word-80x80.png 80w, https:\/\/familienberatung-mg.de\/tr\/wp-content\/uploads\/2023\/08\/word-768x768.png 768w, https:\/\/familienberatung-mg.de\/tr\/wp-content\/uploads\/2023\/08\/word-1536x1536.png 1536w, https:\/\/familienberatung-mg.de\/tr\/wp-content\/uploads\/2023\/08\/word-36x36.png 36w, https:\/\/familienberatung-mg.de\/tr\/wp-content\/uploads\/2023\/08\/word-180x180.png 180w, https:\/\/familienberatung-mg.de\/tr\/wp-content\/uploads\/2023\/08\/word-1500x1500.png 1500w, https:\/\/familienberatung-mg.de\/tr\/wp-content\/uploads\/2023\/08\/word-705x705.png 705w, https:\/\/familienberatung-mg.de\/tr\/wp-content\/uploads\/2023\/08\/word.png 2000w\" sizes=\"auto, (max-width: 99px) 100vw, 99px\" \/><\/a><\/p>\n<\/div><\/section>\n","protected":false},"excerpt":{"rendered":"","protected":false},"author":1,"featured_media":0,"parent":0,"menu_order":0,"comment_status":"closed","ping_status":"closed","template":"","meta":{"_joinchat":[],"footnotes":""},"class_list":["post-306","page","type-page","status-publish","hentry"],"_links":{"self":[{"href":"https:\/\/familienberatung-mg.de\/tr\/wp-json\/wp\/v2\/pages\/306","targetHints":{"allow":["GET"]}}],"collection":[{"href":"https:\/\/familienberatung-mg.de\/tr\/wp-json\/wp\/v2\/pages"}],"about":[{"href":"https:\/\/familienberatung-mg.de\/tr\/wp-json\/wp\/v2\/types\/page"}],"author":[{"embeddable":true,"href":"https:\/\/familienberatung-mg.de\/tr\/wp-json\/wp\/v2\/users\/1"}],"replies":[{"embeddable":true,"href":"https:\/\/familienberatung-mg.de\/tr\/wp-json\/wp\/v2\/comments?post=306"}],"version-history":[{"count":0,"href":"https:\/\/familienberatung-mg.de\/tr\/wp-json\/wp\/v2\/pages\/306\/revisions"}],"wp:attachment":[{"href":"https:\/\/familienberatung-mg.de\/tr\/wp-json\/wp\/v2\/media?parent=306"}],"curies":[{"name":"wp","href":"https:\/\/api.w.org\/{rel}","templated":true}]}}