{"id":304,"date":"2023-08-02T08:24:17","date_gmt":"2023-08-02T05:24:17","guid":{"rendered":"https:\/\/familienberatung-mg.de\/?page_id=304"},"modified":"2023-08-10T17:57:53","modified_gmt":"2023-08-10T14:57:53","slug":"k-v-k-k-imha-politikasi","status":"publish","type":"page","link":"https:\/\/familienberatung-mg.de\/tr\/k-v-k-k-imha-politikasi\/","title":{"rendered":"K.V.K.K. \u0130mha Politikas\u0131"},"content":{"rendered":"<section  class='av_textblock_section av-ll5aa2pl-0c77ff0c376bed3eca084b5e38f72b1b '   itemscope=\"itemscope\" itemtype=\"https:\/\/schema.org\/CreativeWork\" ><div class='avia_textblock'  itemprop=\"text\" ><p style=\"text-align: justify;\"><b><strong>7. K\u0130\u015e\u0130SEL VER\u0130LER\u0130N \u0130MHA TEKN\u0130KLER\u0130NE DA\u0130R A\u00c7IKLAMALAR<\/strong><\/b><br style=\"font-weight: 400;\" \/><br style=\"font-weight: 400;\" \/><span style=\"font-weight: 400;\">Muayenehanemizce olu\u015fturulan politika ve ki\u015fisel veri envanterinde yaz\u0131l\u0131 oldu\u011fu \u00fczere, i\u015flenmi\u015f olan ki\u015fisel veri ile ilgili \u0130lgili yasal mevzuatta \u00f6ng\u00f6r\u00fclen s\u00fcre veya i\u015flendikleri ama\u00e7 i\u00e7in \u00f6ng\u00f6r\u00fclen gerekli saklama s\u00fcresinin sonunda ki\u015fisel veriler; Muayenehane yetkili birimlerince kendili\u011finden veya ilgili ki\u015fisel veri sahibinin Muayenehanemize ba\u015fvurusu \u00fczerine, 6698 say\u0131l\u0131 Kanun ve ilgili mevzuata uygun olarak a\u015fa\u011f\u0131da belirtilen y\u00f6ntem ve tekniklerle imha edilmektedir.<\/span><br style=\"font-weight: 400;\" \/><br style=\"font-weight: 400;\" \/><b><strong>7.1. Ki\u015fisel Verilerin Silinmesi<\/strong><\/b><br style=\"font-weight: 400;\" \/><br style=\"font-weight: 400;\" \/><b><strong>Sunucularda Yer Alan Ki\u015fisel Veriler:<\/strong><\/b><span style=\"font-weight: 400;\">\u00a0Sunucularda yer alan ki\u015fisel verilerden, saklanmas\u0131n\u0131 gerektiren s\u00fcre sona erenler i\u00e7in sistem y\u00f6neticisi taraf\u0131ndan ilgili kullan\u0131c\u0131lar\u0131n eri\u015fim yetkisi kald\u0131r\u0131larak silme i\u015flemi yap\u0131l\u0131r.<\/span><br style=\"font-weight: 400;\" \/><b><strong>Elektronik Ortamda Yer Alan Ki\u015fisel Veriler:<\/strong><\/b><span style=\"font-weight: 400;\">\u00a0Elektronik ortamda yer alan ki\u015fisel verilerden saklanmas\u0131n\u0131 gerektiren s\u00fcre sona erenler, veritaban\u0131 y\u00f6neticisi hari\u00e7 di\u011fer \u00e7al\u0131\u015fanlar (ilgili kullan\u0131c\u0131lar) i\u00e7in hi\u00e7bir \u015fekilde eri\u015filemez ve tekrar kullan\u0131lamaz hale getirilir.<\/span><br style=\"font-weight: 400;\" \/><b><strong>Fiziksel Ortamda Yer Alan Ki\u015fisel Veriler:<\/strong><\/b><span style=\"font-weight: 400;\">\u00a0Fiziksel ortamda tutulan ki\u015fisel verilerden saklanmas\u0131n\u0131 gerektiren s\u00fcre sona erenler i\u00e7in evrak ar\u015fivinden sorumlu birim y\u00f6neticisi hari\u00e7 di\u011fer \u00e7al\u0131\u015fanlar i\u00e7in hi\u00e7bir \u015fekilde eri\u015filemez ve tekrar kullan\u0131lamaz hale getirilir. Ayr\u0131ca, \u00fczeri okunamayacak \u015fekilde \u00e7izilerek\/boyanarak\/silinerek karartma i\u015flemi de uygulan\u0131r.<\/span><br style=\"font-weight: 400;\" \/><b><strong>Ta\u015f\u0131nabilir Medyada Bulunan Ki\u015fisel Veriler:<\/strong><\/b><span style=\"font-weight: 400;\">\u00a0Flash tabanl\u0131 saklama ortamlar\u0131nda tutulan ki\u015fisel verilerden saklanmas\u0131n\u0131 gerektiren s\u00fcre sona erenler, sistem y\u00f6neticisi taraf\u0131ndan \u015fifrelenerek ve eri\u015fim yetkisi sadece sistem y\u00f6neticisine verilerek \u015fifreleme anahtarlar\u0131yla g\u00fcvenli ortamlarda saklan\u0131r.<\/span><br style=\"font-weight: 400;\" \/><br style=\"font-weight: 400;\" \/><b><strong>7.2. Ki\u015fisel Verilerin Yok Edilmesi<\/strong><\/b><br style=\"font-weight: 400;\" \/><span style=\"font-weight: 400;\">Fiziksel Ortamda Yer Alan Ki\u015fisel Veriler: K\u00e2\u011f\u0131t ortam\u0131nda yer alan ki\u015fisel verilerden saklanmas\u0131n\u0131 gerektiren s\u00fcre sona erenler, k\u00e2\u011f\u0131t k\u0131rpma makinelerinde geri d\u00f6nd\u00fcr\u00fclemeyecek \u015fekilde yok edilir.<\/span><br style=\"font-weight: 400;\" \/><br style=\"font-weight: 400;\" \/><span style=\"font-weight: 400;\">Optik \/ Manyetik Medyada Yer Alan Ki\u015fisel Veriler: Optik medya ve manyetik medyada yer alan ki\u015fisel verilerden saklanmas\u0131n\u0131 gerektiren s\u00fcre sona erenlerin eritilmesi, yak\u0131lmas\u0131 veya toz haline getirilmesi gibi fiziksel olarak yok edilmesi i\u015flemi uygulan\u0131r. Ayr\u0131ca, manyetik medya \u00f6zel bir cihazdan ge\u00e7irilerek y\u00fcksek de\u011ferde manyetik alana maruz b\u0131rak\u0131lmas\u0131 suretiyle \u00fczerindeki veriler okunamaz hale getirilir.<\/span><br style=\"font-weight: 400;\" \/><br style=\"font-weight: 400;\" \/><b><strong>7.3. Ki\u015fisel Verilerin Anonim Hale Getirilmesi<\/strong><\/b><br style=\"font-weight: 400;\" \/><span style=\"font-weight: 400;\">Ki\u015fisel verilerin anonim hale getirilmesi, ki\u015fisel verilerin ba\u015fka verilerle e\u015fle\u015ftirilmesinde dahi, ilgili ki\u015finin kimli\u011fi belirli veya belirlenebilir olmaktan \u00e7\u0131kar\u0131larak, bir ger\u00e7ek ki\u015fiyle hi\u00e7bir surette irtibatland\u0131r\u0131lamayacak hale getirilmesidir.<\/span><br style=\"font-weight: 400;\" \/><br style=\"font-weight: 400;\" \/><span style=\"font-weight: 400;\">Ki\u015fisel verilerin anonim hale getirilmi\u015f olmas\u0131 i\u00e7in; ki\u015fisel verilerin, veri sorumlusu veya \u00fc\u00e7\u00fcnc\u00fc ki\u015filer taraf\u0131ndan geri d\u00f6nd\u00fcr\u00fclmesi ve\/veya verilerin ba\u015fka verilerle e\u015fle\u015ftirilmesi gibi kay\u0131t ortam\u0131 ve ilgili faaliyet alan\u0131 a\u00e7\u0131s\u0131ndan uygun tekniklerin kullan\u0131lmas\u0131 yoluyla dahi kimli\u011fi belirli veya belirlenebilir bir ger\u00e7ek ki\u015fiyle irtibatland\u0131r\u0131lamayacak\/ili\u015fkilendirilemeyecek hale getirilmesidir.<\/span><br style=\"font-weight: 400;\" \/><br style=\"font-weight: 400;\" \/><b><strong>8. K\u0130\u015e\u0130SEL VER\u0130LER\u0130 SAKLAMA VE \u0130MHA S\u00dcRELER\u0130<\/strong><\/b><br style=\"font-weight: 400;\" \/><span style=\"font-weight: 400;\">Muayenehanenin, i\u015fbu politika ve ilgili yasal mevzuat kapsam\u0131nda i\u015flenmekte olan ki\u015fisel verilerle ilgili olarak,<\/span><\/p>\n<ul style=\"font-weight: 400; text-align: justify;\">\n<li>S\u00fcre\u00e7lere ba\u011fl\u0131 olarak ger\u00e7ekle\u015ftirilen faaliyetler kapsam\u0131ndaki t\u00fcm ki\u015fisel verilerle ilgili ki\u015fisel veri baz\u0131nda saklama s\u00fcreleri Ki\u015fisel Veri \u0130\u015fleme Envanterinde;<\/li>\n<li>Veri kategorileri baz\u0131nda saklama s\u00fcreleri VERB\u0130S\u2019e kay\u0131tta;<\/li>\n<li>S\u00fcre\u00e7 baz\u0131nda saklama s\u00fcreleri ise Ki\u015fisel Veri Saklama ve \u0130mha Politikas\u0131nda yer al\u0131r.<\/li>\n<\/ul>\n<p style=\"text-align: justify;\"><span style=\"font-weight: 400;\">Muayenehanenin, Ki\u015fisel Veri Saklama ve \u0130mha Politikas\u0131nda bu s\u00fcreler tabloda g\u00f6sterilmi\u015ftir. Muayenehanenin me\u015fru menfaati ve ilgili veri sahibi ile yap\u0131lan, yap\u0131lacak s\u00f6zle\u015fmelerin kurulmas\u0131 ve ifas\u0131 s\u00fcre\u00e7leri, a\u00e7\u0131labilecek dava ve hukuki i\u015flemler dikkate al\u0131narak, ki\u015fisel verilerin saklama ve imha s\u00fcreleri tabloda yer almaktad\u0131r.<\/span><br style=\"font-weight: 400;\" \/><br style=\"font-weight: 400;\" \/><b><strong>TABLO 4- S\u00fcre\u00e7 Baz\u0131nda Ki\u015fisel Verileri Saklama ve \u0130mha S\u00fcreleri<\/strong><\/b><\/p>\n<table style=\"font-weight: 400;\">\n<tbody>\n<tr>\n<td width=\"208\">\n<p style=\"font-weight: 500;\"><b><strong>S\u00fcre\u00e7<\/strong><\/b><\/p>\n<\/td>\n<td width=\"203\">\n<p style=\"font-weight: 500;\"><b><strong>Saklama S\u00fcresi<\/strong><\/b><\/p>\n<\/td>\n<td>\n<p style=\"font-weight: 500;\"><b><strong>\u0130mha S\u00fcresi<\/strong><\/b><\/p>\n<\/td>\n<\/tr>\n<tr>\n<td width=\"208\">\n<p style=\"font-weight: 500;\">\u00c7al\u0131\u015fanlara ili\u015fkin bilgiler<\/p>\n<\/td>\n<td width=\"203\">\n<p style=\"font-weight: 500;\">S\u00f6zle\u015fmenin sona ermesinden itibaren 10 Y\u0131l<\/p>\n<\/td>\n<td>\n<p style=\"font-weight: 500;\">Saklama s\u00fcresinin bitimini takiben ilk denetim d\u00f6neminde, en ge\u00e7 180 g\u00fcn i\u00e7erisinde<\/p>\n<\/td>\n<\/tr>\n<tr>\n<td width=\"208\">\n<p style=\"font-weight: 500;\">\u00c7al\u0131\u015fan adaylar\u0131, Stajyer adaylar\u0131na ait \u00f6zge\u00e7mi\u015f, i\u015fe ba\u015fvuru formlar\u0131ndaki bilgiler<\/p>\n<\/td>\n<td width=\"203\">\n<p style=\"font-weight: 500;\">Talebin sonu\u00e7land\u0131r\u0131lmas\u0131ndan itibaren 1 y\u0131l<\/p>\n<\/td>\n<td>\n<p style=\"font-weight: 500;\">Talep tarihinden itibaren 30 g\u00fcn ve Saklama s\u00fcresinin bitimini takiben ilk denetim d\u00f6neminde, en ge\u00e7 180 g\u00fcn i\u00e7erisinde<\/p>\n<\/td>\n<\/tr>\n<tr>\n<td width=\"208\">\n<p style=\"font-weight: 500;\">Stajyerler (\u00f6\u011frenci)<\/p>\n<\/td>\n<td width=\"203\">\n<p style=\"font-weight: 500;\">Staj\u0131n sona ermesini takip eden takvim y\u0131l\u0131 y\u0131lba\u015f\u0131ndan itibaren 10 y\u0131l<\/p>\n<\/td>\n<td>\n<p style=\"font-weight: 500;\">Saklama s\u00fcresinin bitimini takiben ilk denetim d\u00f6neminde, en ge\u00e7 180 g\u00fcn i\u00e7erisinde<\/p>\n<\/td>\n<\/tr>\n<tr>\n<td width=\"208\">\n<p style=\"font-weight: 500;\">Hizmet Sa\u011flay\u0131c\u0131lar\u0131 Tedarik\u00e7iler\/M\u00fc\u015fteriler<\/p>\n<\/td>\n<td width=\"203\">\n<p style=\"font-weight: 500;\">S\u00f6zle\u015fme ve i\u015f ili\u015fkisinin sona ermesinden itibaren 10 y\u0131l<\/p>\n<\/td>\n<td>\n<p style=\"font-weight: 500;\">Saklama s\u00fcresinin bitimini takiben ilk denetim d\u00f6neminde, en ge\u00e7 180 g\u00fcn i\u00e7erisinde<\/p>\n<\/td>\n<\/tr>\n<tr>\n<td width=\"208\">\n<p style=\"font-weight: 500;\">Ziyaret\u00e7iler<\/p>\n<\/td>\n<td width=\"203\">\n<p style=\"font-weight: 500;\">1 Y\u0131l<\/p>\n<\/td>\n<td>\n<p style=\"font-weight: 500;\">Saklama s\u00fcresinin bitimini takiben ilk denetim d\u00f6neminde, en ge\u00e7 180 g\u00fcn i\u00e7erisinde<\/p>\n<\/td>\n<\/tr>\n<tr>\n<td width=\"208\">\n<p style=\"font-weight: 500;\">M\u00fc\u015fteriler, M\u00fc\u015fteri Yak\u0131nlar\u0131<\/p>\n<\/td>\n<td width=\"203\">\n<p style=\"font-weight: 500;\">Veri \u0130\u015fleme Amac\u0131n\u0131n Sona Ermesinden \u0130tibaren 10 Y\u0131l<\/p>\n<\/td>\n<td>\n<p style=\"font-weight: 500;\">Saklama s\u00fcresinin bitimini takiben ilk denetim d\u00f6neminde, en ge\u00e7 180 g\u00fcn i\u00e7erisinde<\/p>\n<\/td>\n<\/tr>\n<\/tbody>\n<\/table>\n<p style=\"text-align: justify;\"><br style=\"font-weight: 400;\" \/><b><strong>9. K\u0130\u015e\u0130SEL VER\u0130LER\u0130N PER\u0130YOD\u0130K \u0130MHA S\u00dcRES\u0130<\/strong><\/b><br style=\"font-weight: 400;\" \/><span style=\"font-weight: 400;\">Y\u00f6netmeli\u011fin 11 inci maddesi gere\u011fince Muayenehane, periyodik imha s\u00fcresini 6 ay olarak belirlemi\u015ftir. Buna g\u00f6re, Muayenehanede her y\u0131l \u015eubat ve A\u011fustos aylar\u0131nda periyodik imha i\u015flemi ger\u00e7ekle\u015ftirilir.<\/span><\/p>\n<\/div><\/section>\n","protected":false},"excerpt":{"rendered":"","protected":false},"author":1,"featured_media":0,"parent":0,"menu_order":0,"comment_status":"closed","ping_status":"closed","template":"","meta":{"_joinchat":[],"footnotes":""},"class_list":["post-304","page","type-page","status-publish","hentry"],"_links":{"self":[{"href":"https:\/\/familienberatung-mg.de\/tr\/wp-json\/wp\/v2\/pages\/304","targetHints":{"allow":["GET"]}}],"collection":[{"href":"https:\/\/familienberatung-mg.de\/tr\/wp-json\/wp\/v2\/pages"}],"about":[{"href":"https:\/\/familienberatung-mg.de\/tr\/wp-json\/wp\/v2\/types\/page"}],"author":[{"embeddable":true,"href":"https:\/\/familienberatung-mg.de\/tr\/wp-json\/wp\/v2\/users\/1"}],"replies":[{"embeddable":true,"href":"https:\/\/familienberatung-mg.de\/tr\/wp-json\/wp\/v2\/comments?post=304"}],"version-history":[{"count":0,"href":"https:\/\/familienberatung-mg.de\/tr\/wp-json\/wp\/v2\/pages\/304\/revisions"}],"wp:attachment":[{"href":"https:\/\/familienberatung-mg.de\/tr\/wp-json\/wp\/v2\/media?parent=304"}],"curies":[{"name":"wp","href":"https:\/\/api.w.org\/{rel}","templated":true}]}}