{"id":302,"date":"2023-08-02T08:24:09","date_gmt":"2023-08-02T05:24:09","guid":{"rendered":"https:\/\/familienberatung-mg.de\/?page_id=302"},"modified":"2023-08-10T17:41:07","modified_gmt":"2023-08-10T14:41:07","slug":"bilgi-guvenligi-politikasi","status":"publish","type":"page","link":"https:\/\/familienberatung-mg.de\/tr\/bilgi-guvenligi-politikasi\/","title":{"rendered":"Bilgi G\u00fcvenli\u011fi Politikas\u0131"},"content":{"rendered":"<p><strong>Ama\u00e7\u00a0<\/strong><\/p>\n<p>Bilgi G\u00fcvenli\u011fi Politikas\u0131&#8217;n\u0131n amac\u0131 familienberatung-mg.de web adresi ve ba\u011fl\u0131 \u015firket ve web sitelerinin i\u015f s\u00fcreklili\u011fini sa\u011flamak ve potansiyel tehditlerin etkisini azaltmak i\u00e7in bilgi g\u00fcvenli\u011fi olaylar\u0131n\u0131 engellemek veya hasar riskini minimize etmektir.<\/p>\n<p>Bu ba\u011flamda Bilgi G\u00fcvenli\u011fi Y\u00f6netim Sistemi kurularak ISO 27001:2013 standard\u0131na uyumlu olmas\u0131 hedef al\u0131nm\u0131\u015ft\u0131r.<\/p>\n<p><strong>Kapsam<\/strong><\/p>\n<p>Bu politika, familienberatung-mg.de b\u00fcnyesindeki bilgi varl\u0131klar\u0131n\u0131 kapsamaktad\u0131r. T\u00fcm lokasyonlardaki \u00e7al\u0131\u015fanlar, lokasyon i\u00e7i ve d\u0131\u015f\u0131 tedarik\u00e7iler \/ y\u00fcklenici taraf\u0131ndan uygulan\u0131r.<\/p>\n<p><strong>Sorumluluk<\/strong><\/p>\n<p>Bilgi G\u00fcvenli\u011fi Y\u00f6netim Kurulu kapsam \u00e7er\u00e7evesinde \u015firket bilgi varl\u0131klar\u0131na y\u00f6nelik risklerin \u00fcst y\u00f6netim taraf\u0131ndan onaylanan kabul edilebilir seviyede tutulmas\u0131ndan sorumludur.<\/p>\n<p><strong>Politika<\/strong><\/p>\n<ul>\n<li>Politikan\u0131n hedefi \u015firketin bilgi varl\u0131klar\u0131n\u0131 i\u00e7 ve d\u0131\u015f kas\u0131tl\u0131 veya kas\u0131ts\u0131z tehditlere kar\u015f\u0131 korumakt\u0131r.<\/li>\n<li>familienberatung-mg.de y\u00f6netimi bu politikay\u0131 onaylam\u0131\u015ft\u0131r.<\/li>\n<li>Bilgi G\u00fcvenli\u011fi Politikas\u0131 a\u015fa\u011f\u0131daki t\u00fcm gereksinimleri g\u00fcvenceye al\u0131r:\n<ul>\n<li>S\u00fcre\u00e7ler ve bilgi varl\u0131klar\u0131n\u0131n tan\u0131mlanmas\u0131 ve bunlarla ilgili risk de\u011ferlendirmelerinin metodolojik olarak ger\u00e7ekle\u015fmesi<\/li>\n<li>Bilginin yetkisiz eri\u015fimden korunmas\u0131<\/li>\n<li>Bilginin gizlili\u011finin sa\u011flanmas\u0131<\/li>\n<li>Bilginin b\u00fct\u00fcnl\u00fc\u011f\u00fcn\u00fcn korunmas\u0131<\/li>\n<li>\u0130\u015f s\u00fcre\u00e7lerinin ihtiya\u00e7 duydu\u011fu her anda bilgiye eri\u015fimin m\u00fcmk\u00fcn olmas\u0131<\/li>\n<li>Yasal y\u00fck\u00fcml\u00fcl\u00fcklerin ve s\u00f6zle\u015fmelerden do\u011fan hukuki y\u00fck\u00fcml\u00fcl\u00fcklerin yerine getirilmesi<\/li>\n<li>\u0130\u015f s\u00fcreklili\u011fi planlar\u0131n\u0131n geli\u015ftirilmesi ve iyile\u015ftirilmesi<\/li>\n<li>T\u00fcm \u00e7al\u0131\u015fanlara Bilgi G\u00fcvenli\u011fi e\u011fitimlerinin sa\u011flanmas\u0131<\/li>\n<li>T\u00fcm Bilgi G\u00fcvenli\u011fi ihlallerinin veya ihlal \u015f\u00fcphesinin bilgi G\u00fcvenli\u011fi Y\u00f6netim Kurulu&#8217;na bildirilmesini ve incelenmesinin sa\u011flanmas\u0131<\/li>\n<\/ul>\n<\/li>\n<li>Bu politikay\u0131 desteklemek i\u00e7in prosed\u00fcrler ve bunlara ba\u011fl\u0131 talimatlar tan\u0131mlanm\u0131\u015ft\u0131r.<\/li>\n<li>Bilgi G\u00fcvenli\u011fi i\u015f ihtiya\u00e7lar\u0131 g\u00f6zetilerek sa\u011flanmaktad\u0131r.<\/li>\n<li>Bilgi G\u00fcvenli\u011fi Y\u00f6netim Kurulu bu politika ve buna ba\u011fl\u0131 t\u00fcm d\u00f6k\u00fcmanlar\u0131n, Bilgi Y\u00f6netim Sistemi&#8217;nin geli\u015ftirilmesi, d\u00f6k\u00fcmante edilmesi ve s\u00fcrekli iyile\u015ftirilmesini sa\u011flar.<\/li>\n<li>T\u00fcm y\u00f6netim kadrosu y\u00f6netmekte olduklar\u0131 birimlerin bu politika ve buna ba\u011fl\u0131 prosed\u00fcrlere uymas\u0131ndan sorumludur.<\/li>\n<li>Bilgi G\u00fcvenli\u011fi Politikas\u0131na uyumluluk t\u00fcm \u00e7al\u0131\u015fanlar i\u00e7in zorunludur.<\/li>\n<\/ul>\n","protected":false},"excerpt":{"rendered":"<p>Ama\u00e7\u00a0 Bilgi G\u00fcvenli\u011fi Politikas\u0131&#8217;n\u0131n amac\u0131 familienberatung-mg.de web adresi ve ba\u011fl\u0131 \u015firket ve web sitelerinin i\u015f s\u00fcreklili\u011fini sa\u011flamak ve potansiyel tehditlerin etkisini azaltmak i\u00e7in bilgi g\u00fcvenli\u011fi olaylar\u0131n\u0131 engellemek veya hasar riskini minimize etmektir. Bu ba\u011flamda Bilgi G\u00fcvenli\u011fi Y\u00f6netim Sistemi kurularak ISO 27001:2013 standard\u0131na uyumlu olmas\u0131 hedef al\u0131nm\u0131\u015ft\u0131r. Kapsam Bu politika, familienberatung-mg.de b\u00fcnyesindeki bilgi varl\u0131klar\u0131n\u0131 kapsamaktad\u0131r. T\u00fcm [&hellip;]<\/p>\n","protected":false},"author":1,"featured_media":0,"parent":0,"menu_order":0,"comment_status":"closed","ping_status":"closed","template":"","meta":{"_joinchat":[],"footnotes":""},"class_list":["post-302","page","type-page","status-publish","hentry"],"_links":{"self":[{"href":"https:\/\/familienberatung-mg.de\/tr\/wp-json\/wp\/v2\/pages\/302","targetHints":{"allow":["GET"]}}],"collection":[{"href":"https:\/\/familienberatung-mg.de\/tr\/wp-json\/wp\/v2\/pages"}],"about":[{"href":"https:\/\/familienberatung-mg.de\/tr\/wp-json\/wp\/v2\/types\/page"}],"author":[{"embeddable":true,"href":"https:\/\/familienberatung-mg.de\/tr\/wp-json\/wp\/v2\/users\/1"}],"replies":[{"embeddable":true,"href":"https:\/\/familienberatung-mg.de\/tr\/wp-json\/wp\/v2\/comments?post=302"}],"version-history":[{"count":0,"href":"https:\/\/familienberatung-mg.de\/tr\/wp-json\/wp\/v2\/pages\/302\/revisions"}],"wp:attachment":[{"href":"https:\/\/familienberatung-mg.de\/tr\/wp-json\/wp\/v2\/media?parent=302"}],"curies":[{"name":"wp","href":"https:\/\/api.w.org\/{rel}","templated":true}]}}