{"id":300,"date":"2023-08-02T08:24:00","date_gmt":"2023-08-02T05:24:00","guid":{"rendered":"https:\/\/familienberatung-mg.de\/?page_id=300"},"modified":"2023-08-10T17:59:59","modified_gmt":"2023-08-10T14:59:59","slug":"k-v-k-k-politikasi","status":"publish","type":"page","link":"https:\/\/familienberatung-mg.de\/tr\/k-v-k-k-politikasi\/","title":{"rendered":"K.V.K.K. Politikas\u0131"},"content":{"rendered":"<p style=\"text-align: justify;\"><b>2- Ki\u015fisel Verilerin Hangi Ama\u00e7la \u0130\u015flenece\u011fi:<\/b><br \/>\n6698 say\u0131l\u0131 Ki\u015fisel Verilerin Korunmas\u0131 Kanunu uyar\u0131nca, Muayenehanemiz ile payla\u015ft\u0131\u011f\u0131n\u0131z ki\u015fisel verileriniz, tamamen veya k\u0131smen, otomatik olarak veyahut herhangi bir veri kay\u0131t sisteminin par\u00e7as\u0131 olmak kayd\u0131yla otomatik olmayan yollarla elde edilerek, kaydedilerek, depolanarak, de\u011fi\u015ftirilerek, yeniden d\u00fczenlenerek, ki\u015fisel verileriniz \u00fczerinde ger\u00e7ekle\u015ftirilen her t\u00fcrl\u00fc i\u015fleme konu olarak Muayenehanemiz taraf\u0131ndan i\u015flenmektedir. Muayenehane, faaliyetleri kapsam\u0131nda i\u015flemekte oldu\u011fu ki\u015fisel verileri a\u015fa\u011f\u0131daki ama\u00e7lar do\u011frultusunda ilgili mevzuata uygun olarak i\u015flemektedir.<\/p>\n<p>Bu do\u011frultuda;<\/p>\n<ul style=\"text-align: justify;\">\n<li>Kimlik bilgileriniz (T.C. Kimlik No, ad\u0131n\u0131z ve soyad\u0131n\u0131z, do\u011fum yeri ve tarihi, anne ve baba ad\u0131n\u0131z, medeni haliniz, n\u00fcfus kimlik belgeniz veya kimlik payla\u015f\u0131m sistemi \u00fczerinde yer alan di\u011fer n\u00fcfus kimlik bilgileriz),<\/li>\n<li>\u0130leti\u015fim bilgileriniz (Adres No, telefon numaralar\u0131n\u0131z, ikamet adresiniz, ileti\u015fim adresiniz, e-posta adresiniz),<\/li>\n<li>\u00d6zl\u00fck Bilgileri (Maa\u015f bilgisi, bordro bilgileri, disiplin soru\u015fturmas\u0131 bilgileri, i\u015fe giri\u015f belgesi kay\u0131tlar\u0131, \u00f6zge\u00e7mi\u015f bilgileri, personel performans de\u011ferlendirme raporlar\u0131, aile bireyleri ve yak\u0131nl\u0131k bilgisi),<\/li>\n<li>Hukuki \u0130\u015flem Bilgileri (Adli makamlarla yap\u0131lan yaz\u0131\u015fmalardaki ki\u015fisel bilgiler, dava ve icra dosyalar\u0131ndaki bilgiler),<\/li>\n<li>M\u00fc\u015fteri \u0130\u015flem Bilgileri (Ad, Soyad, T.C. Kimlik gibi kimlik bilgileri, yaz\u0131l\u0131 ve elektronik mail, telefon ileti\u015fim bilgileri),<\/li>\n<li>Finans Bilgileri (Banka hesap bilgileri, Fatura bilgileri),<\/li>\n<li>Mesleki deneyim bilgileri (\u00d6\u011frenim bilgileri, diploma bilgileri, referans bilgileri, gidilen kurslar, meslek i\u00e7i e\u011fitim bilgileri, sertifikalar, bildirilen formlardaki bilgiler),<\/li>\n<li>G\u00f6rsel ve i\u015fitsel Kay\u0131tlar (Al\u0131nan formalarda yer alan foto\u011fraf bilgisi),<\/li>\n<li>Sa\u011fl\u0131k Bilgileri (Sa\u011fl\u0131k Raporlar\u0131, Re\u00e7ete Bilgileri, kan grubu bilgisi, ki\u015fisel sa\u011fl\u0131k ve fiziksel engellilik durum bilgileri, kullan\u0131lan cihaz ve protez bilgileri, laboratuvar ve g\u00f6r\u00fcnt\u00fcleme sonu\u00e7lar\u0131, test sonu\u00e7lar\u0131, muayene verileri (Tan\u0131, Karar, D\u00fc\u015f\u00fcnceler), ki\u015fisel sa\u011fl\u0131k bilgileri),<\/li>\n<li>G\u00fcvenlik tedbirlerine ili\u015fkin kay\u0131tlar (Adli Sicil Kayd\u0131),<br \/>\ngibi ki\u015fisel verileriz, Muayenehanemizle do\u011frudan veya dolayl\u0131 olarak payla\u015faca\u011f\u0131n\u0131z ki\u015fisel verileriniz Muayenehane faaliyetleri ile s\u0131n\u0131rl\u0131 olmak \u00fczere 6698 say\u0131l\u0131 Ki\u015fisel Verilerin Korunmas\u0131 Kanununa ve ilgili mevzuata uygun olarak i\u015flenmekte ve korunmaktad\u0131r. Muayenehanemiz taraf\u0131ndan, ki\u015fisel veri i\u015fleme ama\u00e7lar\u0131 a\u015fa\u011f\u0131da maddeler halinde belirlenmi\u015ftir.<\/li>\n<li>Acil durum y\u00f6netim s\u00fcre\u00e7lerinin y\u00fcr\u00fct\u00fclmesi, Bilgi g\u00fcvenli\u011fi s\u00fcre\u00e7lerinin y\u00f6netilmesi,<\/li>\n<li>\u00c7al\u0131\u015fan aday\u0131 \/ stajyer \/ \u00f6\u011frenci se\u00e7me ve yerle\u015ftirme s\u00fcre\u00e7lerinin y\u00fcr\u00fct\u00fclmesi,<\/li>\n<li>\u00c7al\u0131\u015fan adaylar\u0131n ba\u015fvuru s\u00fcre\u00e7lerini y\u00fcr\u00fct\u00fclmesi<\/li>\n<li>\u00c7al\u0131\u015fan memnuniyeti ve ba\u011fl\u0131l\u0131\u011f\u0131 s\u00fcre\u00e7lerinin y\u00fcr\u00fct\u00fclmesi,<\/li>\n<li>\u00c7al\u0131\u015fanlar i\u00e7in i\u015f akdi ve mevzuat kaynakl\u0131 y\u00fck\u00fcml\u00fcl\u00fcklerin yerine getirilmesi,<\/li>\n<li>\u00c7al\u0131\u015fanlar i\u00e7in yan haklar ve menfaatleri s\u00fcre\u00e7lerinin y\u00fcr\u00fct\u00fclmesi,<\/li>\n<li>Denetim \/ etik faaliyetlerinin y\u00fcr\u00fct\u00fclmesi,<\/li>\n<li>E\u011fitim faaliyetlerinin y\u00fcr\u00fct\u00fclmesi, Eri\u015fim yetkilerinin y\u00fcr\u00fct\u00fclmesi,<\/li>\n<li>Faaliyetlerin mevzuata uygun y\u00fcr\u00fct\u00fclmesi,<\/li>\n<li>\u00c7e\u015fitli raporlar\u0131n, ara\u015ft\u0131rmalar\u0131n ve sunumlar\u0131n haz\u0131rlanmas\u0131, acil durum y\u00f6netim s\u00fcre\u00e7lerinin planlanmas\u0131, finans ve muhasebe i\u015flerinin takibi, Muayenehanemiz nezdinde g\u00fcvenli\u011fin temin edilmesi amac\u0131yla,<\/li>\n<li>Finans ve muhasebe i\u015flerinin y\u00fcr\u00fct\u00fclmesi,<\/li>\n<li>\u00dcr\u00fcnlerimizin ve hizmetlerimizin tan\u0131t\u0131m\u0131 ve bilgilendirme amac\u0131yla SMS ve E-posta g\u00f6nderiminin ger\u00e7ekle\u015ftirilmesi,<\/li>\n<li>Firma \/ \u00fcr\u00fcn \/ hizmetlere ba\u011fl\u0131l\u0131k s\u00fcre\u00e7lerinin y\u00fcr\u00fct\u00fclmesi,<\/li>\n<li>Fiziksel mek\u00e2n g\u00fcvenli\u011finin temini, G\u00f6revlendirme s\u00fcre\u00e7lerinin y\u00fcr\u00fct\u00fclmesi,<\/li>\n<li>Hukuk i\u015flerinin takibi ve y\u00fcr\u00fct\u00fclmesi,<\/li>\n<li>\u0130\u00e7 denetim \/ soru\u015fturma \/ istihbarat faaliyetlerinin y\u00fcr\u00fct\u00fclmesi,<\/li>\n<li>\u0130leti\u015fim faaliyetlerinin y\u00fcr\u00fct\u00fclmesi,<\/li>\n<li>\u0130nsan kaynaklar\u0131 s\u00fcre\u00e7lerinin planlanmas\u0131,<\/li>\n<li>\u0130\u015f faaliyetlerinin y\u00fcr\u00fct\u00fclmesi \/ denetimi,<\/li>\n<li>\u0130\u015f sa\u011fl\u0131\u011f\u0131 \/ g\u00fcvenli\u011fi faaliyetlerinin y\u00fcr\u00fct\u00fclmesi,<\/li>\n<li>\u0130\u015f s\u00fcre\u00e7lerinin iyile\u015ftirilmesine y\u00f6nelik \u00f6nerilerin al\u0131nmas\u0131 ve de\u011ferlendirilmesi,<\/li>\n<li>\u0130\u015f s\u00fcreklili\u011finin sa\u011flanmas\u0131 faaliyetlerinin y\u00fcr\u00fct\u00fclmesi,<\/li>\n<li>Lojistik faaliyetlerin y\u00fcr\u00fct\u00fclmesi,<\/li>\n<li>Mal \/ hizmet sat\u0131n al\u0131m s\u00fcre\u00e7lerinin y\u00fcr\u00fct\u00fclmesi, sat\u0131\u015f s\u00fcre\u00e7lerinin y\u00fcr\u00fct\u00fclmesi, sat\u0131\u015f sonras\u0131 destek hizmetlerinin y\u00fcr\u00fct\u00fclmesi,<\/li>\n<li>Mal \/ hizmet \u00fcretim ve operasyon s\u00fcre\u00e7lerinin y\u00fcr\u00fct\u00fclmesi,<\/li>\n<li>M\u00fc\u015fteri ili\u015fkileri y\u00f6netimi s\u00fcre\u00e7lerinin y\u00fcr\u00fct\u00fclmesi,<\/li>\n<li>M\u00fc\u015fteri memnuniyetine y\u00f6nelik aktivitelerin y\u00fcr\u00fct\u00fclmesi,<\/li>\n<li>Organizasyon ve etkinlik y\u00f6netimi,<\/li>\n<li>Reklam \/ kampanya \/ promosyon s\u00fcre\u00e7lerinin y\u00fcr\u00fct\u00fclmesi,<\/li>\n<li>Saklama ve ar\u015fiv s\u00fcre\u00e7lerinin faaliyetlerinin y\u00fcr\u00fct\u00fclmesi,<\/li>\n<li>Sa\u011fl\u0131k Hizmetlerinin Verilmesi<\/li>\n<li>Randevu Kay\u0131tlar\u0131n\u0131n Olu\u015fturulmas\u0131 ve Takibi<\/li>\n<li>Re\u00e7ete D\u00fczenlenmesi<\/li>\n<li>Hasta Memnuniyetine \u0130li\u015fkin Aktivitelerin Y\u00fcr\u00fct\u00fclmesi<\/li>\n<li>Sa\u011fl\u0131k Hizmeti Sonras\u0131 Destek ve Bilgilendirme Yap\u0131lmas\u0131<\/li>\n<li>Sa\u011fl\u0131k Hizmetleri ile Finansman\u0131n\u0131n Planlanmas\u0131 ve Y\u00f6netimi,<\/li>\n<li>\u0130lgili Ki\u015fi \u0130\u00e7in Sa\u011fl\u0131k Hizmeti Sunumu,<\/li>\n<li>T\u0131bbi Te\u015fhis Tedavi ve Bak\u0131m Hizmetlerinin Y\u00fcr\u00fct\u00fclmesi,<\/li>\n<\/ul>\n<p style=\"text-align: justify;\">Ama\u00e7lar\u0131yla, ki\u015fisel verileriniz 6698 say\u0131l\u0131 Ki\u015fisel Verilerin Korunmas\u0131 Kanunun 4 \u00fcnc\u00fc 5 inci ve 6 nc\u0131 maddelerine uygun olarak belirlenen \u015fartlar ve ama\u00e7lar do\u011frultusunda i\u015flenmektedir. Ki\u015fisel verileriniz, Muayenehanemizin faaliyetleri d\u0131\u015f\u0131nda ba\u015fka bir ama\u00e7la kullan\u0131lmayacakt\u0131r.<\/p>\n<p><b>3- \u0130\u015flenen Ki\u015fisel Verilerin Kimlere ve Hangi Ama\u00e7la Aktar\u0131labilece\u011fi:<\/b><br \/>\nMuayenehanemizce i\u015flenen ki\u015fisel verileriniz, 6698 say\u0131l\u0131 Ki\u015fisel Verilerin Korunmas\u0131 Kanununun 8 inci ve 9 uncu maddelerine uygun olarak a\u015fa\u011f\u0131da yaz\u0131l\u0131 ama\u00e7larla ilgili ger\u00e7ek ve t\u00fczel ki\u015filere aktar\u0131lmaktad\u0131r. Buna g\u00f6re;<\/p>\n<ul style=\"text-align: justify;\">\n<li>Muayenehane faaliyetlerinin y\u00fcr\u00fct\u00fclmesi, kar\u015f\u0131l\u0131kl\u0131 y\u00fck\u00fcml\u00fcl\u00fckleri yerine getirmek amac\u0131yla; m\u00fc\u015fterilerimize, hizmet sa\u011flayanlar\u0131m\u0131za, tedarik\u00e7ilerimize, ifa yard\u0131mc\u0131lar\u0131m\u0131za ve alt y\u00fcklenicilerimize,<\/li>\n<li>\u0130lgili mevzuatlarda \u00f6ng\u00f6r\u00fclen yasal y\u00fck\u00fcml\u00fcl\u00fcklerin yerine getirilmesi ve g\u00fcvenli\u011fin sa\u011flanmas\u0131 amac\u0131yla Sa\u011fl\u0131k Bakanl\u0131\u011f\u0131na, Gelir \u0130daresi Ba\u015fkanl\u0131\u011f\u0131na, Vergi Dairelerine, Sosyal G\u00fcvenlik Kurumu ve Belediyeler olmak \u00fczere ilgili kamu kurum ve kurulu\u015flara,<\/li>\n<li>\u0130lgili ki\u015filerin i\u015f sa\u011fl\u0131\u011f\u0131 ve g\u00fcvenli\u011fi s\u00fcre\u00e7lerini ger\u00e7ekle\u015ftirmek amac\u0131yla, i\u015f sa\u011fl\u0131\u011f\u0131 ve g\u00fcvenli\u011fi \u00f6nlemleri kapsam\u0131nda, \u00e7al\u0131\u015fanlar\u0131n sa\u011fl\u0131k bilgilerinin ilgili sa\u011fl\u0131k hizmeti al\u0131nan ki\u015fi ve kurulu\u015flara ve sigorta \u015firketlerine,<\/li>\n<li>\u0130lgili ki\u015filerin finansal i\u015flemlerini ger\u00e7ekle\u015ftirmek amac\u0131yla bankalara, finans kurulu\u015flar\u0131na, kamu ve \u00f6zel hukuk t\u00fczel ki\u015filerine, kamu g\u00f6revlilerine,<\/li>\n<li>Kamu g\u00fcvenli\u011fine ili\u015fkin hususlarda ve hukuki uyu\u015fmazl\u0131klarda, talep halinde ve mevzuat gere\u011fi talep amac\u0131yla s\u0131n\u0131rl\u0131 olarak savc\u0131l\u0131klara, mahkemelere, icra dairelerine ve ilgili yasal kurum ve kurulu\u015flara,<\/li>\n<li>\u00d6zel nitelikli ki\u015fisel verilerin yurti\u00e7inde aktar\u0131lmas\u0131n da ise, ilgili ki\u015finin a\u00e7\u0131k r\u0131zas\u0131 al\u0131nmak suretiyle, sa\u011fl\u0131k ve cinsel hayat d\u0131\u015f\u0131ndaki \u00f6zel nitelikli ki\u015fisel veriler bak\u0131m\u0131ndan ise kanunlarda \u00f6ng\u00f6r\u00fclen hallerde ki\u015fisel verileriniz aktar\u0131labilmektedir.<\/li>\n<\/ul>\n<p style=\"text-align: justify;\">Yukar\u0131da say\u0131lan ilgili ki\u015fi gruplar\u0131yla birlikte \u00f6zetle, Muayenehanemizin \u00e7al\u0131\u015fanlar\u0131, hukuk, mali ve vergi dan\u0131\u015fmanlar\u0131, denet\u00e7ileri, Muayenehane faaliyetleri kapsam\u0131nda hizmet sa\u011flay\u0131c\u0131lar\u0131, bakanl\u0131klar, yarg\u0131 mercileri gibi yetkili kamu kurum ve kurulu\u015flar\u0131na aktar\u0131lmaktad\u0131r. Ayr\u0131ca 6493 Say\u0131l\u0131 \u00d6deme ve Menkul K\u0131ymet Mutabakat Sistemleri, \u00d6deme Hizmetleri ve Elektronik Para Kurulu\u015flar\u0131 Hakk\u0131nda Kanun\u2019un h\u00fck\u00fcmlerinin izin verdi\u011fi ki\u015fi, kurum ve kurulu\u015flara mevzuata uygun ve aktar\u0131m amac\u0131 ile s\u0131n\u0131rl\u0131 olmak \u00fczere ki\u015fisel verileriniz aktar\u0131lmaktad\u0131r.<\/p>\n","protected":false},"excerpt":{"rendered":"<p>2- Ki\u015fisel Verilerin Hangi Ama\u00e7la \u0130\u015flenece\u011fi: 6698 say\u0131l\u0131 Ki\u015fisel Verilerin Korunmas\u0131 Kanunu uyar\u0131nca, Muayenehanemiz ile payla\u015ft\u0131\u011f\u0131n\u0131z ki\u015fisel verileriniz, tamamen veya k\u0131smen, otomatik olarak veyahut herhangi bir veri kay\u0131t sisteminin par\u00e7as\u0131 olmak kayd\u0131yla otomatik olmayan yollarla elde edilerek, kaydedilerek, depolanarak, de\u011fi\u015ftirilerek, yeniden d\u00fczenlenerek, ki\u015fisel verileriniz \u00fczerinde ger\u00e7ekle\u015ftirilen her t\u00fcrl\u00fc i\u015fleme konu olarak Muayenehanemiz taraf\u0131ndan i\u015flenmektedir. Muayenehane, [&hellip;]<\/p>\n","protected":false},"author":1,"featured_media":0,"parent":0,"menu_order":0,"comment_status":"closed","ping_status":"closed","template":"","meta":{"_joinchat":[],"footnotes":""},"class_list":["post-300","page","type-page","status-publish","hentry"],"_links":{"self":[{"href":"https:\/\/familienberatung-mg.de\/tr\/wp-json\/wp\/v2\/pages\/300","targetHints":{"allow":["GET"]}}],"collection":[{"href":"https:\/\/familienberatung-mg.de\/tr\/wp-json\/wp\/v2\/pages"}],"about":[{"href":"https:\/\/familienberatung-mg.de\/tr\/wp-json\/wp\/v2\/types\/page"}],"author":[{"embeddable":true,"href":"https:\/\/familienberatung-mg.de\/tr\/wp-json\/wp\/v2\/users\/1"}],"replies":[{"embeddable":true,"href":"https:\/\/familienberatung-mg.de\/tr\/wp-json\/wp\/v2\/comments?post=300"}],"version-history":[{"count":0,"href":"https:\/\/familienberatung-mg.de\/tr\/wp-json\/wp\/v2\/pages\/300\/revisions"}],"wp:attachment":[{"href":"https:\/\/familienberatung-mg.de\/tr\/wp-json\/wp\/v2\/media?parent=300"}],"curies":[{"name":"wp","href":"https:\/\/api.w.org\/{rel}","templated":true}]}}