{"id":298,"date":"2023-08-02T08:23:42","date_gmt":"2023-08-02T05:23:42","guid":{"rendered":"https:\/\/familienberatung-mg.de\/?page_id=298"},"modified":"2023-08-05T16:30:26","modified_gmt":"2023-08-05T13:30:26","slug":"hakkimizda","status":"publish","type":"page","link":"https:\/\/familienberatung-mg.de\/tr\/hakkimizda\/","title":{"rendered":"Hakk\u0131m\u0131zda"},"content":{"rendered":"<div  class='flex_column av-grf82-a461336d9d7f93a5e72c9881c0149bf4 av_two_third  avia-builder-el-0  el_before_av_one_third  avia-builder-el-first  first flex_column_div  '     ><section  class='av_textblock_section av-lkx4q3t7-a87c2b12d309cd13ae7e6d57ee5794a9 '   itemscope=\"itemscope\" itemtype=\"https:\/\/schema.org\/CreativeWork\" ><div class='avia_textblock'  itemprop=\"text\" ><p style=\"text-align: justify;\">Hakan Tevfik \u00dcnsal ve H\u00fclya \u00dcnsal, 13 y\u0131ldan uzun s\u00fcredir evli olan bir \u00e7ifttir ve 2 kiz 1 erkek \u00fc\u00e7 \u00e7ocuklar\u0131 vard\u0131r. Onlar, \u00e7e\u015fitli dernek ve \u00f6zel toplumlarda g\u00f6n\u00fcll\u00fc olarak psikolojik ve aile dan\u0131\u015fmanl\u0131\u011f\u0131 hizmetleri vererek topluma faydal\u0131 olmaya b\u00fcy\u00fck bir zevkle katk\u0131 sa\u011flam\u0131\u015flard\u0131r. Hayatlar\u0131n\u0131n bir d\u00fcsturu olarak, Hazreti Ali&#8217;nin &#8220;Topluma faydas\u0131 olmayanlar\u0131 \u00f6lm\u00fc\u015flerden say&#8221; felsefesini benimsemi\u015fler ve bulunduklar\u0131 topluma faydal\u0131 olmak i\u00e7in \u00e7aba g\u00f6stermi\u015flerdir.<\/p>\n<p style=\"text-align: justify;\">Bu niyetle ve daha profesyonel bir \u015fekilde \u00e7al\u0131\u015fmak amac\u0131yla, Hakan &amp; H\u00fclya \u00dcnsal \u00e7ifti do\u011fal t\u0131p ve sistemik \u00e7ocuk, aile ve ergenlik b\u00f6l\u00fcm\u00fcn\u00fc ba\u015far\u0131yla tamamlayarak hobilerini bir mesle\u011fe d\u00f6n\u00fc\u015ft\u00fcrm\u00fc\u015flerdir. Bulunduklar\u0131 b\u00f6lgede T\u00fcrk ve Alman k\u00f6kenli dan\u0131\u015fanlar\u0131na hizmet etmektedirler. Ayr\u0131ca, Miza\u00e7 ilmi konusunda da s\u00fcrekli e\u011fitim alarak insanl\u0131\u011fa hizmet etme gayretini s\u00fcrd\u00fcrmektedirler.<\/p>\n<p style=\"text-align: justify;\">Hakan Tevfik \u00dcnsal, 1997 y\u0131l\u0131nda Almanya&#8217;ya \u00f6\u011frenci olarak gelmi\u015ftir. Meslek e\u011fitiminden sonra ak\u015fam okulunda 4 y\u0131ll\u0131k makine teknikerli\u011fini ba\u015far\u0131yla tamamlam\u0131\u015f ve uzun s\u00fcre makine teknikeri olarak \u00e7al\u0131\u015fm\u0131\u015ft\u0131r. Bir Alman firmas\u0131nda genel m\u00fcd\u00fcrl\u00fc\u011fe kadar y\u00fckseldikten sonra e\u015fi H\u00fclya \u00dcnsal ile ilgisini \u00e7eken ve beraber okuduklar\u0131 psikoloji alan\u0131na y\u00f6nelmi\u015flerdir.<\/p>\n<p style=\"text-align: justify;\">H\u00fclya \u00dcnsal ise Almanya&#8217;da lise e\u011fitimi ald\u0131ktan sonra halk ve ili\u015fkiler ile muhasebe b\u00f6l\u00fcm\u00fcnden mezun olmu\u015ftur. Daha sonra e\u015fi Hakan Tevfik \u00dcnsal ile birlikte Aachen Do\u011fal T\u0131p \/ Psikoloji Dan\u0131\u015fmanl\u0131\u011f\u0131 b\u00f6l\u00fcm\u00fcn\u00fc ba\u015far\u0131yla tamamlayarak Miza\u00e7 ilmi, y\u00fcz analizi ve ki\u015fisel analiz konusunda bir \u00e7ok e\u011fitim alm\u0131\u015ft\u0131r.<\/p>\n<p style=\"text-align: justify;\">Hakan ve H\u00fclya \u00dcnsal \u00e7ifti, bilgi birikimleri ve uzmanl\u0131klar\u0131 sayesinde M\u00f6nchengladbach \u015fehrinde insanlara hizmet eden bir \u00e7ift olarak, toplumlar\u0131na faydal\u0131 olma gayretini hi\u00e7bir zaman kaybetmemi\u015f ve her ge\u00e7en g\u00fcn geli\u015ferek insanl\u0131\u011fa katk\u0131 sa\u011flamaya devam etmektedirler.<\/p>\n<\/div><\/section><\/div>\n<div  class='flex_column av-brhlm-661e4023678d852a49cc878b2a7b136b av_one_third  avia-builder-el-2  el_after_av_two_third  el_before_av_gallery  flex_column_div  '     ><style type=\"text\/css\" data-created_by=\"avia_inline_auto\" id=\"style-css-av-lky1wbv5-a79233bb1fe535882913e2e1de67981a\">\n.avia-image-container.av-lky1wbv5-a79233bb1fe535882913e2e1de67981a img.avia_image{\nbox-shadow:none;\n}\n.avia-image-container.av-lky1wbv5-a79233bb1fe535882913e2e1de67981a .av-image-caption-overlay-center{\ncolor:#ffffff;\n}\n<\/style>\n<div  class='avia-image-container av-lky1wbv5-a79233bb1fe535882913e2e1de67981a av-styling- avia-align-center  avia-builder-el-3  avia-builder-el-no-sibling '   itemprop=\"image\" itemscope=\"itemscope\" itemtype=\"https:\/\/schema.org\/ImageObject\" ><div class=\"avia-image-container-inner\"><div class=\"avia-image-overlay-wrap\"><img decoding=\"async\" class='wp-image-473 avia-img-lazy-loading-not-473 avia_image ' src=\"https:\/\/familienberatung-mg.de\/tr\/wp-content\/uploads\/2023\/08\/biyografi-image.jpeg\" alt='' title='biyografi-image'  height=\"1920\" width=\"1440\"  itemprop=\"thumbnailUrl\" srcset=\"https:\/\/familienberatung-mg.de\/tr\/wp-content\/uploads\/2023\/08\/biyografi-image.jpeg 1440w, https:\/\/familienberatung-mg.de\/tr\/wp-content\/uploads\/2023\/08\/biyografi-image-225x300.jpeg 225w, https:\/\/familienberatung-mg.de\/tr\/wp-content\/uploads\/2023\/08\/biyografi-image-773x1030.jpeg 773w, https:\/\/familienberatung-mg.de\/tr\/wp-content\/uploads\/2023\/08\/biyografi-image-768x1024.jpeg 768w, https:\/\/familienberatung-mg.de\/tr\/wp-content\/uploads\/2023\/08\/biyografi-image-1152x1536.jpeg 1152w, https:\/\/familienberatung-mg.de\/tr\/wp-content\/uploads\/2023\/08\/biyografi-image-1125x1500.jpeg 1125w, https:\/\/familienberatung-mg.de\/tr\/wp-content\/uploads\/2023\/08\/biyografi-image-529x705.jpeg 529w\" sizes=\"(max-width: 1440px) 100vw, 1440px\" \/><\/div><\/div><\/div><\/div>\n\n<style type=\"text\/css\" data-created_by=\"avia_inline_auto\" id=\"style-css-av-lkx4lpdz-e430df3c443d3ee4e6e11d319c061ff4\">\n#top .avia-gallery.av-lkx4lpdz-e430df3c443d3ee4e6e11d319c061ff4 .avia-gallery-thumb a{\nwidth:20%;\n}\n<\/style>\n<div  class='avia-gallery av-lkx4lpdz-e430df3c443d3ee4e6e11d319c061ff4 avia_animate_when_visible  avia-builder-el-4  el_after_av_one_third  avia-builder-el-last  animations_off avia-gallery-1'  itemprop=\"image\" itemscope=\"itemscope\" itemtype=\"https:\/\/schema.org\/ImageObject\" ><meta itemprop=\"contentURL\" content=\"https:\/\/familienberatung-mg.de\/tr\/hakkimizda\/\"><div class='avia-gallery-thumb'><a href=\"https:\/\/familienberatung-mg.de\/tr\/wp-content\/uploads\/2023\/08\/klinik_image_03-1030x464.jpg\" data-srcset=\"https:\/\/familienberatung-mg.de\/tr\/wp-content\/uploads\/2023\/08\/klinik_image_03-1030x464.jpg 1030w, https:\/\/familienberatung-mg.de\/tr\/wp-content\/uploads\/2023\/08\/klinik_image_03-300x135.jpg 300w, https:\/\/familienberatung-mg.de\/tr\/wp-content\/uploads\/2023\/08\/klinik_image_03-768x346.jpg 768w, https:\/\/familienberatung-mg.de\/tr\/wp-content\/uploads\/2023\/08\/klinik_image_03-1536x692.jpg 1536w, https:\/\/familienberatung-mg.de\/tr\/wp-content\/uploads\/2023\/08\/klinik_image_03-1500x676.jpg 1500w, https:\/\/familienberatung-mg.de\/tr\/wp-content\/uploads\/2023\/08\/klinik_image_03-705x318.jpg 705w, https:\/\/familienberatung-mg.de\/tr\/wp-content\/uploads\/2023\/08\/klinik_image_03.jpg 2048w\" data-sizes=\"(max-width: 1030px) 100vw, 1030px\" data-rel='gallery-1' data-prev-img='https:\/\/familienberatung-mg.de\/tr\/wp-content\/uploads\/2023\/08\/klinik_image_03-495x400.jpg' class='first_thumb lightbox ' data-onclick='1' title='klinik_image_03'  itemprop=\"thumbnailUrl\"  ><img decoding=\"async\" class=\"wp-image-406 avia-img-lazy-loading-not-406\"   src=\"https:\/\/familienberatung-mg.de\/tr\/wp-content\/uploads\/2023\/08\/klinik_image_03-495x400.jpg\" width=\"495\" height=\"400\"  title='klinik_image_03' alt='' srcset=\"https:\/\/familienberatung-mg.de\/tr\/wp-content\/uploads\/2023\/08\/klinik_image_03-495x400.jpg 495w, https:\/\/familienberatung-mg.de\/tr\/wp-content\/uploads\/2023\/08\/klinik_image_03-845x684.jpg 845w\" sizes=\"(max-width: 495px) 100vw, 495px\" \/><div class='big-prev-fake'><img loading=\"lazy\" decoding=\"async\" class=\"wp-image-406 avia-img-lazy-loading-406\"  width=\"495\" height=\"400\" src=\"https:\/\/familienberatung-mg.de\/tr\/wp-content\/uploads\/2023\/08\/klinik_image_03-495x400.jpg\" title='klinik_image_03' alt='' srcset=\"https:\/\/familienberatung-mg.de\/tr\/wp-content\/uploads\/2023\/08\/klinik_image_03-495x400.jpg 495w, https:\/\/familienberatung-mg.de\/tr\/wp-content\/uploads\/2023\/08\/klinik_image_03-845x684.jpg 845w\" sizes=\"auto, (max-width: 495px) 100vw, 495px\" \/><\/div><\/a><a href=\"https:\/\/familienberatung-mg.de\/tr\/wp-content\/uploads\/2023\/08\/klinik_image_05-1030x464.jpg\" data-srcset=\"https:\/\/familienberatung-mg.de\/tr\/wp-content\/uploads\/2023\/08\/klinik_image_05-1030x464.jpg 1030w, https:\/\/familienberatung-mg.de\/tr\/wp-content\/uploads\/2023\/08\/klinik_image_05-300x135.jpg 300w, https:\/\/familienberatung-mg.de\/tr\/wp-content\/uploads\/2023\/08\/klinik_image_05-768x346.jpg 768w, https:\/\/familienberatung-mg.de\/tr\/wp-content\/uploads\/2023\/08\/klinik_image_05-1536x692.jpg 1536w, https:\/\/familienberatung-mg.de\/tr\/wp-content\/uploads\/2023\/08\/klinik_image_05-1500x676.jpg 1500w, https:\/\/familienberatung-mg.de\/tr\/wp-content\/uploads\/2023\/08\/klinik_image_05-705x318.jpg 705w, https:\/\/familienberatung-mg.de\/tr\/wp-content\/uploads\/2023\/08\/klinik_image_05.jpg 2048w\" data-sizes=\"(max-width: 1030px) 100vw, 1030px\" data-rel='gallery-1' data-prev-img='https:\/\/familienberatung-mg.de\/tr\/wp-content\/uploads\/2023\/08\/klinik_image_05-495x400.jpg' class='lightbox ' data-onclick='2' title='klinik_image_05'  itemprop=\"thumbnailUrl\"  ><img decoding=\"async\" class=\"wp-image-408 avia-img-lazy-loading-not-408\"   src=\"https:\/\/familienberatung-mg.de\/tr\/wp-content\/uploads\/2023\/08\/klinik_image_05-495x400.jpg\" width=\"495\" height=\"400\"  title='klinik_image_05' alt='' srcset=\"https:\/\/familienberatung-mg.de\/tr\/wp-content\/uploads\/2023\/08\/klinik_image_05-495x400.jpg 495w, https:\/\/familienberatung-mg.de\/tr\/wp-content\/uploads\/2023\/08\/klinik_image_05-845x684.jpg 845w\" sizes=\"(max-width: 495px) 100vw, 495px\" \/><div class='big-prev-fake'><img loading=\"lazy\" decoding=\"async\" class=\"wp-image-408 avia-img-lazy-loading-408\"  width=\"495\" height=\"400\" src=\"https:\/\/familienberatung-mg.de\/tr\/wp-content\/uploads\/2023\/08\/klinik_image_05-495x400.jpg\" title='klinik_image_05' alt='' srcset=\"https:\/\/familienberatung-mg.de\/tr\/wp-content\/uploads\/2023\/08\/klinik_image_05-495x400.jpg 495w, https:\/\/familienberatung-mg.de\/tr\/wp-content\/uploads\/2023\/08\/klinik_image_05-845x684.jpg 845w\" sizes=\"auto, (max-width: 495px) 100vw, 495px\" \/><\/div><\/a><a href=\"https:\/\/familienberatung-mg.de\/tr\/wp-content\/uploads\/2023\/08\/klinik_image_02-1030x464.jpg\" data-srcset=\"https:\/\/familienberatung-mg.de\/tr\/wp-content\/uploads\/2023\/08\/klinik_image_02-1030x464.jpg 1030w, https:\/\/familienberatung-mg.de\/tr\/wp-content\/uploads\/2023\/08\/klinik_image_02-300x135.jpg 300w, https:\/\/familienberatung-mg.de\/tr\/wp-content\/uploads\/2023\/08\/klinik_image_02-768x346.jpg 768w, https:\/\/familienberatung-mg.de\/tr\/wp-content\/uploads\/2023\/08\/klinik_image_02-1536x692.jpg 1536w, https:\/\/familienberatung-mg.de\/tr\/wp-content\/uploads\/2023\/08\/klinik_image_02-1500x676.jpg 1500w, https:\/\/familienberatung-mg.de\/tr\/wp-content\/uploads\/2023\/08\/klinik_image_02-705x318.jpg 705w, https:\/\/familienberatung-mg.de\/tr\/wp-content\/uploads\/2023\/08\/klinik_image_02.jpg 2048w\" data-sizes=\"(max-width: 1030px) 100vw, 1030px\" data-rel='gallery-1' data-prev-img='https:\/\/familienberatung-mg.de\/tr\/wp-content\/uploads\/2023\/08\/klinik_image_02-495x400.jpg' class='lightbox ' data-onclick='3' title='klinik_image_02'  itemprop=\"thumbnailUrl\"  ><img decoding=\"async\" class=\"wp-image-405 avia-img-lazy-loading-not-405\"   src=\"https:\/\/familienberatung-mg.de\/tr\/wp-content\/uploads\/2023\/08\/klinik_image_02-495x400.jpg\" width=\"495\" height=\"400\"  title='klinik_image_02' alt='' srcset=\"https:\/\/familienberatung-mg.de\/tr\/wp-content\/uploads\/2023\/08\/klinik_image_02-495x400.jpg 495w, https:\/\/familienberatung-mg.de\/tr\/wp-content\/uploads\/2023\/08\/klinik_image_02-845x684.jpg 845w\" sizes=\"(max-width: 495px) 100vw, 495px\" \/><div class='big-prev-fake'><img loading=\"lazy\" decoding=\"async\" class=\"wp-image-405 avia-img-lazy-loading-405\"  width=\"495\" height=\"400\" src=\"https:\/\/familienberatung-mg.de\/tr\/wp-content\/uploads\/2023\/08\/klinik_image_02-495x400.jpg\" title='klinik_image_02' alt='' srcset=\"https:\/\/familienberatung-mg.de\/tr\/wp-content\/uploads\/2023\/08\/klinik_image_02-495x400.jpg 495w, https:\/\/familienberatung-mg.de\/tr\/wp-content\/uploads\/2023\/08\/klinik_image_02-845x684.jpg 845w\" sizes=\"auto, (max-width: 495px) 100vw, 495px\" \/><\/div><\/a><a href=\"https:\/\/familienberatung-mg.de\/tr\/wp-content\/uploads\/2023\/08\/klinik_image_04-1030x464.jpg\" data-srcset=\"https:\/\/familienberatung-mg.de\/tr\/wp-content\/uploads\/2023\/08\/klinik_image_04-1030x464.jpg 1030w, https:\/\/familienberatung-mg.de\/tr\/wp-content\/uploads\/2023\/08\/klinik_image_04-300x135.jpg 300w, https:\/\/familienberatung-mg.de\/tr\/wp-content\/uploads\/2023\/08\/klinik_image_04-768x346.jpg 768w, https:\/\/familienberatung-mg.de\/tr\/wp-content\/uploads\/2023\/08\/klinik_image_04-1536x692.jpg 1536w, https:\/\/familienberatung-mg.de\/tr\/wp-content\/uploads\/2023\/08\/klinik_image_04-1500x676.jpg 1500w, https:\/\/familienberatung-mg.de\/tr\/wp-content\/uploads\/2023\/08\/klinik_image_04-705x318.jpg 705w, https:\/\/familienberatung-mg.de\/tr\/wp-content\/uploads\/2023\/08\/klinik_image_04.jpg 2048w\" data-sizes=\"(max-width: 1030px) 100vw, 1030px\" data-rel='gallery-1' data-prev-img='https:\/\/familienberatung-mg.de\/tr\/wp-content\/uploads\/2023\/08\/klinik_image_04-495x400.jpg' class='lightbox ' data-onclick='4' title='klinik_image_04'  itemprop=\"thumbnailUrl\"  ><img decoding=\"async\" class=\"wp-image-407 avia-img-lazy-loading-not-407\"   src=\"https:\/\/familienberatung-mg.de\/tr\/wp-content\/uploads\/2023\/08\/klinik_image_04-495x400.jpg\" width=\"495\" height=\"400\"  title='klinik_image_04' alt='' srcset=\"https:\/\/familienberatung-mg.de\/tr\/wp-content\/uploads\/2023\/08\/klinik_image_04-495x400.jpg 495w, https:\/\/familienberatung-mg.de\/tr\/wp-content\/uploads\/2023\/08\/klinik_image_04-845x684.jpg 845w\" sizes=\"(max-width: 495px) 100vw, 495px\" \/><div class='big-prev-fake'><img loading=\"lazy\" decoding=\"async\" class=\"wp-image-407 avia-img-lazy-loading-407\"  width=\"495\" height=\"400\" src=\"https:\/\/familienberatung-mg.de\/tr\/wp-content\/uploads\/2023\/08\/klinik_image_04-495x400.jpg\" title='klinik_image_04' alt='' srcset=\"https:\/\/familienberatung-mg.de\/tr\/wp-content\/uploads\/2023\/08\/klinik_image_04-495x400.jpg 495w, https:\/\/familienberatung-mg.de\/tr\/wp-content\/uploads\/2023\/08\/klinik_image_04-845x684.jpg 845w\" sizes=\"auto, (max-width: 495px) 100vw, 495px\" \/><\/div><\/a><a href=\"https:\/\/familienberatung-mg.de\/tr\/wp-content\/uploads\/2023\/08\/klinik_image_01-1030x464.jpg\" data-srcset=\"https:\/\/familienberatung-mg.de\/tr\/wp-content\/uploads\/2023\/08\/klinik_image_01-1030x464.jpg 1030w, https:\/\/familienberatung-mg.de\/tr\/wp-content\/uploads\/2023\/08\/klinik_image_01-300x135.jpg 300w, https:\/\/familienberatung-mg.de\/tr\/wp-content\/uploads\/2023\/08\/klinik_image_01-768x346.jpg 768w, https:\/\/familienberatung-mg.de\/tr\/wp-content\/uploads\/2023\/08\/klinik_image_01-1536x692.jpg 1536w, https:\/\/familienberatung-mg.de\/tr\/wp-content\/uploads\/2023\/08\/klinik_image_01-1500x676.jpg 1500w, https:\/\/familienberatung-mg.de\/tr\/wp-content\/uploads\/2023\/08\/klinik_image_01-705x318.jpg 705w, https:\/\/familienberatung-mg.de\/tr\/wp-content\/uploads\/2023\/08\/klinik_image_01.jpg 2048w\" data-sizes=\"(max-width: 1030px) 100vw, 1030px\" data-rel='gallery-1' data-prev-img='https:\/\/familienberatung-mg.de\/tr\/wp-content\/uploads\/2023\/08\/klinik_image_01-495x400.jpg' class='lightbox ' data-onclick='5' title='klinik_image_01'  itemprop=\"thumbnailUrl\"  ><img decoding=\"async\" class=\"wp-image-404 avia-img-lazy-loading-not-404\"   src=\"https:\/\/familienberatung-mg.de\/tr\/wp-content\/uploads\/2023\/08\/klinik_image_01-495x400.jpg\" width=\"495\" height=\"400\"  title='klinik_image_01' alt='' srcset=\"https:\/\/familienberatung-mg.de\/tr\/wp-content\/uploads\/2023\/08\/klinik_image_01-495x400.jpg 495w, https:\/\/familienberatung-mg.de\/tr\/wp-content\/uploads\/2023\/08\/klinik_image_01-845x684.jpg 845w\" sizes=\"(max-width: 495px) 100vw, 495px\" \/><div class='big-prev-fake'><img loading=\"lazy\" decoding=\"async\" class=\"wp-image-404 avia-img-lazy-loading-404\"  width=\"495\" height=\"400\" src=\"https:\/\/familienberatung-mg.de\/tr\/wp-content\/uploads\/2023\/08\/klinik_image_01-495x400.jpg\" title='klinik_image_01' alt='' srcset=\"https:\/\/familienberatung-mg.de\/tr\/wp-content\/uploads\/2023\/08\/klinik_image_01-495x400.jpg 495w, https:\/\/familienberatung-mg.de\/tr\/wp-content\/uploads\/2023\/08\/klinik_image_01-845x684.jpg 845w\" sizes=\"auto, (max-width: 495px) 100vw, 495px\" \/><\/div><\/a><\/div><\/div>\n","protected":false},"excerpt":{"rendered":"","protected":false},"author":1,"featured_media":0,"parent":0,"menu_order":0,"comment_status":"closed","ping_status":"closed","template":"","meta":{"_joinchat":[],"footnotes":""},"class_list":["post-298","page","type-page","status-publish","hentry"],"_links":{"self":[{"href":"https:\/\/familienberatung-mg.de\/tr\/wp-json\/wp\/v2\/pages\/298","targetHints":{"allow":["GET"]}}],"collection":[{"href":"https:\/\/familienberatung-mg.de\/tr\/wp-json\/wp\/v2\/pages"}],"about":[{"href":"https:\/\/familienberatung-mg.de\/tr\/wp-json\/wp\/v2\/types\/page"}],"author":[{"embeddable":true,"href":"https:\/\/familienberatung-mg.de\/tr\/wp-json\/wp\/v2\/users\/1"}],"replies":[{"embeddable":true,"href":"https:\/\/familienberatung-mg.de\/tr\/wp-json\/wp\/v2\/comments?post=298"}],"version-history":[{"count":0,"href":"https:\/\/familienberatung-mg.de\/tr\/wp-json\/wp\/v2\/pages\/298\/revisions"}],"wp:attachment":[{"href":"https:\/\/familienberatung-mg.de\/tr\/wp-json\/wp\/v2\/media?parent=298"}],"curies":[{"name":"wp","href":"https:\/\/api.w.org\/{rel}","templated":true}]}}