{"id":296,"date":"2023-08-02T08:23:33","date_gmt":"2023-08-02T05:23:33","guid":{"rendered":"https:\/\/familienberatung-mg.de\/?page_id=296"},"modified":"2023-08-28T13:53:51","modified_gmt":"2023-08-28T10:53:51","slug":"calisma-alanlari","status":"publish","type":"page","link":"https:\/\/familienberatung-mg.de\/tr\/calisma-alanlari\/","title":{"rendered":"\u00c7al\u0131\u015fma Alanlar\u0131"},"content":{"rendered":"<div  class='flex_column av-baduw-7b121b03203f6b4817abca701f7bd4f9 av_one_third  avia-builder-el-0  el_before_av_one_third  avia-builder-el-first  first flex_column_div  '     ><p>\n<style type=\"text\/css\" data-created_by=\"avia_inline_auto\" id=\"style-css-av-lktt3us4-d3f4dd949004a197ca1347a4412551de\">\n#top .av-special-heading.av-lktt3us4-d3f4dd949004a197ca1347a4412551de{\npadding-bottom:10px;\n}\nbody .av-special-heading.av-lktt3us4-d3f4dd949004a197ca1347a4412551de .av-special-heading-tag .heading-char{\nfont-size:25px;\n}\n.av-special-heading.av-lktt3us4-d3f4dd949004a197ca1347a4412551de .av-subheading{\nfont-size:15px;\n}\n<\/style>\n<div  class='av-special-heading av-lktt3us4-d3f4dd949004a197ca1347a4412551de av-special-heading-h3  avia-builder-el-1  el_before_av_image  avia-builder-el-first  av-linked-heading'><h3 class='av-special-heading-tag'  itemprop=\"headline\"  ><a class=\"av-heading-link\" href=\"https:\/\/familienberatung-mg.de\/tr\/calisma-alanlari\/bireysel-danismanlik\/\" >Bireysel Dan\u0131\u015fmanl\u0131k<\/a><\/h3><div class=\"special-heading-border\"><div class=\"special-heading-inner-border\"><\/div><\/div><\/div><br \/>\n\n<style type=\"text\/css\" data-created_by=\"avia_inline_auto\" id=\"style-css-av-lktt3dyd-8d1f8e23a8cef596b7da040971aa871c\">\n.avia-image-container.av-lktt3dyd-8d1f8e23a8cef596b7da040971aa871c img.avia_image{\nbox-shadow:none;\n}\n.avia-image-container.av-lktt3dyd-8d1f8e23a8cef596b7da040971aa871c .av-image-caption-overlay-center{\ncolor:#ffffff;\n}\n<\/style>\n<div  class='avia-image-container av-lktt3dyd-8d1f8e23a8cef596b7da040971aa871c av-styling- avia-align-center  avia-builder-el-2  el_after_av_heading  avia-builder-el-last '   itemprop=\"image\" itemscope=\"itemscope\" itemtype=\"https:\/\/schema.org\/ImageObject\" ><div class=\"avia-image-container-inner\"><div class=\"avia-image-overlay-wrap\"><a href=\"https:\/\/familienberatung-mg.de\/tr\/calisma-alanlari\/bireysel-danismanlik\/\" class='avia_image'  aria-label='bireysel-danismanlik-image'><img decoding=\"async\" class='wp-image-446 avia-img-lazy-loading-not-446 avia_image ' src=\"https:\/\/familienberatung-mg.de\/tr\/wp-content\/uploads\/2023\/08\/bireysel-danismanlik-image.jpg\" alt='' title='bireysel-danismanlik-image'  height=\"321\" width=\"845\"  itemprop=\"thumbnailUrl\" srcset=\"https:\/\/familienberatung-mg.de\/tr\/wp-content\/uploads\/2023\/08\/bireysel-danismanlik-image.jpg 845w, https:\/\/familienberatung-mg.de\/tr\/wp-content\/uploads\/2023\/08\/bireysel-danismanlik-image-300x114.jpg 300w, https:\/\/familienberatung-mg.de\/tr\/wp-content\/uploads\/2023\/08\/bireysel-danismanlik-image-768x292.jpg 768w, https:\/\/familienberatung-mg.de\/tr\/wp-content\/uploads\/2023\/08\/bireysel-danismanlik-image-705x268.jpg 705w\" sizes=\"(max-width: 845px) 100vw, 845px\" \/><\/a><\/div><\/div><\/div><\/p><\/div>\n<div  class='flex_column av-myiuw-4f2cf4939f9a86abf8946c32afa58fe0 av_one_third  avia-builder-el-3  el_after_av_one_third  el_before_av_one_third  flex_column_div  '     ><p>\n<style type=\"text\/css\" data-created_by=\"avia_inline_auto\" id=\"style-css-av-lkx56zmw-0769790b94e0212a509adf93592b0f83\">\n#top .av-special-heading.av-lkx56zmw-0769790b94e0212a509adf93592b0f83{\npadding-bottom:10px;\n}\nbody .av-special-heading.av-lkx56zmw-0769790b94e0212a509adf93592b0f83 .av-special-heading-tag .heading-char{\nfont-size:25px;\n}\n.av-special-heading.av-lkx56zmw-0769790b94e0212a509adf93592b0f83 .av-subheading{\nfont-size:15px;\n}\n<\/style>\n<div  class='av-special-heading av-lkx56zmw-0769790b94e0212a509adf93592b0f83 av-special-heading-h3  avia-builder-el-4  el_before_av_image  avia-builder-el-first  av-linked-heading'><h3 class='av-special-heading-tag'  itemprop=\"headline\"  ><a class=\"av-heading-link\" href=\"https:\/\/familienberatung-mg.de\/tr\/calisma-alanlari\/cift-ve-aile-danismanligi\/\" >\u00c7ift ve Aile Dan\u0131\u015fmanl\u0131\u011f\u0131<\/a><\/h3><div class=\"special-heading-border\"><div class=\"special-heading-inner-border\"><\/div><\/div><\/div><br \/>\n\n<style type=\"text\/css\" data-created_by=\"avia_inline_auto\" id=\"style-css-av-lkx57trz-099e1b66c3369bf17105c1636f2a9d3b\">\n.avia-image-container.av-lkx57trz-099e1b66c3369bf17105c1636f2a9d3b img.avia_image{\nbox-shadow:none;\n}\n.avia-image-container.av-lkx57trz-099e1b66c3369bf17105c1636f2a9d3b .av-image-caption-overlay-center{\ncolor:#ffffff;\n}\n<\/style>\n<div  class='avia-image-container av-lkx57trz-099e1b66c3369bf17105c1636f2a9d3b av-styling- avia-align-center  avia-builder-el-5  el_after_av_heading  avia-builder-el-last '   itemprop=\"image\" itemscope=\"itemscope\" itemtype=\"https:\/\/schema.org\/ImageObject\" ><div class=\"avia-image-container-inner\"><div class=\"avia-image-overlay-wrap\"><a href=\"https:\/\/familienberatung-mg.de\/tr\/calisma-alanlari\/cift-ve-aile-danismanligi\/\" class='avia_image'  aria-label='aile-cift-danismanligi-image'><img decoding=\"async\" class='wp-image-445 avia-img-lazy-loading-not-445 avia_image ' src=\"https:\/\/familienberatung-mg.de\/tr\/wp-content\/uploads\/2023\/08\/aile-cift-danismanligi-image.jpg\" alt='' title='aile-cift-danismanligi-image'  height=\"321\" width=\"845\"  itemprop=\"thumbnailUrl\" srcset=\"https:\/\/familienberatung-mg.de\/tr\/wp-content\/uploads\/2023\/08\/aile-cift-danismanligi-image.jpg 845w, https:\/\/familienberatung-mg.de\/tr\/wp-content\/uploads\/2023\/08\/aile-cift-danismanligi-image-300x114.jpg 300w, https:\/\/familienberatung-mg.de\/tr\/wp-content\/uploads\/2023\/08\/aile-cift-danismanligi-image-768x292.jpg 768w, https:\/\/familienberatung-mg.de\/tr\/wp-content\/uploads\/2023\/08\/aile-cift-danismanligi-image-705x268.jpg 705w\" sizes=\"(max-width: 845px) 100vw, 845px\" \/><\/a><\/div><\/div><\/div><\/p><\/div>\n<div  class='flex_column av-h8b8w-3b619d13c18bbe2d0b50df20bb098a72 av_one_third  avia-builder-el-6  el_after_av_one_third  el_before_av_one_third  flex_column_div  '     ><p>\n<style type=\"text\/css\" data-created_by=\"avia_inline_auto\" id=\"style-css-av-lkx57f34-c22963a2f538a46c2c360b5e77609c74\">\n#top .av-special-heading.av-lkx57f34-c22963a2f538a46c2c360b5e77609c74{\npadding-bottom:10px;\n}\nbody .av-special-heading.av-lkx57f34-c22963a2f538a46c2c360b5e77609c74 .av-special-heading-tag .heading-char{\nfont-size:25px;\n}\n.av-special-heading.av-lkx57f34-c22963a2f538a46c2c360b5e77609c74 .av-subheading{\nfont-size:15px;\n}\n<\/style>\n<div  class='av-special-heading av-lkx57f34-c22963a2f538a46c2c360b5e77609c74 av-special-heading-h3  avia-builder-el-7  el_before_av_image  avia-builder-el-first  av-linked-heading'><h3 class='av-special-heading-tag'  itemprop=\"headline\"  ><a class=\"av-heading-link\" href=\"https:\/\/familienberatung-mg.de\/tr\/calisma-alanlari\/cocuk-danismanligi\/\" >\u00c7ocuk Dan\u0131\u015fmanl\u0131\u011f\u0131<\/a><\/h3><div class=\"special-heading-border\"><div class=\"special-heading-inner-border\"><\/div><\/div><\/div><br \/>\n\n<style type=\"text\/css\" data-created_by=\"avia_inline_auto\" id=\"style-css-av-lkx57yy7-65bfaa2bee48f500d745322c2ecff006\">\n.avia-image-container.av-lkx57yy7-65bfaa2bee48f500d745322c2ecff006 img.avia_image{\nbox-shadow:none;\n}\n.avia-image-container.av-lkx57yy7-65bfaa2bee48f500d745322c2ecff006 .av-image-caption-overlay-center{\ncolor:#ffffff;\n}\n<\/style>\n<div  class='avia-image-container av-lkx57yy7-65bfaa2bee48f500d745322c2ecff006 av-styling- avia-align-center  avia-builder-el-8  el_after_av_heading  avia-builder-el-last '   itemprop=\"image\" itemscope=\"itemscope\" itemtype=\"https:\/\/schema.org\/ImageObject\" ><div class=\"avia-image-container-inner\"><div class=\"avia-image-overlay-wrap\"><a href=\"https:\/\/familienberatung-mg.de\/tr\/calisma-alanlari\/cocuk-danismanligi\/\" class='avia_image'  aria-label='cocuk-danismanligi'><img decoding=\"async\" class='wp-image-434 avia-img-lazy-loading-not-434 avia_image ' src=\"https:\/\/familienberatung-mg.de\/tr\/wp-content\/uploads\/2023\/08\/cocuk-danismanligi.jpg\" alt='' title='cocuk-danismanligi'  height=\"321\" width=\"845\"  itemprop=\"thumbnailUrl\" srcset=\"https:\/\/familienberatung-mg.de\/tr\/wp-content\/uploads\/2023\/08\/cocuk-danismanligi.jpg 845w, https:\/\/familienberatung-mg.de\/tr\/wp-content\/uploads\/2023\/08\/cocuk-danismanligi-300x114.jpg 300w, https:\/\/familienberatung-mg.de\/tr\/wp-content\/uploads\/2023\/08\/cocuk-danismanligi-768x292.jpg 768w, https:\/\/familienberatung-mg.de\/tr\/wp-content\/uploads\/2023\/08\/cocuk-danismanligi-705x268.jpg 705w\" sizes=\"(max-width: 845px) 100vw, 845px\" \/><\/a><\/div><\/div><\/div><\/p><\/div>\n<div  class='flex_column av-9wdpc-7738ea843ae8e91f9fc8f20776f35a50 av_one_third  avia-builder-el-9  el_after_av_one_third  el_before_av_one_third  first flex_column_div  column-top-margin'     ><p>\n<style type=\"text\/css\" data-created_by=\"avia_inline_auto\" id=\"style-css-av-lkx58dbz-41c95fb6fe1a76e311a0aa7e77210fd1\">\n#top .av-special-heading.av-lkx58dbz-41c95fb6fe1a76e311a0aa7e77210fd1{\npadding-bottom:10px;\n}\nbody .av-special-heading.av-lkx58dbz-41c95fb6fe1a76e311a0aa7e77210fd1 .av-special-heading-tag .heading-char{\nfont-size:25px;\n}\n.av-special-heading.av-lkx58dbz-41c95fb6fe1a76e311a0aa7e77210fd1 .av-subheading{\nfont-size:15px;\n}\n<\/style>\n<div  class='av-special-heading av-lkx58dbz-41c95fb6fe1a76e311a0aa7e77210fd1 av-special-heading-h3  avia-builder-el-10  el_before_av_image  avia-builder-el-first  av-linked-heading'><h3 class='av-special-heading-tag'  itemprop=\"headline\"  ><a class=\"av-heading-link\" href=\"https:\/\/familienberatung-mg.de\/tr\/calisma-alanlari\/ergen-danismanligi\/\" >Ergen Dan\u0131\u015fmanl\u0131\u011f\u0131<\/a><\/h3><div class=\"special-heading-border\"><div class=\"special-heading-inner-border\"><\/div><\/div><\/div><br \/>\n\n<style type=\"text\/css\" data-created_by=\"avia_inline_auto\" id=\"style-css-av-lkx58iwv-19a1386080ca3274d938f80b3726a7bf\">\n.avia-image-container.av-lkx58iwv-19a1386080ca3274d938f80b3726a7bf img.avia_image{\nbox-shadow:none;\n}\n.avia-image-container.av-lkx58iwv-19a1386080ca3274d938f80b3726a7bf .av-image-caption-overlay-center{\ncolor:#ffffff;\n}\n<\/style>\n<div  class='avia-image-container av-lkx58iwv-19a1386080ca3274d938f80b3726a7bf av-styling- avia-align-center  avia-builder-el-11  el_after_av_heading  avia-builder-el-last '   itemprop=\"image\" itemscope=\"itemscope\" itemtype=\"https:\/\/schema.org\/ImageObject\" ><div class=\"avia-image-container-inner\"><div class=\"avia-image-overlay-wrap\"><a href=\"https:\/\/familienberatung-mg.de\/tr\/calisma-alanlari\/ergen-danismanligi\/\" class='avia_image'  aria-label='ergen-danismanligi'><img decoding=\"async\" class='wp-image-433 avia-img-lazy-loading-not-433 avia_image ' src=\"https:\/\/familienberatung-mg.de\/tr\/wp-content\/uploads\/2023\/08\/ergen-danismanligi.jpg\" alt='' title='ergen-danismanligi'  height=\"321\" width=\"845\"  itemprop=\"thumbnailUrl\" srcset=\"https:\/\/familienberatung-mg.de\/tr\/wp-content\/uploads\/2023\/08\/ergen-danismanligi.jpg 845w, https:\/\/familienberatung-mg.de\/tr\/wp-content\/uploads\/2023\/08\/ergen-danismanligi-300x114.jpg 300w, https:\/\/familienberatung-mg.de\/tr\/wp-content\/uploads\/2023\/08\/ergen-danismanligi-768x292.jpg 768w, https:\/\/familienberatung-mg.de\/tr\/wp-content\/uploads\/2023\/08\/ergen-danismanligi-705x268.jpg 705w\" sizes=\"(max-width: 845px) 100vw, 845px\" \/><\/a><\/div><\/div><\/div><\/p><\/div>\n<div  class='flex_column av-1ndb4o-4f1ba33b5bbd7fd2f324ac2770a485fc av_one_third  avia-builder-el-12  el_after_av_one_third  el_before_av_one_third  flex_column_div  column-top-margin'     ><p>\n<style type=\"text\/css\" data-created_by=\"avia_inline_auto\" id=\"style-css-av-1dclsg-73a551dc23443bbb9c43912a60867fab\">\n#top .av-special-heading.av-1dclsg-73a551dc23443bbb9c43912a60867fab{\npadding-bottom:10px;\n}\nbody .av-special-heading.av-1dclsg-73a551dc23443bbb9c43912a60867fab .av-special-heading-tag .heading-char{\nfont-size:25px;\n}\n.av-special-heading.av-1dclsg-73a551dc23443bbb9c43912a60867fab .av-subheading{\nfont-size:15px;\n}\n<\/style>\n<div  class='av-special-heading av-1dclsg-73a551dc23443bbb9c43912a60867fab av-special-heading-h3  avia-builder-el-13  el_before_av_image  avia-builder-el-first  av-linked-heading'><h3 class='av-special-heading-tag'  itemprop=\"headline\"  ><a class=\"av-heading-link\" href=\"https:\/\/familienberatung-mg.de\/tr\/calisma-alanlari\/mizac-ve-kisisel-analizi\/\" >Miza\u00e7 ve Ki\u015filik Analizi<\/a><\/h3><div class=\"special-heading-border\"><div class=\"special-heading-inner-border\"><\/div><\/div><\/div><br \/>\n\n<style type=\"text\/css\" data-created_by=\"avia_inline_auto\" id=\"style-css-av-1ab0ko-7312cbf2adf0433037d3637c0c330461\">\n.avia-image-container.av-1ab0ko-7312cbf2adf0433037d3637c0c330461 img.avia_image{\nbox-shadow:none;\n}\n.avia-image-container.av-1ab0ko-7312cbf2adf0433037d3637c0c330461 .av-image-caption-overlay-center{\ncolor:#ffffff;\n}\n<\/style>\n<div  class='avia-image-container av-1ab0ko-7312cbf2adf0433037d3637c0c330461 av-styling- avia-align-center  avia-builder-el-14  el_after_av_heading  avia-builder-el-last '   itemprop=\"image\" itemscope=\"itemscope\" itemtype=\"https:\/\/schema.org\/ImageObject\" ><div class=\"avia-image-container-inner\"><div class=\"avia-image-overlay-wrap\"><a href=\"https:\/\/familienberatung-mg.de\/tr\/calisma-alanlari\/mizac-ve-kisisel-analizi\/\" class='avia_image'  aria-label='mizac-kisilik-analizi-image'><img decoding=\"async\" class='wp-image-448 avia-img-lazy-loading-not-448 avia_image ' src=\"https:\/\/familienberatung-mg.de\/tr\/wp-content\/uploads\/2023\/08\/mizac-kisilik-analizi-image.jpg\" alt='' title='mizac-kisilik-analizi-image'  height=\"321\" width=\"845\"  itemprop=\"thumbnailUrl\" srcset=\"https:\/\/familienberatung-mg.de\/tr\/wp-content\/uploads\/2023\/08\/mizac-kisilik-analizi-image.jpg 845w, https:\/\/familienberatung-mg.de\/tr\/wp-content\/uploads\/2023\/08\/mizac-kisilik-analizi-image-300x114.jpg 300w, https:\/\/familienberatung-mg.de\/tr\/wp-content\/uploads\/2023\/08\/mizac-kisilik-analizi-image-768x292.jpg 768w, https:\/\/familienberatung-mg.de\/tr\/wp-content\/uploads\/2023\/08\/mizac-kisilik-analizi-image-705x268.jpg 705w\" sizes=\"(max-width: 845px) 100vw, 845px\" \/><\/a><\/div><\/div><\/div><\/p><\/div>\n<div  class='flex_column av-8k2i8-156799118171f4b4dd8d4510a3c17683 av_one_third  avia-builder-el-15  el_after_av_one_third  el_before_av_one_third  flex_column_div  column-top-margin'     ><p>\n<style type=\"text\/css\" data-created_by=\"avia_inline_auto\" id=\"style-css-av-ll0stiza-570701a2636cda2b99dbf69b2a5e37a2\">\n#top .av-special-heading.av-ll0stiza-570701a2636cda2b99dbf69b2a5e37a2{\npadding-bottom:10px;\n}\nbody .av-special-heading.av-ll0stiza-570701a2636cda2b99dbf69b2a5e37a2 .av-special-heading-tag .heading-char{\nfont-size:25px;\n}\n.av-special-heading.av-ll0stiza-570701a2636cda2b99dbf69b2a5e37a2 .av-subheading{\nfont-size:15px;\n}\n<\/style>\n<div  class='av-special-heading av-ll0stiza-570701a2636cda2b99dbf69b2a5e37a2 av-special-heading-h3  avia-builder-el-16  el_before_av_image  avia-builder-el-first  av-linked-heading'><h3 class='av-special-heading-tag'  itemprop=\"headline\"  ><a class=\"av-heading-link\" href=\"https:\/\/familienberatung-mg.de\/tr\/calisma-alanlari\/online-danismanlik\/\" >Online Dan\u0131\u015fmanl\u0131k<\/a><\/h3><div class=\"special-heading-border\"><div class=\"special-heading-inner-border\"><\/div><\/div><\/div><br \/>\n\n<style type=\"text\/css\" data-created_by=\"avia_inline_auto\" id=\"style-css-av-ll0subqp-81d0b9cd9f70d375423f152b84d66966\">\n.avia-image-container.av-ll0subqp-81d0b9cd9f70d375423f152b84d66966 img.avia_image{\nbox-shadow:none;\n}\n.avia-image-container.av-ll0subqp-81d0b9cd9f70d375423f152b84d66966 .av-image-caption-overlay-center{\ncolor:#ffffff;\n}\n<\/style>\n<div  class='avia-image-container av-ll0subqp-81d0b9cd9f70d375423f152b84d66966 av-styling- avia-align-center  avia-builder-el-17  el_after_av_heading  avia-builder-el-last '   itemprop=\"image\" itemscope=\"itemscope\" itemtype=\"https:\/\/schema.org\/ImageObject\" ><div class=\"avia-image-container-inner\"><div class=\"avia-image-overlay-wrap\"><a href=\"https:\/\/familienberatung-mg.de\/tr\/calisma-alanlari\/online-danismanlik\/\" class='avia_image'  aria-label='online-danismanlik'><img decoding=\"async\" class='wp-image-496 avia-img-lazy-loading-not-496 avia_image ' src=\"https:\/\/familienberatung-mg.de\/tr\/wp-content\/uploads\/2023\/08\/online-danismanlik.jpg\" alt='' title='online-danismanlik'  height=\"321\" width=\"845\"  itemprop=\"thumbnailUrl\" srcset=\"https:\/\/familienberatung-mg.de\/tr\/wp-content\/uploads\/2023\/08\/online-danismanlik.jpg 845w, https:\/\/familienberatung-mg.de\/tr\/wp-content\/uploads\/2023\/08\/online-danismanlik-300x114.jpg 300w, https:\/\/familienberatung-mg.de\/tr\/wp-content\/uploads\/2023\/08\/online-danismanlik-768x292.jpg 768w, https:\/\/familienberatung-mg.de\/tr\/wp-content\/uploads\/2023\/08\/online-danismanlik-705x268.jpg 705w\" sizes=\"(max-width: 845px) 100vw, 845px\" \/><\/a><\/div><\/div><\/div><\/p><\/div>\n<div  class='flex_column av-133vvc-e44a65292b1f291d27bd17b900c1c118 av_one_third  avia-builder-el-18  el_after_av_one_third  el_before_av_one_third  first flex_column_div  column-top-margin'     ><p>\n<style type=\"text\/css\" data-created_by=\"avia_inline_auto\" id=\"style-css-av-ujwog-167dcea60f20c2e411af77ec2189a4a9\">\n#top .av-special-heading.av-ujwog-167dcea60f20c2e411af77ec2189a4a9{\npadding-bottom:10px;\n}\nbody .av-special-heading.av-ujwog-167dcea60f20c2e411af77ec2189a4a9 .av-special-heading-tag .heading-char{\nfont-size:25px;\n}\n.av-special-heading.av-ujwog-167dcea60f20c2e411af77ec2189a4a9 .av-subheading{\nfont-size:15px;\n}\n<\/style>\n<div  class='av-special-heading av-ujwog-167dcea60f20c2e411af77ec2189a4a9 av-special-heading-h3  avia-builder-el-19  el_before_av_image  avia-builder-el-first  av-linked-heading'><h3 class='av-special-heading-tag'  itemprop=\"headline\"  ><a class=\"av-heading-link\" href=\"https:\/\/familienberatung-mg.de\/tr\/calisma-alanlari\/isveren-danismanlik\/\" >\u0130\u015fveren Dan\u0131\u015fmanl\u0131k<\/a><\/h3><div class=\"special-heading-border\"><div class=\"special-heading-inner-border\"><\/div><\/div><\/div><br \/>\n\n<style type=\"text\/css\" data-created_by=\"avia_inline_auto\" id=\"style-css-av-qynwg-aa35e75b1c7e4d3c5772b11dd34f1502\">\n.avia-image-container.av-qynwg-aa35e75b1c7e4d3c5772b11dd34f1502 img.avia_image{\nbox-shadow:none;\n}\n.avia-image-container.av-qynwg-aa35e75b1c7e4d3c5772b11dd34f1502 .av-image-caption-overlay-center{\ncolor:#ffffff;\n}\n<\/style>\n<div  class='avia-image-container av-qynwg-aa35e75b1c7e4d3c5772b11dd34f1502 av-styling- avia-align-center  avia-builder-el-20  el_after_av_heading  avia-builder-el-last '   itemprop=\"image\" itemscope=\"itemscope\" itemtype=\"https:\/\/schema.org\/ImageObject\" ><div class=\"avia-image-container-inner\"><div class=\"avia-image-overlay-wrap\"><a href=\"https:\/\/familienberatung-mg.de\/tr\/calisma-alanlari\/isveren-danismanlik\/\" class='avia_image'  aria-label='is-veren-danismanl\u0131k'><img decoding=\"async\" class='wp-image-394 avia-img-lazy-loading-not-394 avia_image ' src=\"https:\/\/familienberatung-mg.de\/tr\/wp-content\/uploads\/2023\/08\/is-veren-danismanlik.jpg\" alt='' title='is-veren-danismanl\u0131k'  height=\"321\" width=\"845\"  itemprop=\"thumbnailUrl\" srcset=\"https:\/\/familienberatung-mg.de\/tr\/wp-content\/uploads\/2023\/08\/is-veren-danismanlik.jpg 845w, https:\/\/familienberatung-mg.de\/tr\/wp-content\/uploads\/2023\/08\/is-veren-danismanlik-300x114.jpg 300w, https:\/\/familienberatung-mg.de\/tr\/wp-content\/uploads\/2023\/08\/is-veren-danismanlik-768x292.jpg 768w, https:\/\/familienberatung-mg.de\/tr\/wp-content\/uploads\/2023\/08\/is-veren-danismanlik-705x268.jpg 705w\" sizes=\"(max-width: 845px) 100vw, 845px\" \/><\/a><\/div><\/div><\/div><\/p><\/div>\n<div  class='flex_column av-k78s8-1c8cac221c5480eb05bcaedcb3ed4795 av_one_third  avia-builder-el-21  el_after_av_one_third  el_before_av_one_third  flex_column_div  column-top-margin'     ><p>\n<style type=\"text\/css\" data-created_by=\"avia_inline_auto\" id=\"style-css-av-fvmxk-9a81eb367464eac63e84e8595933c00e\">\n#top .av-special-heading.av-fvmxk-9a81eb367464eac63e84e8595933c00e{\npadding-bottom:10px;\n}\nbody .av-special-heading.av-fvmxk-9a81eb367464eac63e84e8595933c00e .av-special-heading-tag .heading-char{\nfont-size:25px;\n}\n.av-special-heading.av-fvmxk-9a81eb367464eac63e84e8595933c00e .av-subheading{\nfont-size:15px;\n}\n<\/style>\n<div  class='av-special-heading av-fvmxk-9a81eb367464eac63e84e8595933c00e av-special-heading-h3  avia-builder-el-22  el_before_av_image  avia-builder-el-first  av-linked-heading'><h3 class='av-special-heading-tag'  itemprop=\"headline\"  ><a class=\"av-heading-link\" href=\"https:\/\/familienberatung-mg.de\/tr\/calisma-alanlari\/isci-yonetme-ve-gelistirme-danismanligi\/\" >\u0130\u015f\u00e7i Y\u00f6n. ve Gel. Dan\u0131\u015fmanl\u0131\u011f\u0131<\/a><\/h3><div class=\"special-heading-border\"><div class=\"special-heading-inner-border\"><\/div><\/div><\/div><br \/>\n\n<style type=\"text\/css\" data-created_by=\"avia_inline_auto\" id=\"style-css-av-nr60-d3c9eb3877f75dfa99801242d439043f\">\n.avia-image-container.av-nr60-d3c9eb3877f75dfa99801242d439043f img.avia_image{\nbox-shadow:none;\n}\n.avia-image-container.av-nr60-d3c9eb3877f75dfa99801242d439043f .av-image-caption-overlay-center{\ncolor:#ffffff;\n}\n<\/style>\n<div  class='avia-image-container av-nr60-d3c9eb3877f75dfa99801242d439043f av-styling- avia-align-center  avia-builder-el-23  el_after_av_heading  avia-builder-el-last '   itemprop=\"image\" itemscope=\"itemscope\" itemtype=\"https:\/\/schema.org\/ImageObject\" ><div class=\"avia-image-container-inner\"><div class=\"avia-image-overlay-wrap\"><a href=\"https:\/\/familienberatung-mg.de\/tr\/calisma-alanlari\/isci-yonetme-ve-gelistirme-danismanligi\/\" class='avia_image'  aria-label='isci-yonetme-ve-gelistirme-danismanligi'><img decoding=\"async\" class='wp-image-396 avia-img-lazy-loading-not-396 avia_image ' src=\"https:\/\/familienberatung-mg.de\/tr\/wp-content\/uploads\/2023\/08\/isci-yonetme-ve-gelistirme-danismanligi.jpg\" alt='' title='isci-yonetme-ve-gelistirme-danismanligi'  height=\"321\" width=\"845\"  itemprop=\"thumbnailUrl\" srcset=\"https:\/\/familienberatung-mg.de\/tr\/wp-content\/uploads\/2023\/08\/isci-yonetme-ve-gelistirme-danismanligi.jpg 845w, https:\/\/familienberatung-mg.de\/tr\/wp-content\/uploads\/2023\/08\/isci-yonetme-ve-gelistirme-danismanligi-300x114.jpg 300w, https:\/\/familienberatung-mg.de\/tr\/wp-content\/uploads\/2023\/08\/isci-yonetme-ve-gelistirme-danismanligi-768x292.jpg 768w, https:\/\/familienberatung-mg.de\/tr\/wp-content\/uploads\/2023\/08\/isci-yonetme-ve-gelistirme-danismanligi-705x268.jpg 705w\" sizes=\"(max-width: 845px) 100vw, 845px\" \/><\/a><\/div><\/div><\/div><\/p><\/div>\n<div  class='flex_column av-ao4xk-4857d7fd7be5119ab7761597f38bc4be av_one_third  avia-builder-el-24  el_after_av_one_third  avia-builder-el-last  flex_column_div  column-top-margin'     ><p>\n<style type=\"text\/css\" data-created_by=\"avia_inline_auto\" id=\"style-css-av-lkxya7qm-cc342487831e3d5494a541b6c4ef5f11\">\n#top .av-special-heading.av-lkxya7qm-cc342487831e3d5494a541b6c4ef5f11{\npadding-bottom:10px;\n}\nbody .av-special-heading.av-lkxya7qm-cc342487831e3d5494a541b6c4ef5f11 .av-special-heading-tag .heading-char{\nfont-size:25px;\n}\n.av-special-heading.av-lkxya7qm-cc342487831e3d5494a541b6c4ef5f11 .av-subheading{\nfont-size:15px;\n}\n<\/style>\n<div  class='av-special-heading av-lkxya7qm-cc342487831e3d5494a541b6c4ef5f11 av-special-heading-h3  avia-builder-el-25  el_before_av_image  avia-builder-el-first  av-linked-heading'><h3 class='av-special-heading-tag'  itemprop=\"headline\"  ><a class=\"av-heading-link\" href=\"https:\/\/familienberatung-mg.de\/tr\/calisma-alanlari\/genclik-calismalari\/\" >Gen\u00e7lik \u00c7al\u0131\u015fmalar\u0131<\/a><\/h3><div class=\"special-heading-border\"><div class=\"special-heading-inner-border\"><\/div><\/div><\/div><br \/>\n\n<style type=\"text\/css\" data-created_by=\"avia_inline_auto\" id=\"style-css-av-lkxyac92-ce836177b9b332d4c155b4db559bfde5\">\n.avia-image-container.av-lkxyac92-ce836177b9b332d4c155b4db559bfde5 img.avia_image{\nbox-shadow:none;\n}\n.avia-image-container.av-lkxyac92-ce836177b9b332d4c155b4db559bfde5 .av-image-caption-overlay-center{\ncolor:#ffffff;\n}\n<\/style>\n<div  class='avia-image-container av-lkxyac92-ce836177b9b332d4c155b4db559bfde5 av-styling- avia-align-center  avia-builder-el-26  el_after_av_heading  avia-builder-el-last '   itemprop=\"image\" itemscope=\"itemscope\" itemtype=\"https:\/\/schema.org\/ImageObject\" ><div class=\"avia-image-container-inner\"><div class=\"avia-image-overlay-wrap\"><a href=\"https:\/\/familienberatung-mg.de\/tr\/calisma-alanlari\/genclik-calismalari\/\" class='avia_image'  aria-label='genclik-calismalari'><img decoding=\"async\" class='wp-image-450 avia-img-lazy-loading-not-450 avia_image ' src=\"https:\/\/familienberatung-mg.de\/tr\/wp-content\/uploads\/2023\/08\/genclik-calismalari.jpg\" alt='' title='genclik-calismalari'  height=\"321\" width=\"845\"  itemprop=\"thumbnailUrl\" srcset=\"https:\/\/familienberatung-mg.de\/tr\/wp-content\/uploads\/2023\/08\/genclik-calismalari.jpg 845w, https:\/\/familienberatung-mg.de\/tr\/wp-content\/uploads\/2023\/08\/genclik-calismalari-300x114.jpg 300w, https:\/\/familienberatung-mg.de\/tr\/wp-content\/uploads\/2023\/08\/genclik-calismalari-768x292.jpg 768w, https:\/\/familienberatung-mg.de\/tr\/wp-content\/uploads\/2023\/08\/genclik-calismalari-705x268.jpg 705w\" sizes=\"(max-width: 845px) 100vw, 845px\" \/><\/a><\/div><\/div><\/div><\/p><\/div>\n","protected":false},"excerpt":{"rendered":"","protected":false},"author":1,"featured_media":0,"parent":0,"menu_order":0,"comment_status":"closed","ping_status":"closed","template":"","meta":{"_joinchat":[],"footnotes":""},"class_list":["post-296","page","type-page","status-publish","hentry"],"_links":{"self":[{"href":"https:\/\/familienberatung-mg.de\/tr\/wp-json\/wp\/v2\/pages\/296","targetHints":{"allow":["GET"]}}],"collection":[{"href":"https:\/\/familienberatung-mg.de\/tr\/wp-json\/wp\/v2\/pages"}],"about":[{"href":"https:\/\/familienberatung-mg.de\/tr\/wp-json\/wp\/v2\/types\/page"}],"author":[{"embeddable":true,"href":"https:\/\/familienberatung-mg.de\/tr\/wp-json\/wp\/v2\/users\/1"}],"replies":[{"embeddable":true,"href":"https:\/\/familienberatung-mg.de\/tr\/wp-json\/wp\/v2\/comments?post=296"}],"version-history":[{"count":1,"href":"https:\/\/familienberatung-mg.de\/tr\/wp-json\/wp\/v2\/pages\/296\/revisions"}],"predecessor-version":[{"id":673,"href":"https:\/\/familienberatung-mg.de\/tr\/wp-json\/wp\/v2\/pages\/296\/revisions\/673"}],"wp:attachment":[{"href":"https:\/\/familienberatung-mg.de\/tr\/wp-json\/wp\/v2\/media?parent=296"}],"curies":[{"name":"wp","href":"https:\/\/api.w.org\/{rel}","templated":true}]}}